{"id":11753,"date":"2025-04-07T18:03:38","date_gmt":"2025-04-07T10:03:38","guid":{"rendered":"https:\/\/aolait.com\/?post_type=product&#038;p=11753"},"modified":"2025-10-22T17:37:22","modified_gmt":"2025-10-22T09:37:22","slug":"150w-led-beam-wash-fresnel","status":"publish","type":"product","link":"https:\/\/aolait.com\/de\/produkt\/150w-led-beam-wash-fresnel\/","title":{"rendered":"150W LED Beam Wash Fresnel Moving Head"},"content":{"rendered":"","protected":false},"excerpt":{"rendered":"<p>AL150CZ ist ein leistungsstarker 150W LED Beam Wash Fresnel Moving Head mit RGBL-LED-Quelle und 24 RGB-Ring-LEDs. Entwickelt f\u00fcr kraftvolle Washes und pr\u00e4zise Strahlformung, perfekt f\u00fcr B\u00fchne, Konzert und Studio.<\/p>\n<div style=\"width: 640px;\" class=\"wp-video\"><video class=\"wp-video-shortcode\" id=\"video-11753-1\" width=\"640\" height=\"368\" preload=\"metadata\" controls=\"controls\"><source type=\"video\/mp4\" src=\"https:\/\/aolait.com\/wp-content\/uploads\/2025\/04\/e9d314231096c510a81be418a49b3e54.mp4?_=1\" \/><a href=\"https:\/\/aolait.com\/wp-content\/uploads\/2025\/04\/e9d314231096c510a81be418a49b3e54.mp4\">https:\/\/aolait.com\/wp-content\/uploads\/2025\/04\/e9d314231096c510a81be418a49b3e54.mp4<\/a><\/video><\/div>","protected":false},"featured_media":13439,"comment_status":"open","ping_status":"closed","template":"","meta":{"_acf_changed":false,"_seopress_robots_primary_cat":"none","_seopress_titles_title":"150W LED Beam Wash Fresnel Moving Head | RGBL + Ring Frost | Aolait","_seopress_titles_desc":"Discover the AL150CZ 150W LED Beam Wash Fresnel Moving Head with RGBL LED and ring frost effect. Featuring 4\u00b0\u201348\u00b0 zoom, fast pan\/tilt, and DMX 5-pin control. Ideal for stage, event, and theater lighting.","_seopress_robots_index":""},"product_brand":[],"product_cat":[85,28,403],"product_tag":[330,328,331,329,79],"class_list":{"0":"post-11753","1":"product","2":"type-product","3":"status-publish","4":"has-post-thumbnail","6":"product_cat-led-beam-moving-head","7":"product_cat-led-wash-moving-head","8":"product_cat-product","9":"product_tag-150w-led-beam-wash","10":"product_tag-led-fresnel-light","11":"product_tag-rgbl-moving-head","12":"product_tag-ring-frost-light","13":"product_tag-stage-lighting","15":"first","16":"instock","17":"shipping-taxable","18":"product-type-simple"},"acf":[],"_links":{"self":[{"href":"https:\/\/aolait.com\/de\/wp-json\/wp\/v2\/product\/11753","targetHints":{"allow":["GET"]}}],"collection":[{"href":"https:\/\/aolait.com\/de\/wp-json\/wp\/v2\/product"}],"about":[{"href":"https:\/\/aolait.com\/de\/wp-json\/wp\/v2\/types\/product"}],"replies":[{"embeddable":true,"href":"https:\/\/aolait.com\/de\/wp-json\/wp\/v2\/comments?post=11753"}],"wp:featuredmedia":[{"embeddable":true,"href":"https:\/\/aolait.com\/de\/wp-json\/wp\/v2\/media\/13439"}],"wp:attachment":[{"href":"https:\/\/aolait.com\/de\/wp-json\/wp\/v2\/media?parent=11753"}],"wp:term":[{"taxonomy":"product_brand","embeddable":true,"href":"https:\/\/aolait.com\/de\/wp-json\/wp\/v2\/product_brand?post=11753"},{"taxonomy":"product_cat","embeddable":true,"href":"https:\/\/aolait.com\/de\/wp-json\/wp\/v2\/product_cat?post=11753"},{"taxonomy":"product_tag","embeddable":true,"href":"https:\/\/aolait.com\/de\/wp-json\/wp\/v2\/product_tag?post=11753"}],"curies":[{"name":"wp","href":"https:\/\/api.w.org\/{rel}","templated":true}]}}