{"id":12478,"date":"2025-05-12T09:49:13","date_gmt":"2025-05-12T01:49:13","guid":{"rendered":"https:\/\/aolait.com\/?post_type=product&#038;p=12478"},"modified":"2025-10-21T19:03:56","modified_gmt":"2025-10-21T11:03:56","slug":"6x20w-led-battery-par-light-waterproof","status":"publish","type":"product","link":"https:\/\/aolait.com\/de\/produkt\/7x20w-led-batterie-par-licht-wasserdicht\/","title":{"rendered":"6x20W Led Battery Par Light Waterproof"},"content":{"rendered":"<p>Led Source: 6x20W RGBWA+UV<\/p>\n\n\n\n<p>Zoom-Winkel: 45\u00b0<\/p>\n\n\n\n<p>IP65<\/p>\n\n\n\n<p>Abmessungen: 14,3\u00d72,6\u00d719,5cm NW\uff1a4,1kg<\/p>\n\n\n\n<p><\/p>","protected":false},"excerpt":{"rendered":"<p>Regensichere Brillanz! Der 7x20W wasserdichte LED PAR Scheinwerfer liefert eine leistungsstarke, batteriebetriebene Beleuchtung f\u00fcr Veranstaltungen im Freien, DJ-Sets und B\u00fchnen. Schutzart IP65 - perfekt f\u00fcr jedes Wetter!<\/p>","protected":false},"featured_media":13125,"comment_status":"open","ping_status":"closed","template":"","meta":{"_acf_changed":false,"_seopress_robots_primary_cat":"none","_seopress_titles_title":"6x20W Led Battery Par Light Waterproof","_seopress_titles_desc":"Rain-ready brilliance! The 6x20W waterproof LED PAR light delivers powerful, battery-powered illumination for outdoor events, DJ sets & stages. IP65 rated - perfect for any weather!","_seopress_robots_index":""},"product_brand":[],"product_cat":[35,403],"product_tag":[],"class_list":{"0":"post-12478","1":"product","2":"type-product","3":"status-publish","4":"has-post-thumbnail","6":"product_cat-led-par-light","7":"product_cat-product","9":"first","10":"instock","11":"shipping-taxable","12":"product-type-simple"},"acf":[],"_links":{"self":[{"href":"https:\/\/aolait.com\/de\/wp-json\/wp\/v2\/product\/12478","targetHints":{"allow":["GET"]}}],"collection":[{"href":"https:\/\/aolait.com\/de\/wp-json\/wp\/v2\/product"}],"about":[{"href":"https:\/\/aolait.com\/de\/wp-json\/wp\/v2\/types\/product"}],"replies":[{"embeddable":true,"href":"https:\/\/aolait.com\/de\/wp-json\/wp\/v2\/comments?post=12478"}],"wp:featuredmedia":[{"embeddable":true,"href":"https:\/\/aolait.com\/de\/wp-json\/wp\/v2\/media\/13125"}],"wp:attachment":[{"href":"https:\/\/aolait.com\/de\/wp-json\/wp\/v2\/media?parent=12478"}],"wp:term":[{"taxonomy":"product_brand","embeddable":true,"href":"https:\/\/aolait.com\/de\/wp-json\/wp\/v2\/product_brand?post=12478"},{"taxonomy":"product_cat","embeddable":true,"href":"https:\/\/aolait.com\/de\/wp-json\/wp\/v2\/product_cat?post=12478"},{"taxonomy":"product_tag","embeddable":true,"href":"https:\/\/aolait.com\/de\/wp-json\/wp\/v2\/product_tag?post=12478"}],"curies":[{"name":"wp","href":"https:\/\/api.w.org\/{rel}","templated":true}]}}