{"id":1258,"date":"2020-11-05T11:36:24","date_gmt":"2020-11-05T03:36:24","guid":{"rendered":"https:\/\/aolait.com\/?post_type=product&#038;p=1258"},"modified":"2025-10-21T19:04:00","modified_gmt":"2025-10-21T11:04:00","slug":"24x12w-led-par-indoor","status":"publish","type":"product","link":"https:\/\/aolait.com\/de\/produkt\/24x12w-led-par-innen\/","title":{"rendered":"24x12W Led Par Innen"},"content":{"rendered":"<p>Spannung: AC100-240V 50\/60Hz<\/p>\n<p>Leistung: 200W<\/p>\n<p>Lichtquelle: 24PCS 10W LED RGBW 4-in-1(Optional 5 in 1\/ 6 in 1)<\/p>\n<p>Lebenserwartung: 6000-10000 Stunden<\/p>\n<p>Farbe: RGBW gemischt (RGBWA oder RGBWA+UV) optional<\/p>\n<p>Abstrahlwinkel: 40\u00b0<\/p>\n<p>Steuerungsmodus: Standard DMX 512\/Master-Salve\/Automatik<\/p>\n<p>K\u00fchlung: L\u00fcfter-K\u00fchlung<\/p>\n<p>Thermischer Schutz<\/p>\n<p>Material: Aluminiumlegierung<\/p>\n<p>Anschl\u00fcsse: 3-Pin XLR<\/p>\n<p>Arbeitstemperatur:-20\u2103-40\u2103<\/p>\n<p>Merkmale: Hohe Helligkeit, lange Lebensdauer der Lichtquelle, hohe Sicherheitsleistung<\/p>\n<p>IP-Grad: IP20<\/p>\n<p>Gr\u00f6\u00dfe: 330*300*240 mm<\/p>\n<p>Nettogewicht: 3,5 KG<\/p>\n<p><iframe src=\"https:\/\/www.youtube.com\/embed\/FT6AiBgAbI0\" width=\"560\" height=\"315\" frameborder=\"0\" allowfullscreen=\"allowfullscreen\"><\/iframe><\/p>","protected":false},"excerpt":{"rendered":"<p>AL1024P Dies ist eine LED-Parleuchte f\u00fcr den Innenbereich mit einem leichten Geh\u00e4use.<\/p>\n<p>Geeignet f\u00fcr alle Indoor-Shows, Bars, Clubs, etc.<\/p>\n<p>4IN1 RGBW, 5IN1 RGBWA, 6IN1 RGBWA+UV optional<\/p>","protected":false},"featured_media":11965,"comment_status":"open","ping_status":"closed","template":"","meta":{"_acf_changed":false,"_seopress_robots_primary_cat":"none","_seopress_titles_title":"","_seopress_titles_desc":"","_seopress_robots_index":""},"product_brand":[],"product_cat":[35,403],"product_tag":[125,76,128,122],"class_list":{"0":"post-1258","1":"product","2":"type-product","3":"status-publish","4":"has-post-thumbnail","6":"product_cat-led-par-light","7":"product_cat-product","8":"product_tag-24x12w-15w-18w-led-par","9":"product_tag-disco-lighting","10":"product_tag-led-par-indoor","11":"product_tag-rgbw-led-par","13":"first","14":"instock","15":"shipping-taxable","16":"product-type-simple"},"acf":[],"_links":{"self":[{"href":"https:\/\/aolait.com\/de\/wp-json\/wp\/v2\/product\/1258","targetHints":{"allow":["GET"]}}],"collection":[{"href":"https:\/\/aolait.com\/de\/wp-json\/wp\/v2\/product"}],"about":[{"href":"https:\/\/aolait.com\/de\/wp-json\/wp\/v2\/types\/product"}],"replies":[{"embeddable":true,"href":"https:\/\/aolait.com\/de\/wp-json\/wp\/v2\/comments?post=1258"}],"wp:featuredmedia":[{"embeddable":true,"href":"https:\/\/aolait.com\/de\/wp-json\/wp\/v2\/media\/11965"}],"wp:attachment":[{"href":"https:\/\/aolait.com\/de\/wp-json\/wp\/v2\/media?parent=1258"}],"wp:term":[{"taxonomy":"product_brand","embeddable":true,"href":"https:\/\/aolait.com\/de\/wp-json\/wp\/v2\/product_brand?post=1258"},{"taxonomy":"product_cat","embeddable":true,"href":"https:\/\/aolait.com\/de\/wp-json\/wp\/v2\/product_cat?post=1258"},{"taxonomy":"product_tag","embeddable":true,"href":"https:\/\/aolait.com\/de\/wp-json\/wp\/v2\/product_tag?post=1258"}],"curies":[{"name":"wp","href":"https:\/\/api.w.org\/{rel}","templated":true}]}}