{"id":12581,"date":"2025-05-20T09:52:31","date_gmt":"2025-05-20T01:52:31","guid":{"rendered":"https:\/\/aolait.com\/?post_type=product&#038;p=12581"},"modified":"2025-10-21T19:03:56","modified_gmt":"2025-10-21T11:03:56","slug":"5x60w-led-washstrobe-double-sided","status":"publish","type":"product","link":"https:\/\/aolait.com\/de\/produkt\/5x60w-led-washstrobe-doppelseitig\/","title":{"rendered":"5x60W Led Wash+Strobe Doppelseitig"},"content":{"rendered":"<p>Spannung:AC100-240V, 50-60Hz<\/p>\n\n\n\n<p>Led-Quelle: Vorderseite: 5pcs 60w RGBW 4 in1+<br>                   R\u00fcckseite: 42 St\u00fcck 3W 3535 White LED +<br>                   84 St\u00fcck 0,3 W 5050 RGB 3in1 LED<\/p>\n\n\n\n<p>Zoom-Winkel: 2,8\u00b0-50\u00b0<\/p>\n\n\n\n<p>Bewegung: Pan&amp;Tilt stufenlose Drehung<\/p>\n\n\n\n<p>DMX-Kanal: 24\/29\/105CH<\/p>\n\n\n\n<p>Effekt: 5 LEDs k\u00f6nnen individuell gesteuert werden<\/p>\n\n\n\n<p>Blitzlicht: 18 Zonen k\u00f6nnen individuell gesteuert werden<\/p>\n\n\n\n<p>Gr\u00f6\u00dfe: 506x215x386mm\/15kgs<\/p>","protected":false},"excerpt":{"rendered":"<p>5x60W LED Wash + Strobe mit beidseitigem Design liefert leistungsstarke 360\u00b0 Beleuchtung - ideal f\u00fcr B\u00fchnen, Clubs und Veranstaltungen. Mit leuchtenden Farbwashes, intensiven Strobes und DMX-Steuerung f\u00fcr professionelle Auftritte. Energieeffizient und vielseitig!<\/p>","protected":false},"featured_media":12583,"comment_status":"open","ping_status":"closed","template":"","meta":{"_acf_changed":true,"_seopress_robots_primary_cat":"none","_seopress_titles_title":"5x60W Led Wash+Strobe Double sided","_seopress_titles_desc":"5x60W LED Wash + Strobe with dual-sided design delivers powerful 360\u00b0 lighting\u2014ideal for stages, clubs, and events. Features vibrant color washes, intense strobes, and DMX control for professional performances. Energy-efficient & versatile!","_seopress_robots_index":""},"product_brand":[],"product_cat":[28,403],"product_tag":[],"class_list":{"0":"post-12581","1":"product","2":"type-product","3":"status-publish","4":"has-post-thumbnail","6":"product_cat-led-wash-moving-head","7":"product_cat-product","9":"first","10":"instock","11":"shipping-taxable","12":"product-type-simple"},"acf":[],"_links":{"self":[{"href":"https:\/\/aolait.com\/de\/wp-json\/wp\/v2\/product\/12581","targetHints":{"allow":["GET"]}}],"collection":[{"href":"https:\/\/aolait.com\/de\/wp-json\/wp\/v2\/product"}],"about":[{"href":"https:\/\/aolait.com\/de\/wp-json\/wp\/v2\/types\/product"}],"replies":[{"embeddable":true,"href":"https:\/\/aolait.com\/de\/wp-json\/wp\/v2\/comments?post=12581"}],"wp:featuredmedia":[{"embeddable":true,"href":"https:\/\/aolait.com\/de\/wp-json\/wp\/v2\/media\/12583"}],"wp:attachment":[{"href":"https:\/\/aolait.com\/de\/wp-json\/wp\/v2\/media?parent=12581"}],"wp:term":[{"taxonomy":"product_brand","embeddable":true,"href":"https:\/\/aolait.com\/de\/wp-json\/wp\/v2\/product_brand?post=12581"},{"taxonomy":"product_cat","embeddable":true,"href":"https:\/\/aolait.com\/de\/wp-json\/wp\/v2\/product_cat?post=12581"},{"taxonomy":"product_tag","embeddable":true,"href":"https:\/\/aolait.com\/de\/wp-json\/wp\/v2\/product_tag?post=12581"}],"curies":[{"name":"wp","href":"https:\/\/api.w.org\/{rel}","templated":true}]}}