{"id":12633,"date":"2025-05-26T00:30:18","date_gmt":"2025-05-25T16:30:18","guid":{"rendered":"https:\/\/aolait.com\/?post_type=product&#038;p=12633"},"modified":"2025-10-21T19:03:56","modified_gmt":"2025-10-21T11:03:56","slug":"18x15w-led-wall-washer-ip65-pixel","status":"publish","type":"product","link":"https:\/\/aolait.com\/de\/produkt\/18x15w-led-wandfluter-ip65-pixel\/","title":{"rendered":"18x15W Led Wandfluter IP65 Pixel"},"content":{"rendered":"<p>Led-Quelle: 18x15W RGBW4 in 1<\/p>\n\n\n\n<p>Winkel: 25\u00b0\uff0815\u00b0\uff0c45\u00b0optional\uff09<\/p>\n\n\n\n<p>DMX-Kanal: 9\/23\/72CH<\/p>\n\n\n\n<p>Merkmal: Pixel\/Wash<\/p>\n\n\n\n<p>IP65 Wasserdicht<\/p>\n\n\n\n<p>Gr\u00f6\u00dfe: 101,5\u00d710\u00d710,5cm\/7,8kgs<\/p>\n\n\n\n<p><\/p>","protected":false},"excerpt":{"rendered":"<p>18x15W RGBW LED Wall Washer IP65 - Pixelgesteuerte wasserdichte Beleuchtung mit breitem Abstrahlwinkel. Ideal f\u00fcr Architektur-, B\u00fchnen- und Au\u00dfenanwendungen mit DMX\/RDM-Steuerung.<\/p>","protected":false},"featured_media":13063,"comment_status":"open","ping_status":"closed","template":"","meta":{"_acf_changed":false,"_seopress_robots_primary_cat":"none","_seopress_titles_title":"18x15W Led Wall Washer IP65 Pixel","_seopress_titles_desc":"18x15W RGBW LED Wall Washer IP65 - Pixel-controlled waterproof lighting with wide beam angle. Ideal for architectural, stage and outdoor applications with DMX\/RDM control.","_seopress_robots_index":""},"product_brand":[],"product_cat":[266,403],"product_tag":[178,174,177,79],"class_list":{"0":"post-12633","1":"product","2":"type-product","3":"status-publish","4":"has-post-thumbnail","6":"product_cat-led-bar-light","7":"product_cat-product","8":"product_tag-art-net-led-bar-light","9":"product_tag-led-bar-light","10":"product_tag-led-bar-light-pixel-controlled","11":"product_tag-stage-lighting","13":"first","14":"instock","15":"shipping-taxable","16":"product-type-simple"},"acf":[],"_links":{"self":[{"href":"https:\/\/aolait.com\/de\/wp-json\/wp\/v2\/product\/12633","targetHints":{"allow":["GET"]}}],"collection":[{"href":"https:\/\/aolait.com\/de\/wp-json\/wp\/v2\/product"}],"about":[{"href":"https:\/\/aolait.com\/de\/wp-json\/wp\/v2\/types\/product"}],"replies":[{"embeddable":true,"href":"https:\/\/aolait.com\/de\/wp-json\/wp\/v2\/comments?post=12633"}],"wp:featuredmedia":[{"embeddable":true,"href":"https:\/\/aolait.com\/de\/wp-json\/wp\/v2\/media\/13063"}],"wp:attachment":[{"href":"https:\/\/aolait.com\/de\/wp-json\/wp\/v2\/media?parent=12633"}],"wp:term":[{"taxonomy":"product_brand","embeddable":true,"href":"https:\/\/aolait.com\/de\/wp-json\/wp\/v2\/product_brand?post=12633"},{"taxonomy":"product_cat","embeddable":true,"href":"https:\/\/aolait.com\/de\/wp-json\/wp\/v2\/product_cat?post=12633"},{"taxonomy":"product_tag","embeddable":true,"href":"https:\/\/aolait.com\/de\/wp-json\/wp\/v2\/product_tag?post=12633"}],"curies":[{"name":"wp","href":"https:\/\/api.w.org\/{rel}","templated":true}]}}