{"id":12679,"date":"2025-06-11T16:24:56","date_gmt":"2025-06-11T08:24:56","guid":{"rendered":"https:\/\/aolait.com\/?post_type=product&#038;p=12679"},"modified":"2026-03-27T16:07:14","modified_gmt":"2026-03-27T08:07:14","slug":"400w-led-strobe","status":"publish","type":"product","link":"https:\/\/aolait.com\/de\/produkt\/400w-led-blitzlicht\/","title":{"rendered":"400W Led-Blitzlicht"},"content":{"rendered":"<p><iframe title=\"AL2065SB-Flasher 400\" width=\"800\" height=\"450\" src=\"https:\/\/www.youtube.com\/embed\/kWttLvpCHG0?feature=oembed\" frameborder=\"0\" allow=\"accelerometer; autoplay; clipboard-write; encrypted-media; gyroscope; picture-in-picture; web-share\" referrerpolicy=\"strict-origin-when-cross-origin\" allowfullscreen><\/iframe><\/p>\r\n<p>Led Quelle: 256pcs 3030 wei\u00df1W, 864pcs 5050 RGB 0.2W<\/p>\r\n\r\n\r\n\r\n<p>DMX-Kanal: 4\/17\/145CH<\/p>\r\n\r\n\r\n\r\n<p>Segment: 96 Segmente f\u00fcr RGB+32 Segmente f\u00fcr wei\u00dfe R\u00f6hren.<\/p>\r\n\r\n\r\n\r\n<p>Merkmal:Wash+Strobe<\/p>\r\n\r\n\r\n\r\n<p>Gr\u00f6\u00dfe:390x<em>200<\/em>x180mm\/4kgs<\/p>\r\n\r\n\r\n\r\n<p>&nbsp;<\/p>","protected":false},"excerpt":{"rendered":"<p>AL2065SB is a 400W LED strobe light with RGB LEDs, white strobe LEDs, wide beam angle, powerful flash effects, and multi-channel control for professional stage lighting.<\/p>","protected":false},"featured_media":14386,"comment_status":"open","ping_status":"closed","template":"","meta":{"_acf_changed":true,"_seopress_robots_primary_cat":"none","_seopress_titles_title":"400W Led Strobe","_seopress_titles_desc":"AL2065SB is  a 400W LED strobe light with RGB LEDs, white strobe LEDs, wide beam angle, powerful flash effects, and multi-channel control for professional stage lighting.","_seopress_robots_index":""},"product_brand":[],"product_cat":[267,403],"product_tag":[79],"class_list":{"0":"post-12679","1":"product","2":"type-product","3":"status-publish","4":"has-post-thumbnail","6":"product_cat-led-strobe-light","7":"product_cat-product","8":"product_tag-stage-lighting","10":"first","11":"instock","12":"shipping-taxable","13":"product-type-simple"},"acf":[],"_links":{"self":[{"href":"https:\/\/aolait.com\/de\/wp-json\/wp\/v2\/product\/12679","targetHints":{"allow":["GET"]}}],"collection":[{"href":"https:\/\/aolait.com\/de\/wp-json\/wp\/v2\/product"}],"about":[{"href":"https:\/\/aolait.com\/de\/wp-json\/wp\/v2\/types\/product"}],"replies":[{"embeddable":true,"href":"https:\/\/aolait.com\/de\/wp-json\/wp\/v2\/comments?post=12679"}],"wp:featuredmedia":[{"embeddable":true,"href":"https:\/\/aolait.com\/de\/wp-json\/wp\/v2\/media\/14386"}],"wp:attachment":[{"href":"https:\/\/aolait.com\/de\/wp-json\/wp\/v2\/media?parent=12679"}],"wp:term":[{"taxonomy":"product_brand","embeddable":true,"href":"https:\/\/aolait.com\/de\/wp-json\/wp\/v2\/product_brand?post=12679"},{"taxonomy":"product_cat","embeddable":true,"href":"https:\/\/aolait.com\/de\/wp-json\/wp\/v2\/product_cat?post=12679"},{"taxonomy":"product_tag","embeddable":true,"href":"https:\/\/aolait.com\/de\/wp-json\/wp\/v2\/product_tag?post=12679"}],"curies":[{"name":"wp","href":"https:\/\/api.w.org\/{rel}","templated":true}]}}