{"id":1320,"date":"2020-11-05T14:31:58","date_gmt":"2020-11-05T06:31:58","guid":{"rendered":"https:\/\/aolait.com\/?post_type=product&#038;p=1320"},"modified":"2025-10-21T19:03:59","modified_gmt":"2025-10-21T11:03:59","slug":"18x18w-led-par-indoor","status":"publish","type":"product","link":"https:\/\/aolait.com\/de\/produkt\/18x18w-led-par-innen\/","title":{"rendered":"18x18W Led Par Innen"},"content":{"rendered":"<p>Spannung: AC100-240V 50\/60Hz<\/p>\n<p>Leistung: 200W<\/p>\n<p>Lichtquelle: 18PCS 12W LED RGBW 4-in-1(Optional 5 in 1\/ 6 in 1)<\/p>\n<p>Lebenserwartung: 6000-10000 Stunden<\/p>\n<p>Farbe: RGBW gemischt (RGBWA oder RGBWA+UV) optional mit einer Vielzahl von brillanten Farben<\/p>\n<p>Stroboskop: Einstellbare Stroboskopgeschwindigkeit<\/p>\n<p>Steuerungsmodus: Standard DMX 512\/Master-Salve\/Automatik<\/p>\n<p>DMX-Kanal: 8 Kan\u00e4le<\/p>\n<p>K\u00fchlung: L\u00fcfter-K\u00fchlung<\/p>\n<p>Thermischer Schutz<\/p>\n<p>Material: Aluminiumlegierung<\/p>\n<p>Arbeitstemperatur:-20\u2103-40\u2103<\/p>\n<p>Merkmale: Hohe Helligkeit, lange Lebensdauer der Lichtquelle, hohe Sicherheitsleistung<\/p>\n<p>IP-Grad: IP20<\/p>\n<p>Gr\u00f6\u00dfe: 330*300*240 mm<\/p>\n<p>Nettogewicht: 3,5 KG<\/p>\n<p><iframe src=\"https:\/\/www.youtube.com\/embed\/nUkB4ZY7Gcs\" width=\"560\" height=\"315\" frameborder=\"0\" allowfullscreen=\"allowfullscreen\"><\/iframe><\/p>","protected":false},"excerpt":{"rendered":"<p>AL1018P eine LED-Parleuchte f\u00fcr Innenr\u00e4ume mit leichtem Geh\u00e4use, flackerfrei<\/p>\n<p>Ausgezeichnete unendliche Farbmischung 12W(RGBW), 15W(RGBWA), 18W(RGBWA+UV) ist optional.<\/p>\n<p>&nbsp;<\/p>","protected":false},"featured_media":11971,"comment_status":"open","ping_status":"closed","template":"","meta":{"_acf_changed":false,"_seopress_robots_primary_cat":"none","_seopress_titles_title":"","_seopress_titles_desc":"","_seopress_robots_index":""},"product_brand":[],"product_cat":[35,403],"product_tag":[127,128,122,130],"class_list":{"0":"post-1320","1":"product","2":"type-product","3":"status-publish","4":"has-post-thumbnail","6":"product_cat-led-par-light","7":"product_cat-product","8":"product_tag-18x12w-15w-18w-led-par","9":"product_tag-led-par-indoor","10":"product_tag-rgbw-led-par","11":"product_tag-super-brightness-led-par","13":"first","14":"instock","15":"shipping-taxable","16":"product-type-simple"},"acf":[],"_links":{"self":[{"href":"https:\/\/aolait.com\/de\/wp-json\/wp\/v2\/product\/1320","targetHints":{"allow":["GET"]}}],"collection":[{"href":"https:\/\/aolait.com\/de\/wp-json\/wp\/v2\/product"}],"about":[{"href":"https:\/\/aolait.com\/de\/wp-json\/wp\/v2\/types\/product"}],"replies":[{"embeddable":true,"href":"https:\/\/aolait.com\/de\/wp-json\/wp\/v2\/comments?post=1320"}],"wp:featuredmedia":[{"embeddable":true,"href":"https:\/\/aolait.com\/de\/wp-json\/wp\/v2\/media\/11971"}],"wp:attachment":[{"href":"https:\/\/aolait.com\/de\/wp-json\/wp\/v2\/media?parent=1320"}],"wp:term":[{"taxonomy":"product_brand","embeddable":true,"href":"https:\/\/aolait.com\/de\/wp-json\/wp\/v2\/product_brand?post=1320"},{"taxonomy":"product_cat","embeddable":true,"href":"https:\/\/aolait.com\/de\/wp-json\/wp\/v2\/product_cat?post=1320"},{"taxonomy":"product_tag","embeddable":true,"href":"https:\/\/aolait.com\/de\/wp-json\/wp\/v2\/product_tag?post=1320"}],"curies":[{"name":"wp","href":"https:\/\/api.w.org\/{rel}","templated":true}]}}