{"id":1374,"date":"2020-11-05T16:39:48","date_gmt":"2020-11-05T08:39:48","guid":{"rendered":"https:\/\/aolait.com\/?post_type=product&#038;p=1374"},"modified":"2025-10-21T19:03:59","modified_gmt":"2025-10-21T11:03:59","slug":"18x12w-led-slim-par-indoor","status":"publish","type":"product","link":"https:\/\/aolait.com\/de\/produkt\/18x12w-led-slim-par-innen\/","title":{"rendered":"18x12W Led Slim Par Innen"},"content":{"rendered":"<p>Spannung: AC100-240V 50\/60Hz<\/p>\n<p>Leistung: 150W<\/p>\n<p>Lichtquelle: 18PCS 12W LED RGBW 4-in-1(Optional 5 in 1\/ 6 in 1)<\/p>\n<p>Lebenserwartung: 6000-10000 Stunden<\/p>\n<p>Stroboskop: Wirkung der einzelnen Stroboskoparten<\/p>\n<p>Dimmer: 0-100% stufenlose Dimmfunktion<\/p>\n<p>Steuerungsmodelle: Standard DMX 512\/Master-Salve\/Ton<\/p>\n<p>DMX-Kanal: 4\/8 Kan\u00e4le<\/p>\n<p>K\u00fchlung: L\u00fcfter-K\u00fchlung<\/p>\n<p>Material: Aluminiumlegierung<\/p>\n<p>IP-Grad: IP20<\/p>\n<p>Gr\u00f6\u00dfe: 278*271*123 mm<\/p>\n<p>Nettogewicht: 2,5 KG<\/p>\n<p><iframe src=\"https:\/\/www.youtube.com\/embed\/g3uQXxcCCEw\" width=\"560\" height=\"315\" frameborder=\"0\" allowfullscreen=\"allowfullscreen\"><\/iframe><\/p>","protected":false},"excerpt":{"rendered":"<p>AL1018S Dies ist eine neue LED-Parleuchte f\u00fcr den Innenbereich mit einem schlanken Geh\u00e4use, Master-Slave, Stand-Alone, sound-aktiv und Free-Flicker.<\/p>\n<p>Ger\u00e4uschlose W\u00e4rmeableitung, gro\u00dfes Luftvolumen und lange Lebensdauer, intelligentes W\u00e4rmeableitungsdesign, so dass die Leuchte w\u00e4hrend des Gebrauchs einen effektiven W\u00e4rmeableitungseffekt erzielen kann, sch\u00f6n und langlebig ist und die Lebensdauer der Leuchte verl\u00e4ngert.<\/p>","protected":false},"featured_media":11973,"comment_status":"open","ping_status":"closed","template":"","meta":{"_acf_changed":false,"_seopress_robots_primary_cat":"none","_seopress_titles_title":"","_seopress_titles_desc":"","_seopress_robots_index":""},"product_brand":[],"product_cat":[35,403],"product_tag":[132,133,131,122],"class_list":{"0":"post-1374","1":"product","2":"type-product","3":"status-publish","4":"has-post-thumbnail","6":"product_cat-led-par-light","7":"product_cat-product","8":"product_tag-18x12w-15w-18w-led-slim-par","9":"product_tag-led-flat-light","10":"product_tag-led-slim-par-light","11":"product_tag-rgbw-led-par","13":"first","14":"instock","15":"shipping-taxable","16":"product-type-simple"},"acf":[],"_links":{"self":[{"href":"https:\/\/aolait.com\/de\/wp-json\/wp\/v2\/product\/1374","targetHints":{"allow":["GET"]}}],"collection":[{"href":"https:\/\/aolait.com\/de\/wp-json\/wp\/v2\/product"}],"about":[{"href":"https:\/\/aolait.com\/de\/wp-json\/wp\/v2\/types\/product"}],"replies":[{"embeddable":true,"href":"https:\/\/aolait.com\/de\/wp-json\/wp\/v2\/comments?post=1374"}],"wp:featuredmedia":[{"embeddable":true,"href":"https:\/\/aolait.com\/de\/wp-json\/wp\/v2\/media\/11973"}],"wp:attachment":[{"href":"https:\/\/aolait.com\/de\/wp-json\/wp\/v2\/media?parent=1374"}],"wp:term":[{"taxonomy":"product_brand","embeddable":true,"href":"https:\/\/aolait.com\/de\/wp-json\/wp\/v2\/product_brand?post=1374"},{"taxonomy":"product_cat","embeddable":true,"href":"https:\/\/aolait.com\/de\/wp-json\/wp\/v2\/product_cat?post=1374"},{"taxonomy":"product_tag","embeddable":true,"href":"https:\/\/aolait.com\/de\/wp-json\/wp\/v2\/product_tag?post=1374"}],"curies":[{"name":"wp","href":"https:\/\/api.w.org\/{rel}","templated":true}]}}