{"id":1484,"date":"2020-11-06T10:53:33","date_gmt":"2020-11-06T02:53:33","guid":{"rendered":"https:\/\/aolait.com\/?post_type=product&#038;p=1484"},"modified":"2025-12-08T13:50:30","modified_gmt":"2025-12-08T05:50:30","slug":"54x3w-led-par-indoor","status":"publish","type":"product","link":"https:\/\/aolait.com\/de\/produkt\/54x3w-led-par-innen\/","title":{"rendered":"54x3W Led Par Innen"},"content":{"rendered":"<p>Spannung: AC90V-260V 50\/60Hz<\/p>\n<p>Leistungsaufnahme: 200W@220V<\/p>\n<p>Lichtquelle: 54X3W Led<\/p>\n<p>LED-Lebensdauer von 60-100K Stunden, geringer Stromverbrauch<\/p>\n<p>Stroboskop: 1-14\/Sek, Geschwindigkeit einstellbar<\/p>\n<p>RGB-Farbmischung\/ Warm-\/Kaltwei\u00df<\/p>\n<p>LED-Bildschirm<\/p>\n<p>Winkel\uff1a25\u2103<\/p>\n<p>Steuerung:DMX 512 8 Kan\u00e4le\/Auto Run \/Master-Slave<\/p>\n<p>Geh\u00e4use: Aluminium-Geh\u00e4use<\/p>\n<p>IP20<\/p>\n<p>Gr\u00f6\u00dfe: 330*300*240mm<\/p>\n<p>N.W.: 2,8 kg<\/p>\n<p><iframe src=\"https:\/\/www.youtube.com\/embed\/NjSRoKWOKgo\" width=\"560\" height=\"315\" frameborder=\"0\" allowfullscreen=\"allowfullscreen\"><\/iframe><\/p>","protected":false},"excerpt":{"rendered":"<p>AL354P, unendliche RGB-Farbmischung.<\/p>\n<p>Ger\u00e4uschlose W\u00e4rmeableitung, um die Lebensdauer und Stabilit\u00e4t zu gew\u00e4hrleisten; Superhelle Power-LED-Birne; Einzigartiges Beleuchtungssystem-Design, gleichm\u00e4\u00dfiger Farbfleck; Flimmerfrei<\/p>\n<p>Ger\u00e4uscharm, die beste Option f\u00fcr Stadion, TV-Station.<\/p>\n<p>&nbsp;<\/p>","protected":false},"featured_media":14084,"comment_status":"open","ping_status":"closed","template":"","meta":{"_acf_changed":true,"_seopress_robots_primary_cat":"none","_seopress_titles_title":"","_seopress_titles_desc":"","_seopress_robots_index":""},"product_brand":[],"product_cat":[35,403],"product_tag":[135,128,137],"class_list":{"0":"post-1484","1":"product","2":"type-product","3":"status-publish","4":"has-post-thumbnail","6":"product_cat-led-par-light","7":"product_cat-product","8":"product_tag-54x3w-led-par","9":"product_tag-led-par-indoor","10":"product_tag-led-par-rgb","12":"first","13":"instock","14":"shipping-taxable","15":"product-type-simple"},"acf":[],"_links":{"self":[{"href":"https:\/\/aolait.com\/de\/wp-json\/wp\/v2\/product\/1484","targetHints":{"allow":["GET"]}}],"collection":[{"href":"https:\/\/aolait.com\/de\/wp-json\/wp\/v2\/product"}],"about":[{"href":"https:\/\/aolait.com\/de\/wp-json\/wp\/v2\/types\/product"}],"replies":[{"embeddable":true,"href":"https:\/\/aolait.com\/de\/wp-json\/wp\/v2\/comments?post=1484"}],"wp:featuredmedia":[{"embeddable":true,"href":"https:\/\/aolait.com\/de\/wp-json\/wp\/v2\/media\/14084"}],"wp:attachment":[{"href":"https:\/\/aolait.com\/de\/wp-json\/wp\/v2\/media?parent=1484"}],"wp:term":[{"taxonomy":"product_brand","embeddable":true,"href":"https:\/\/aolait.com\/de\/wp-json\/wp\/v2\/product_brand?post=1484"},{"taxonomy":"product_cat","embeddable":true,"href":"https:\/\/aolait.com\/de\/wp-json\/wp\/v2\/product_cat?post=1484"},{"taxonomy":"product_tag","embeddable":true,"href":"https:\/\/aolait.com\/de\/wp-json\/wp\/v2\/product_tag?post=1484"}],"curies":[{"name":"wp","href":"https:\/\/api.w.org\/{rel}","templated":true}]}}