{"id":1512,"date":"2020-11-06T14:20:35","date_gmt":"2020-11-06T06:20:35","guid":{"rendered":"https:\/\/aolait.com\/?post_type=product&#038;p=1512"},"modified":"2025-10-21T19:03:59","modified_gmt":"2025-10-21T11:03:59","slug":"200w-300w-cob-rgbw-warm-cold-white-with-zoom","status":"publish","type":"product","link":"https:\/\/aolait.com\/de\/produkt\/200w-300w-cob-rgbw-warm-kaltweis-mit-zoom\/","title":{"rendered":"200W\/300W COB RGBW\/Warm\/Kaltwei\u00df mit Zoom"},"content":{"rendered":"<p>Spannung: AC100-230V 50-60HZ<\/p>\n<p>Nennleistung: 200W \/ 300W<\/p>\n<p>Lichtquelle: importiert 200W \/ 300W<\/p>\n<p>Optische Materialien: Linse + Reflektor<\/p>\n<p>Farbtemperatur: 3200K \/ 5600K\/RGBW 4in1<\/p>\n<p>Lebensdauer der Lampe: 50000h<\/p>\n<p>Lineares Dimmen: 0-100%<\/p>\n<p>Hochgeschwindigkeits-Stroboskop: unabh\u00e4ngiges elektronisches Stroboskop, 1-25HZ<\/p>\n<p>Zoom-Winkel: 15 \u00b0 -60 \u00b0<\/p>\n<p>Steuerung: DMX512, 3-adriges Signalkabel<\/p>\n<p>Arbeitsumgebung::-20 \u2103 -50 \u2103<\/p>\n<p>Gr\u00f6\u00dfe: 394*393*245mm<\/p>\n<p><iframe src=\"https:\/\/www.youtube.com\/embed\/3d_1N5g7KNw\" width=\"560\" height=\"315\" frameborder=\"0\" allowfullscreen=\"allowfullscreen\"><\/iframe><\/p>","protected":false},"excerpt":{"rendered":"<p>AL200CZ ein leichtes Geh\u00e4use verf\u00fcgt \u00fcber eine hohe Helligkeit 200\/300w Led und gro\u00dfen Zoom 15-60\u00b0.<\/p>\n<p>Lichtquelle: 200W \/ 300W 3200K \/ 5600K<\/p>\n<p>200W \/ 300W RGBW 4 in 1 (optional)<\/p>","protected":false},"featured_media":11982,"comment_status":"open","ping_status":"closed","template":"","meta":{"_acf_changed":false,"_seopress_robots_primary_cat":"none","_seopress_titles_title":"","_seopress_titles_desc":"","_seopress_robots_index":""},"product_brand":[],"product_cat":[35,403],"product_tag":[142,140,144,143],"class_list":{"0":"post-1512","1":"product","2":"type-product","3":"status-publish","4":"has-post-thumbnail","6":"product_cat-led-par-light","7":"product_cat-product","8":"product_tag-led-cob-par-indoor","9":"product_tag-led-cob-par-rgbw","10":"product_tag-led-cob-par-warm-cold-white","11":"product_tag-led-cob-par-zoom","13":"first","14":"instock","15":"shipping-taxable","16":"product-type-simple"},"acf":[],"_links":{"self":[{"href":"https:\/\/aolait.com\/de\/wp-json\/wp\/v2\/product\/1512","targetHints":{"allow":["GET"]}}],"collection":[{"href":"https:\/\/aolait.com\/de\/wp-json\/wp\/v2\/product"}],"about":[{"href":"https:\/\/aolait.com\/de\/wp-json\/wp\/v2\/types\/product"}],"replies":[{"embeddable":true,"href":"https:\/\/aolait.com\/de\/wp-json\/wp\/v2\/comments?post=1512"}],"wp:featuredmedia":[{"embeddable":true,"href":"https:\/\/aolait.com\/de\/wp-json\/wp\/v2\/media\/11982"}],"wp:attachment":[{"href":"https:\/\/aolait.com\/de\/wp-json\/wp\/v2\/media?parent=1512"}],"wp:term":[{"taxonomy":"product_brand","embeddable":true,"href":"https:\/\/aolait.com\/de\/wp-json\/wp\/v2\/product_brand?post=1512"},{"taxonomy":"product_cat","embeddable":true,"href":"https:\/\/aolait.com\/de\/wp-json\/wp\/v2\/product_cat?post=1512"},{"taxonomy":"product_tag","embeddable":true,"href":"https:\/\/aolait.com\/de\/wp-json\/wp\/v2\/product_tag?post=1512"}],"curies":[{"name":"wp","href":"https:\/\/api.w.org\/{rel}","templated":true}]}}