{"id":1522,"date":"2020-11-06T15:20:36","date_gmt":"2020-11-06T07:20:36","guid":{"rendered":"https:\/\/aolait.com\/?post_type=product&#038;p=1522"},"modified":"2025-10-21T19:03:59","modified_gmt":"2025-10-21T11:03:59","slug":"300w-led-follow-spot","status":"publish","type":"product","link":"https:\/\/aolait.com\/de\/produkt\/300w-led-folgen-spot\/","title":{"rendered":"300W Led Follow Spot"},"content":{"rendered":"<p>Spannung: AC100-240V 50\/60Hz<\/p>\n<p>Leistung: 550W<\/p>\n<p>Lichtquelle: 300W Wei\u00dfe Lampe LED<\/p>\n<p>Farbtemperatur: 7500K<\/p>\n<p>Farbtafel: 1 Farbrad, 5 Farben+ offen<\/p>\n<p>Temperatur einstellbar: 5800K\/4600K\/3200K<\/p>\n<p>Blende: 5-100% lineare Blende<\/p>\n<p>Fokus: manuelle Fokussierung<\/p>\n<p>Effektive Projektionsentfernung: 300 Meter<\/p>\n<p>Dimmer: 0-100% linear dimmbar<\/p>\n<p>Steuerungsmodelle: Standard-DMX512\/Bedienfeld\/Unterer Steuerfader<\/p>\n<p>Arbeitstemperatur: -20\u2103-40\u2103<\/p>\n<p>IP-Grad: IP20<\/p>\n<p>Gr\u00f6\u00dfe: 560*280*220 mm<\/p>\n<p>Nettogewicht: 14 KG (ohne Halterung)<\/p>\n<p><iframe src=\"https:\/\/www.youtube.com\/embed\/LO6HP4sqevY\" width=\"560\" height=\"315\" frameborder=\"0\" allowfullscreen=\"allowfullscreen\"><\/iframe><\/p>","protected":false},"excerpt":{"rendered":"<p>AL300FS. Dies ist eine neue Technologie des Verfolgungsscheinwerfers. Ausgestattet mit einer 300W Hochleistungs-LED-Wei\u00dflichtquelle, erzeugt er einen super Effekt auf der B\u00fchne.<\/p>\n<p>Er ist kompakter und leichter in der Gr\u00f6\u00dfe und bringt so viel Helligkeit auf die B\u00fchne, dass er ein perfekter Ersatz f\u00fcr den traditionellen 2500W Entladungslampen-Followspot ist.<\/p>","protected":false},"featured_media":11894,"comment_status":"open","ping_status":"closed","template":"","meta":{"_acf_changed":false,"_seopress_robots_primary_cat":"none","_seopress_titles_title":"","_seopress_titles_desc":"","_seopress_robots_index":""},"product_brand":[],"product_cat":[41,403],"product_tag":[150,149],"class_list":{"0":"post-1522","1":"product","2":"type-product","3":"status-publish","4":"has-post-thumbnail","6":"product_cat-led-studio-light","7":"product_cat-product","8":"product_tag-300w-led-follow-spot","9":"product_tag-led-follow-spot","11":"first","12":"instock","13":"shipping-taxable","14":"product-type-simple"},"acf":[],"_links":{"self":[{"href":"https:\/\/aolait.com\/de\/wp-json\/wp\/v2\/product\/1522","targetHints":{"allow":["GET"]}}],"collection":[{"href":"https:\/\/aolait.com\/de\/wp-json\/wp\/v2\/product"}],"about":[{"href":"https:\/\/aolait.com\/de\/wp-json\/wp\/v2\/types\/product"}],"replies":[{"embeddable":true,"href":"https:\/\/aolait.com\/de\/wp-json\/wp\/v2\/comments?post=1522"}],"wp:featuredmedia":[{"embeddable":true,"href":"https:\/\/aolait.com\/de\/wp-json\/wp\/v2\/media\/11894"}],"wp:attachment":[{"href":"https:\/\/aolait.com\/de\/wp-json\/wp\/v2\/media?parent=1522"}],"wp:term":[{"taxonomy":"product_brand","embeddable":true,"href":"https:\/\/aolait.com\/de\/wp-json\/wp\/v2\/product_brand?post=1522"},{"taxonomy":"product_cat","embeddable":true,"href":"https:\/\/aolait.com\/de\/wp-json\/wp\/v2\/product_cat?post=1522"},{"taxonomy":"product_tag","embeddable":true,"href":"https:\/\/aolait.com\/de\/wp-json\/wp\/v2\/product_tag?post=1522"}],"curies":[{"name":"wp","href":"https:\/\/api.w.org\/{rel}","templated":true}]}}