{"id":1587,"date":"2020-11-10T11:34:07","date_gmt":"2020-11-10T03:34:07","guid":{"rendered":"https:\/\/aolait.com\/?post_type=product&#038;p=1587"},"modified":"2025-10-21T19:03:58","modified_gmt":"2025-10-21T11:03:58","slug":"led-wall-washer-indoor","status":"publish","type":"product","link":"https:\/\/aolait.com\/de\/produkt\/led-wandfluter-innen\/","title":{"rendered":"18x15W Led Wandfluter Pixel IP20 Innen"},"content":{"rendered":"<h3 data-start=\"1208\" data-end=\"1237\">Perfekt f\u00fcr B\u00fchnenhintergr\u00fcnde, Architekturbeleuchtung, Veranstaltungsdekoration und Pixel Mapping. Hochleistungs-LED-Wandfluter f\u00fcr Innenr\u00e4ume mit Pixelsteuerung und DMX-Pr\u00e4zision.<\/h3>\n<ul data-start=\"1239\" data-end=\"2137\">\n<li class=\"\" data-start=\"2034\" data-end=\"2137\">\n<h2 class=\"\" data-start=\"128\" data-end=\"159\">\ud83d\udee0\ufe0f Technische Daten<\/h2>\n<div class=\"_tableContainer_16hzy_1\">\n<div class=\"_tableWrapper_16hzy_14 group flex w-fit flex-col-reverse\" tabindex=\"-1\">\n<table class=\"w-fit min-w-(--thread-content-width)\" data-start=\"161\" data-end=\"1500\">\n<thead data-start=\"161\" data-end=\"239\">\n<tr data-start=\"161\" data-end=\"239\">\n<th data-start=\"161\" data-end=\"186\" data-col-size=\"sm\"><strong data-start=\"163\" data-end=\"180\">Spezifikation<\/strong><\/th>\n<th data-start=\"186\" data-end=\"239\" data-col-size=\"sm\"><strong data-start=\"188\" data-end=\"197\">Wert<\/strong><\/th>\n<\/tr>\n<\/thead>\n<tbody data-start=\"319\" data-end=\"1500\">\n<tr data-start=\"319\" data-end=\"397\">\n<td data-start=\"319\" data-end=\"344\" data-col-size=\"sm\"><strong data-start=\"321\" data-end=\"336\">Nennleistung<\/strong><\/td>\n<td data-col-size=\"sm\" data-start=\"344\" data-end=\"397\">300W<\/td>\n<\/tr>\n<tr data-start=\"398\" data-end=\"476\">\n<td data-start=\"398\" data-end=\"423\" data-col-size=\"sm\"><strong data-start=\"400\" data-end=\"411\">Spannung<\/strong><\/td>\n<td data-col-size=\"sm\" data-start=\"423\" data-end=\"476\">AC100-240V, 50\/60Hz<\/td>\n<\/tr>\n<tr data-start=\"477\" data-end=\"555\">\n<td data-start=\"477\" data-end=\"502\" data-col-size=\"sm\"><strong data-start=\"479\" data-end=\"491\">LED-Typ<\/strong><\/td>\n<td data-col-size=\"sm\" data-start=\"502\" data-end=\"555\">18x 15W 4-in-1 RGBW-LEDs mit hoher Helligkeit<\/td>\n<\/tr>\n<tr data-start=\"556\" data-end=\"634\">\n<td data-start=\"556\" data-end=\"581\" data-col-size=\"sm\"><strong data-start=\"558\" data-end=\"572\">Strahlwinkel<\/strong><\/td>\n<td data-col-size=\"sm\" data-start=\"581\" data-end=\"634\">Wahlweise 25\u00b0 \/ 40\u00b0<\/td>\n<\/tr>\n<tr data-start=\"635\" data-end=\"712\">\n<td data-start=\"635\" data-end=\"660\" data-col-size=\"sm\"><strong data-start=\"637\" data-end=\"648\">Dimmen<\/strong><\/td>\n<td data-col-size=\"sm\" data-start=\"660\" data-end=\"712\">0-100% Gleichm\u00e4\u00dfiges Dimmen (PWM bei 1KHz)<\/td>\n<\/tr>\n<tr data-start=\"713\" data-end=\"791\">\n<td data-start=\"713\" data-end=\"738\" data-col-size=\"sm\"><strong data-start=\"715\" data-end=\"736\">Kontrollprotokolle<\/strong><\/td>\n<td data-col-size=\"sm\" data-start=\"738\" data-end=\"791\">DMX512 \/ Master-Slave<\/td>\n<\/tr>\n<tr data-start=\"792\" data-end=\"870\">\n<td data-start=\"792\" data-end=\"817\" data-col-size=\"sm\"><strong data-start=\"794\" data-end=\"811\">Kanal-Modi<\/strong><\/td>\n<td data-col-size=\"sm\" data-start=\"817\" data-end=\"870\">CH6, CH9, CH29, CH77<\/td>\n<\/tr>\n<tr data-start=\"871\" data-end=\"948\">\n<td data-start=\"871\" data-end=\"896\" data-col-size=\"sm\"><strong data-start=\"873\" data-end=\"890\">Pixel-Kontrolle<\/strong><\/td>\n<td data-col-size=\"sm\" data-start=\"896\" data-end=\"948\">Ein Punkt, eine LED-Kontrolle<\/td>\n<\/tr>\n<tr data-start=\"949\" data-end=\"1027\">\n<td data-start=\"949\" data-end=\"974\" data-col-size=\"sm\"><strong data-start=\"951\" data-end=\"972\">Elektrische St\u00e4rke<\/strong><\/td>\n<td data-col-size=\"sm\" data-start=\"974\" data-end=\"1027\">1,5KV<\/td>\n<\/tr>\n<tr data-start=\"1028\" data-end=\"1106\">\n<td data-start=\"1028\" data-end=\"1053\" data-col-size=\"sm\"><strong data-start=\"1030\" data-end=\"1053\">Arbeitstemperatur<\/strong><\/td>\n<td data-start=\"1053\" data-end=\"1106\" data-col-size=\"sm\">-20\u00b0C bis 40\u00b0C<\/td>\n<\/tr>\n<tr data-start=\"1107\" data-end=\"1185\">\n<td data-start=\"1107\" data-end=\"1132\" data-col-size=\"sm\"><strong data-start=\"1109\" data-end=\"1130\">Schutzart<\/strong><\/td>\n<td data-col-size=\"sm\" data-start=\"1132\" data-end=\"1185\">IP20 (nur f\u00fcr Innenr\u00e4ume)<\/td>\n<\/tr>\n<tr data-start=\"1186\" data-end=\"1263\">\n<td data-start=\"1186\" data-end=\"1211\" data-col-size=\"sm\"><strong data-start=\"1188\" data-end=\"1208\">Material des Geh\u00e4uses<\/strong><\/td>\n<td data-col-size=\"sm\" data-start=\"1211\" data-end=\"1263\">Aluminiumlegierung mit schwarzer Pulverbeschichtung<\/td>\n<\/tr>\n<tr data-start=\"1264\" data-end=\"1342\">\n<td data-start=\"1264\" data-end=\"1289\" data-col-size=\"sm\"><strong data-start=\"1266\" data-end=\"1280\">Abmessungen<\/strong><\/td>\n<td data-col-size=\"sm\" data-start=\"1289\" data-end=\"1342\">1000 \u00d7 88 \u00d7 170 mm<\/td>\n<\/tr>\n<tr data-start=\"1343\" data-end=\"1421\">\n<td data-start=\"1343\" data-end=\"1368\" data-col-size=\"sm\"><strong data-start=\"1345\" data-end=\"1359\">Nettogewicht<\/strong><\/td>\n<td data-col-size=\"sm\" data-start=\"1368\" data-end=\"1421\">5,5 kg<\/td>\n<\/tr>\n<tr data-start=\"1422\" data-end=\"1500\">\n<td data-start=\"1422\" data-end=\"1447\" data-col-size=\"sm\"><strong data-start=\"1424\" data-end=\"1447\">Kartongr\u00f6\u00dfe (4 St\u00fcck)<\/strong><\/td>\n<td data-col-size=\"sm\" data-start=\"1447\" data-end=\"1500\">106 \u00d7 28 \u00d7 41 cm - Gesamtgewicht 24kg<\/td>\n<\/tr>\n<\/tbody>\n<\/table>\n<\/div>\n<\/div>\n<\/li>\n<\/ul>\n<h2 class=\"\" data-start=\"1208\" data-end=\"1237\"><strong data-start=\"1214\" data-end=\"1237\">\ud83d\udca1Funktionsschwerpunkte<\/strong><\/h2>\n<ul data-start=\"1239\" data-end=\"2137\">\n<li class=\"\" data-start=\"1239\" data-end=\"1391\">\n<p class=\"\" data-start=\"1241\" data-end=\"1391\"><strong data-start=\"1241\" data-end=\"1274\">Leistungsstarker RGBW-Ausgang:<\/strong><br data-start=\"1274\" data-end=\"1277\" \/>Ausgestattet mit <strong data-start=\"1293\" data-end=\"1323\">18PCS 15W 4-in-1 RGBW-LEDs<\/strong>liefert diese Leuchte eine atemberaubende Helligkeit und eine gleichm\u00e4\u00dfige Farbmischung.<\/p>\n<\/li>\n<li class=\"\" data-start=\"1393\" data-end=\"1540\">\n<p class=\"\" data-start=\"1395\" data-end=\"1540\"><strong data-start=\"1395\" data-end=\"1422\">Pixel-f\u00fcr-Pixel-Kontrolle:<\/strong><br data-start=\"1422\" data-end=\"1425\" \/>Jede LED ist <strong data-start=\"1439\" data-end=\"1468\">individuell ansteuerbar<\/strong>und erm\u00f6glicht fortschrittliches Pixel Mapping, dynamische Verfolgungsjagden und Farbverlaufseffekte.<\/p>\n<\/li>\n<li class=\"\" data-start=\"1542\" data-end=\"1639\">\n<p class=\"\" data-start=\"1544\" data-end=\"1639\"><strong data-start=\"1544\" data-end=\"1569\">Mehrere Abstrahlwinkel:<\/strong><br data-start=\"1569\" data-end=\"1572\" \/>Optional <strong data-start=\"1583\" data-end=\"1609\">Abstrahlwinkel 25\u00b0 oder 40\u00b0<\/strong> f\u00fcr eine gezielte oder breite Abdeckung.<\/p>\n<\/li>\n<li class=\"\" data-start=\"1641\" data-end=\"1787\">\n<p class=\"\" data-start=\"1643\" data-end=\"1787\"><strong data-start=\"1643\" data-end=\"1674\">Erweiterte DMX-Kompatibilit\u00e4t:<\/strong><br data-start=\"1674\" data-end=\"1677\" \/>W\u00e4hlen Sie aus <strong data-start=\"1691\" data-end=\"1717\">6\/9\/29\/77 DMX-Kan\u00e4le<\/strong>Kompatibel mit dem Standard-DMX512-Protokoll und Master-Slave-Betrieb.<\/p>\n<\/li>\n<li class=\"\" data-start=\"1789\" data-end=\"1913\">\n<p class=\"\" data-start=\"1791\" data-end=\"1913\"><strong data-start=\"1791\" data-end=\"1816\">Professionelles Dimmen:<\/strong><br data-start=\"1816\" data-end=\"1819\" \/>Glatt <strong data-start=\"1828\" data-end=\"1858\">1KHz PWM-Dimmfrequenz<\/strong>perfekt f\u00fcr Kameraanwendungen und leisen Betrieb.<\/p>\n<\/li>\n<li class=\"\" data-start=\"1915\" data-end=\"2032\">\n<p class=\"\" data-start=\"1917\" data-end=\"2032\"><strong data-start=\"1917\" data-end=\"1940\">Robust und kompakt:<\/strong><br data-start=\"1940\" data-end=\"1943\" \/>Innenraumtauglich <strong data-start=\"1958\" data-end=\"1980\">IP20-Aluminiumgeh\u00e4use<\/strong>, optimiert f\u00fcr Festinstallationen oder mobile Einrichtungen.<\/p>\n<\/li>\n<li class=\"\" data-start=\"2034\" data-end=\"2137\">\n<p class=\"\" data-start=\"2036\" data-end=\"2137\"><strong data-start=\"2036\" data-end=\"2062\">Temperaturbest\u00e4ndig:<\/strong><br data-start=\"2062\" data-end=\"2065\" \/>Zuverl\u00e4ssige Leistung \u00fcber <strong data-start=\"2095\" data-end=\"2110\">-20\u2103 bis 40\u2103<\/strong> Umgebungstemperaturbereich.<\/p>\n<\/li>\n<\/ul>\n<h2 class=\"\" data-start=\"3542\" data-end=\"3573\">\ud83c\udfaf <strong data-start=\"3548\" data-end=\"3573\">Anwendungsszenarien<\/strong><\/h2>\n<ul data-start=\"3575\" data-end=\"4059\">\n<li class=\"\" data-start=\"3575\" data-end=\"3667\">\n<p class=\"\" data-start=\"3577\" data-end=\"3667\"><strong data-start=\"3577\" data-end=\"3601\">B\u00fchnenwaschbeleuchtung:<\/strong><br data-start=\"3601\" data-end=\"3604\" \/>Erzeugen Sie mit pixelgesteuerten Effekten beeindruckende B\u00fchnenatmosph\u00e4ren.<\/p>\n<\/li>\n<li class=\"\" data-start=\"3669\" data-end=\"3767\">\n<p class=\"\" data-start=\"3671\" data-end=\"3767\"><strong data-start=\"3671\" data-end=\"3702\">Theater- und Studiokulissen:<\/strong><br data-start=\"3702\" data-end=\"3705\" \/>Konsistente und weiche Farbgebung f\u00fcr B\u00fchnenw\u00e4nde und Vorh\u00e4nge.<\/p>\n<\/li>\n<li class=\"\" data-start=\"3769\" data-end=\"3870\">\n<p class=\"\" data-start=\"3771\" data-end=\"3870\"><strong data-start=\"3771\" data-end=\"3797\">Event- und Hochzeitsdekoration:<\/strong><br data-start=\"3797\" data-end=\"3800\" \/>Verkleiden Sie W\u00e4nde und Traversen f\u00fcr eine atmosph\u00e4rische Waschung oder einen rhythmisch abgestimmten Farbfluss.<\/p>\n<\/li>\n<li class=\"\" data-start=\"3872\" data-end=\"3965\">\n<p class=\"\" data-start=\"3874\" data-end=\"3965\"><strong data-start=\"3874\" data-end=\"3896\">Nachtclubs und Bars:<\/strong><br data-start=\"3896\" data-end=\"3899\" \/>F\u00fcgen Sie dynamische lineare Effekte auf W\u00e4nden, DJ-Kabinen oder Tanzfl\u00e4chen hinzu.<\/p>\n<\/li>\n<li class=\"\" data-start=\"3967\" data-end=\"4059\">\n<p class=\"\" data-start=\"3969\" data-end=\"4059\"><strong data-start=\"3969\" data-end=\"3994\">Architektonischer Akzent:<\/strong><br data-start=\"3994\" data-end=\"3997\" \/>Hervorhebung von vertikalen Fl\u00e4chen, Fluren oder Innenstrukturen.<\/p>\n<\/li>\n<\/ul>\n<h2 class=\"\" data-start=\"3290\" data-end=\"3317\">\ud83d\udce6 <strong data-start=\"3296\" data-end=\"3317\">Verpackungs-Optionen<\/strong><\/h2>\n<ul data-start=\"3319\" data-end=\"3535\">\n<li class=\"\" data-start=\"3319\" data-end=\"3427\">\n<p class=\"\" data-start=\"3321\" data-end=\"3427\"><strong data-start=\"3321\" data-end=\"3342\">Standard-Paket:<\/strong><br data-start=\"3342\" data-end=\"3345\" \/>4 Einheiten pro Karton<br data-start=\"3365\" data-end=\"3368\" \/>Gr\u00f6\u00dfe des Kartons: <strong data-start=\"3383\" data-end=\"3399\">106\u00d728\u00d741 cm<\/strong><br data-start=\"3399\" data-end=\"3402\" \/>Bruttogewicht: <strong data-start=\"3418\" data-end=\"3427\">24 kg<\/strong><\/p>\n<\/li>\n<\/ul>\n<p><iframe src=\"https:\/\/www.youtube.com\/embed\/GBLlm7Np-Ng\" width=\"560\" height=\"315\" frameborder=\"0\" allowfullscreen=\"allowfullscreen\"><\/iframe><\/p>\n\n\n<p><\/p>","protected":false},"excerpt":{"rendered":"<p>1-Meter-LED-Wallwasher f\u00fcr den Innenbereich mit 18 x 15 W 4-in-1-RGBW-LEDs mit hoher Helligkeit, individueller Pixelsteuerung und optionalen Abstrahlwinkeln von 25\u00b0\/40\u00b0. Unterst\u00fctzt DMX512 und Master-Slave-Modus. Ideal f\u00fcr Konzerte, Theater und Club-Installationen.<\/p>","protected":false},"featured_media":13279,"comment_status":"open","ping_status":"closed","template":"","meta":{"_acf_changed":false,"_seopress_robots_primary_cat":"none","_seopress_titles_title":"18x15W LED Wall Washer Pixel \u2013 IP20 Indoor Linear Fixture","_seopress_titles_desc":"","_seopress_robots_index":""},"product_brand":[],"product_cat":[266,403],"product_tag":[171,173,172,166],"class_list":{"0":"post-1587","1":"product","2":"type-product","3":"status-publish","4":"has-post-thumbnail","6":"product_cat-led-bar-light","7":"product_cat-product","8":"product_tag-18x15w-rgbw-wall-washer","9":"product_tag-led-wall-beam-wash","10":"product_tag-led-wall-wash-bar-light","11":"product_tag-super-brightness-led-washer","13":"first","14":"instock","15":"shipping-taxable","16":"product-type-simple"},"acf":[],"_links":{"self":[{"href":"https:\/\/aolait.com\/de\/wp-json\/wp\/v2\/product\/1587","targetHints":{"allow":["GET"]}}],"collection":[{"href":"https:\/\/aolait.com\/de\/wp-json\/wp\/v2\/product"}],"about":[{"href":"https:\/\/aolait.com\/de\/wp-json\/wp\/v2\/types\/product"}],"replies":[{"embeddable":true,"href":"https:\/\/aolait.com\/de\/wp-json\/wp\/v2\/comments?post=1587"}],"wp:featuredmedia":[{"embeddable":true,"href":"https:\/\/aolait.com\/de\/wp-json\/wp\/v2\/media\/13279"}],"wp:attachment":[{"href":"https:\/\/aolait.com\/de\/wp-json\/wp\/v2\/media?parent=1587"}],"wp:term":[{"taxonomy":"product_brand","embeddable":true,"href":"https:\/\/aolait.com\/de\/wp-json\/wp\/v2\/product_brand?post=1587"},{"taxonomy":"product_cat","embeddable":true,"href":"https:\/\/aolait.com\/de\/wp-json\/wp\/v2\/product_cat?post=1587"},{"taxonomy":"product_tag","embeddable":true,"href":"https:\/\/aolait.com\/de\/wp-json\/wp\/v2\/product_tag?post=1587"}],"curies":[{"name":"wp","href":"https:\/\/api.w.org\/{rel}","templated":true}]}}