{"id":1665,"date":"2020-11-10T09:21:29","date_gmt":"2020-11-10T01:21:29","guid":{"rendered":"https:\/\/aolait.com\/?post_type=product&#038;p=1665"},"modified":"2025-10-21T19:03:58","modified_gmt":"2025-10-21T11:03:58","slug":"200w-led-profile","status":"publish","type":"product","link":"https:\/\/aolait.com\/de\/produkt\/200w-led-profil\/","title":{"rendered":"200W Led Profil"},"content":{"rendered":"<p>Spannung: AC100~240V 50-60Hz<\/p>\n<p>Signaleingang\/-ausgang: 3P-XLR Eingang \/ Ausgang, DMX512 Signal<\/p>\n<p>Leistungsaufnahme: maximal 220 W<\/p>\n<p>LED-Lichtquelle: wei\u00dfes Licht 200W LED<\/p>\n<p>DMX-Kanal: 3DMX-Kanal<\/p>\n<p>Steuerung: 4 Dimmkurven w\u00e4hlbar; Master-Slave-Synchronisation; separates selbstfahrendes Programm.<\/p>\n<p>Abstrahlwinkel: 19, 26, 36\u00b0<\/p>\n<p>Wasserdicht: IP20<\/p>\n<p>Geh\u00e4usematerial: Aluminium-Druckguss<\/p>\n<p>Stromeingang: PowerCON-Stromversorgung<\/p>\n<p>Temperatur der Arbeitsumgebung: -20\u00b0-40\u00b0<\/p>\n<p>Gr\u00f6\u00dfe: 340*270*650mm<\/p>\n<p>N.W: 10kgs<\/p>","protected":false},"excerpt":{"rendered":"<p>AL200LP 200w Zoom-LED-Profil, Abstrahlwinkel: 19, 26, 36\u00b0 (optional)<\/p>\n<p>Aluminiumgeh\u00e4use warmwei\u00df oder kaltwei\u00df ist optional.<\/p>","protected":false},"featured_media":11887,"comment_status":"open","ping_status":"closed","template":"","meta":{"_acf_changed":false,"_seopress_robots_primary_cat":"none","_seopress_titles_title":"","_seopress_titles_desc":"","_seopress_robots_index":""},"product_brand":[],"product_cat":[41,403],"product_tag":[191,194,192],"class_list":{"0":"post-1665","1":"product","2":"type-product","3":"status-publish","4":"has-post-thumbnail","6":"product_cat-led-studio-light","7":"product_cat-product","8":"product_tag-200w-led-profile-light","9":"product_tag-300w-led-profile","10":"product_tag-led-leko-ellipsoidal","12":"first","13":"instock","14":"shipping-taxable","15":"product-type-simple"},"acf":[],"_links":{"self":[{"href":"https:\/\/aolait.com\/de\/wp-json\/wp\/v2\/product\/1665","targetHints":{"allow":["GET"]}}],"collection":[{"href":"https:\/\/aolait.com\/de\/wp-json\/wp\/v2\/product"}],"about":[{"href":"https:\/\/aolait.com\/de\/wp-json\/wp\/v2\/types\/product"}],"replies":[{"embeddable":true,"href":"https:\/\/aolait.com\/de\/wp-json\/wp\/v2\/comments?post=1665"}],"wp:featuredmedia":[{"embeddable":true,"href":"https:\/\/aolait.com\/de\/wp-json\/wp\/v2\/media\/11887"}],"wp:attachment":[{"href":"https:\/\/aolait.com\/de\/wp-json\/wp\/v2\/media?parent=1665"}],"wp:term":[{"taxonomy":"product_brand","embeddable":true,"href":"https:\/\/aolait.com\/de\/wp-json\/wp\/v2\/product_brand?post=1665"},{"taxonomy":"product_cat","embeddable":true,"href":"https:\/\/aolait.com\/de\/wp-json\/wp\/v2\/product_cat?post=1665"},{"taxonomy":"product_tag","embeddable":true,"href":"https:\/\/aolait.com\/de\/wp-json\/wp\/v2\/product_tag?post=1665"}],"curies":[{"name":"wp","href":"https:\/\/api.w.org\/{rel}","templated":true}]}}