{"id":2216,"date":"2021-01-06T10:10:28","date_gmt":"2021-01-06T02:10:28","guid":{"rendered":"https:\/\/aolait.com\/?post_type=product&#038;p=2216"},"modified":"2025-12-08T09:32:43","modified_gmt":"2025-12-08T01:32:43","slug":"4x18w-led-battery-par","status":"publish","type":"product","link":"https:\/\/aolait.com\/de\/produkt\/4x18w-led-batterie-par\/","title":{"rendered":"B4C 4x18W Led Batterie Par"},"content":{"rendered":"<p>Spannung: AC100-240V,50-60Hz<\/p>\n<p>Leistung: 75W<\/p>\n<p>Lichtquelle: 4 *18W hohe Helligkeit LED-Perlen (6 in 1)<\/p>\n<p>Farbe: 16,7 Millionen Farbwechsel<\/p>\n<p>Lebenserwartung: 50000 Stunden<\/p>\n<p>Kanal: 6\/10CH<\/p>\n<p>Steuerung: DMX512\/2.4G wireless DMX512\/WIFI App-Steuerung\uff08IOS UND Andriod\uff09\/IR-Fernbedienung\/Masterslave\/Auto\/Sound<\/p>\n<p>Linsenwinkel: 15\u00b0\/40\u00b0<\/p>\n<p>Dimmer: 0-100% 16Bit lineares Dimmen kein Jitter Flimmern<\/p>\n<p>Drahtlose DMX- und IR-Fernbedienung<\/p>\n<p>Batterie: importierte 18650 Lithium-Batterie *12 3 Str\u00e4nge 4 und 4*2400=9600 Kapazit\u00e4t<\/p>\n<p>Ladezeit: volle Ladung in 5 Stunden<\/p>\n<p>Entladungszeit: RGBWAUV ist 4,5 Stunden lang vollst\u00e4ndig hell und bis zu 20 Stunden lang monochromatisch. Modus mit Eigenantrieb 9 Stunden<\/p>\n<p>Stroboskop: 0-20mal\/Sekunde<\/p>\n<p>IP-Grad: IP22<\/p>\n<p>Gr\u00f6\u00dfe: 19,5*19*25,5cm<\/p>\n<p>N.W.: 2.4kgs<\/p>\n<p><iframe src=\"https:\/\/www.youtube.com\/embed\/07leEOpFm4I\" width=\"560\" height=\"315\" frameborder=\"0\" allowfullscreen=\"allowfullscreen\"><\/iframe><\/p>","protected":false},"excerpt":{"rendered":"<p>ALB4C ist nur eine Hand Gr\u00f6\u00dfe drahtlose led par, r\u00fcstet 4PCS 18W RGBWA + UV LEDs.<\/p>\n<p>Aolait spezielle implementieren Kapazit\u00e4t Batterie k\u00f6nnte Arbeit rund 4,5 Stunden voll-Farb-Funktion, Autorun mindestens f\u00fcr 9 Stunden zu halten.<\/p>","protected":false},"featured_media":14082,"comment_status":"open","ping_status":"closed","template":"","meta":{"_acf_changed":false,"_seopress_robots_primary_cat":"none","_seopress_titles_title":"","_seopress_titles_desc":"","_seopress_robots_index":""},"product_brand":[],"product_cat":[220,403],"product_tag":[210,208,211,209],"class_list":{"0":"post-2216","1":"product","2":"type-product","3":"status-publish","4":"has-post-thumbnail","6":"product_cat-led-battery-uplight","7":"product_cat-product","8":"product_tag-4x18w-wireless-led-battery-par","9":"product_tag-led-battery-par","10":"product_tag-rgbwauv-led-wireless-par","11":"product_tag-wireless-led-par","13":"first","14":"instock","15":"shipping-taxable","16":"product-type-simple"},"acf":[],"_links":{"self":[{"href":"https:\/\/aolait.com\/de\/wp-json\/wp\/v2\/product\/2216","targetHints":{"allow":["GET"]}}],"collection":[{"href":"https:\/\/aolait.com\/de\/wp-json\/wp\/v2\/product"}],"about":[{"href":"https:\/\/aolait.com\/de\/wp-json\/wp\/v2\/types\/product"}],"replies":[{"embeddable":true,"href":"https:\/\/aolait.com\/de\/wp-json\/wp\/v2\/comments?post=2216"}],"wp:featuredmedia":[{"embeddable":true,"href":"https:\/\/aolait.com\/de\/wp-json\/wp\/v2\/media\/14082"}],"wp:attachment":[{"href":"https:\/\/aolait.com\/de\/wp-json\/wp\/v2\/media?parent=2216"}],"wp:term":[{"taxonomy":"product_brand","embeddable":true,"href":"https:\/\/aolait.com\/de\/wp-json\/wp\/v2\/product_brand?post=2216"},{"taxonomy":"product_cat","embeddable":true,"href":"https:\/\/aolait.com\/de\/wp-json\/wp\/v2\/product_cat?post=2216"},{"taxonomy":"product_tag","embeddable":true,"href":"https:\/\/aolait.com\/de\/wp-json\/wp\/v2\/product_tag?post=2216"}],"curies":[{"name":"wp","href":"https:\/\/api.w.org\/{rel}","templated":true}]}}