{"id":2487,"date":"2021-04-13T15:44:59","date_gmt":"2021-04-13T07:44:59","guid":{"rendered":"https:\/\/aolait.com\/?post_type=product&#038;p=2487"},"modified":"2025-10-21T19:03:58","modified_gmt":"2025-10-21T11:03:58","slug":"4006b-moving-head-wash","status":"publish","type":"product","link":"https:\/\/aolait.com\/de\/produkt\/4006b-waschanlage-mit-beweglichem-kopf\/","title":{"rendered":"6X40W Led Blader Moving Head Washlight"},"content":{"rendered":"<p>Parameter<\/p>\n<p>Eingangsspannung: AC90-AC240 50-60HZ<br \/>\nLed-Quelle: 6X40w hohe Helligkeit RGBW 4 in 1<br \/>\nJedes LED-Pixel kontrolliert<br \/>\nZoom-Winkel:Abstrahlwinkel: 5\u00b0-35\u00b0<br \/>\nLebensdauer der Lichtquelle: 50.000 Stunden<br \/>\nDimmen: 0-100% linear dimmen<br \/>\nLeistungsaufnahme: 260W<br \/>\nTilt Moving: 220\u00b0+16 Bit gleichm\u00e4\u00dfige, hochpr\u00e4zise Drehung<br \/>\nStroboskop: 1-25 Mal\/Sek.<br \/>\nSteuersignal: DMX512, Master-Slave, Sprachsteuerung oder selbstfahrend<br \/>\nProgramm<br \/>\nSteuerkanal: 18\/32CH<br \/>\nProduktgr\u00f6\u00dfe: 51*10*30cm<br \/>\net Gewicht 9.3 GS<\/p>","protected":false},"excerpt":{"rendered":"<p>Der Blader ist ein fortschrittlicher beweglicher LED-Balken mit Funktionen, die ihn in ein brandneues Multibeam-Effektlicht verwandeln. Sie ist mit sechs brandneuen, leistungsstarken OSRAM Ostar RGBW-LEDs mit einer Nennleistung von 40 W ausgestattet.<br \/>\nEr ist mit einem motorisierten optischen Zoom ausgestattet, der einen minimalen Abstrahlwinkel von nur 5\u00b0 erm\u00f6glicht. Dank seiner au\u00dfergew\u00f6hnlichen Linsen ist der Blader in der Lage, sechs sehr enge, dichte Lichtstrahlen zu erzeugen, die parallel in die Luft schie\u00dfen. Kein vergleichbarer LED-Balken ist in der Lage, eine \u00e4hnliche Wirkung zu erzielen.<br \/>\nZooming-Winkel ist von 5-35 Grad, mit 7-fachen Zooming-Effekt, es produziert sehr gute Waschfunktion als gut.<\/p>","protected":false},"featured_media":12161,"comment_status":"open","ping_status":"closed","template":"","meta":{"_acf_changed":false,"_seopress_robots_primary_cat":"none","_seopress_titles_title":"","_seopress_titles_desc":"","_seopress_robots_index":""},"product_brand":[],"product_cat":[28,403],"product_tag":[241,239,240,38],"class_list":{"0":"post-2487","1":"product","2":"type-product","3":"status-publish","4":"has-post-thumbnail","6":"product_cat-led-wash-moving-head","7":"product_cat-product","8":"product_tag-clay-paky-sharbar","9":"product_tag-led-bar-moving-head","10":"product_tag-led-blader","11":"product_tag-led-wash-moving-head","13":"first","14":"instock","15":"shipping-taxable","16":"product-type-simple"},"acf":[],"_links":{"self":[{"href":"https:\/\/aolait.com\/de\/wp-json\/wp\/v2\/product\/2487","targetHints":{"allow":["GET"]}}],"collection":[{"href":"https:\/\/aolait.com\/de\/wp-json\/wp\/v2\/product"}],"about":[{"href":"https:\/\/aolait.com\/de\/wp-json\/wp\/v2\/types\/product"}],"replies":[{"embeddable":true,"href":"https:\/\/aolait.com\/de\/wp-json\/wp\/v2\/comments?post=2487"}],"wp:featuredmedia":[{"embeddable":true,"href":"https:\/\/aolait.com\/de\/wp-json\/wp\/v2\/media\/12161"}],"wp:attachment":[{"href":"https:\/\/aolait.com\/de\/wp-json\/wp\/v2\/media?parent=2487"}],"wp:term":[{"taxonomy":"product_brand","embeddable":true,"href":"https:\/\/aolait.com\/de\/wp-json\/wp\/v2\/product_brand?post=2487"},{"taxonomy":"product_cat","embeddable":true,"href":"https:\/\/aolait.com\/de\/wp-json\/wp\/v2\/product_cat?post=2487"},{"taxonomy":"product_tag","embeddable":true,"href":"https:\/\/aolait.com\/de\/wp-json\/wp\/v2\/product_tag?post=2487"}],"curies":[{"name":"wp","href":"https:\/\/api.w.org\/{rel}","templated":true}]}}