{"id":4833,"date":"2023-09-05T17:17:31","date_gmt":"2023-09-05T09:17:31","guid":{"rendered":"https:\/\/aolait.com\/?post_type=product&#038;p=4833"},"modified":"2025-10-21T19:03:58","modified_gmt":"2025-10-21T11:03:58","slug":"230w-beam-movig-head-light-7r-sharpy","status":"publish","type":"product","link":"https:\/\/aolait.com\/de\/produkt\/230w-strahlender-beweglicher-scheinwerfer-7r-sharpy\/","title":{"rendered":"230W Mini Beam Moving Head"},"content":{"rendered":"<p>Technische Parameter:<\/p>\n<p>Spannung: 110-230V<\/p>\n<p>Leistung: 300W<\/p>\n<p>Lampe\uff1a 230w Gl\u00fchbirne<\/p>\n<p>Vorschaltger\u00e4t: elektronisches Vorschaltger\u00e4t (380V Eingang)<\/p>\n<p>Farbrad: 14 Farben + offen, Regenbogeneffekt, lineare Farbmischung<\/p>\n<p>Goborad: 14 Gobos+offen, Gobo-Flow-Effekt, Gobo-Shaking-Effekt<\/p>\n<p>Prismen: 8+16+24 (optional 8+16) Prismeneffekt, Vergr\u00f6\u00dferungseffekt<\/p>\n<p>Stroboskop: 1-10 Mal\/Sekunde, integrierte Makrofunktion<\/p>\n<p>Dimmer: 0-100 linearer Dimmer<\/p>\n<p>Bewegung: Schwenken 540\u00b0. Kippen 270\u00b0. 8\/16-Bit-L\u00f6sung. Automatische Fehlerkorrektur bei Fehlplatzierung.<\/p>\n<p>Steuerung: DMX512 Steuerung, 16Kan\u00e4le\/Ton aktiviert<\/p>\n<p>Ma\u00dfe: Gr\u00f6\u00dfe: 50*34*36 Nettogewicht: 11kgs.<\/p>\n<p>&nbsp;<\/p>\n<p><iframe title=\"Aolait Mini Beam 230W Moving Head\" width=\"800\" height=\"450\" src=\"https:\/\/www.youtube.com\/embed\/SlAl2lnvQZI?feature=oembed\" frameborder=\"0\" allow=\"accelerometer; autoplay; clipboard-write; encrypted-media; gyroscope; picture-in-picture; web-share\" referrerpolicy=\"strict-origin-when-cross-origin\" allowfullscreen><\/iframe><\/p>","protected":false},"excerpt":{"rendered":"<p>Mini Beam 230W Moving Head Licht, mit ultra kompakter Gr\u00f6\u00dfe, aber leistungsstark in der Ausgabe. Mit Honigwaben-Prismen, es erstellt wunderbare Wirkung auf der B\u00fchne.<\/p>","protected":false},"featured_media":13315,"comment_status":"open","ping_status":"closed","template":"","meta":{"_acf_changed":true,"_seopress_robots_primary_cat":"none","_seopress_titles_title":"","_seopress_titles_desc":"Mini Beam 230W Moving Head, with ultra compacted size but powerful in output. With honeycombe prisms, it created wonderful effect to the stage.","_seopress_robots_index":""},"product_brand":[],"product_cat":[26,403],"product_tag":[57,22],"class_list":{"0":"post-4833","1":"product","2":"type-product","3":"status-publish","4":"has-post-thumbnail","6":"product_cat-lamp-moving-head","7":"product_cat-product","8":"product_tag-beam-moving-head","9":"product_tag-lamp-moving-head","11":"first","12":"instock","13":"downloadable","14":"virtual","15":"product-type-simple"},"acf":[],"_links":{"self":[{"href":"https:\/\/aolait.com\/de\/wp-json\/wp\/v2\/product\/4833","targetHints":{"allow":["GET"]}}],"collection":[{"href":"https:\/\/aolait.com\/de\/wp-json\/wp\/v2\/product"}],"about":[{"href":"https:\/\/aolait.com\/de\/wp-json\/wp\/v2\/types\/product"}],"replies":[{"embeddable":true,"href":"https:\/\/aolait.com\/de\/wp-json\/wp\/v2\/comments?post=4833"}],"wp:featuredmedia":[{"embeddable":true,"href":"https:\/\/aolait.com\/de\/wp-json\/wp\/v2\/media\/13315"}],"wp:attachment":[{"href":"https:\/\/aolait.com\/de\/wp-json\/wp\/v2\/media?parent=4833"}],"wp:term":[{"taxonomy":"product_brand","embeddable":true,"href":"https:\/\/aolait.com\/de\/wp-json\/wp\/v2\/product_brand?post=4833"},{"taxonomy":"product_cat","embeddable":true,"href":"https:\/\/aolait.com\/de\/wp-json\/wp\/v2\/product_cat?post=4833"},{"taxonomy":"product_tag","embeddable":true,"href":"https:\/\/aolait.com\/de\/wp-json\/wp\/v2\/product_tag?post=4833"}],"curies":[{"name":"wp","href":"https:\/\/api.w.org\/{rel}","templated":true}]}}