{"id":587,"date":"2020-10-30T14:24:24","date_gmt":"2020-10-30T06:24:24","guid":{"rendered":"https:\/\/aolait.com\/?post_type=product&#038;p=587"},"modified":"2025-10-21T19:04:00","modified_gmt":"2025-10-21T11:04:00","slug":"380w-beam-moving-head","status":"publish","type":"product","link":"https:\/\/aolait.com\/de\/produkt\/380w-strahl-beweglicher-kopf\/","title":{"rendered":"380W Beam Moving Head"},"content":{"rendered":"<p>Spannung: AC100-240V 50\/60Hz<\/p>\n<p>Leistung: 550W<\/p>\n<p>Lichtquelle: 380W YODN-Lampe<\/p>\n<p>Farbtafel: 1 Farbrad, 14 Farben+ offen<\/p>\n<p>Gobo-Platte: 1 festes Goborad, 17 feste Gobos + offen<\/p>\n<p>Prisma: Prismen 1: Prismen mit 16 Facetten<\/p>\n<p>Prismen 2: Prismen mit 48 Fl\u00e4chen<\/p>\n<p>Frost &amp; Blitzlicht<\/p>\n<p>Bewegung: Pan: 540\u00b0, Tilt: 270\u00b0, 16 Bit Aufl\u00f6sung<\/p>\n<p>Steuerungsmodus: Standard DMX512\/Master-Slave\/Automatik<\/p>\n<p>DMX-Kan\u00e4le: 16 Kan\u00e4le<\/p>\n<p>Effekt-Rad: Regenbogen-Rad<\/p>\n<p>Anzeige: Farbiger Touchscreen<\/p>\n<p>IP-Grad: IP20<\/p>\n<p>Gr\u00f6\u00dfe: 365*290*590 mm<\/p>\n<p>Nettogewicht: 20 KG<\/p>\n<p><iframe src=\"https:\/\/www.youtube.com\/embed\/cua_nYEsSzY\" width=\"560\" height=\"315\" frameborder=\"0\" allowfullscreen=\"allowfullscreen\"><\/iframe><\/p>","protected":false},"excerpt":{"rendered":"<p>AL380B Aolait 380w BEAM verf\u00fcgt \u00fcber eine neue und zuverl\u00e4ssige 380W YODN Lampe, dank dieser unglaublichen Leistung, stellen Sie sicher, f\u00fcr die Mid-Air-Distanzen.<\/p>\n<p>Zus\u00e4tzliche Vorteile sind 14 feste Gogo und 17 Farben. 2 Prisma-Effekt mit Prismen 1: 16 Facettenprismen Prismen 2: 48 Prismen f\u00fcgen Regenbogen-Effekt.<\/p>\n<p>3\u00b0 Abstrahlwinkel, trendiges Musterdesign, Doppelprisma und ein schockierender Effekt!<\/p>","protected":false},"featured_media":13347,"comment_status":"open","ping_status":"closed","template":"","meta":{"_acf_changed":true,"_seopress_robots_primary_cat":"none","_seopress_titles_title":"","_seopress_titles_desc":"","_seopress_robots_index":""},"product_brand":[],"product_cat":[26,403],"product_tag":[57,33,23,58,59],"class_list":{"0":"post-587","1":"product","2":"type-product","3":"status-publish","4":"has-post-thumbnail","6":"product_cat-lamp-moving-head","7":"product_cat-product","8":"product_tag-beam-moving-head","9":"product_tag-church-lighting","10":"product_tag-concert-lighting","11":"product_tag-sharpy-beam","12":"product_tag-sharpy-moving-head","14":"first","15":"instock","16":"shipping-taxable","17":"product-type-simple"},"acf":[],"_links":{"self":[{"href":"https:\/\/aolait.com\/de\/wp-json\/wp\/v2\/product\/587","targetHints":{"allow":["GET"]}}],"collection":[{"href":"https:\/\/aolait.com\/de\/wp-json\/wp\/v2\/product"}],"about":[{"href":"https:\/\/aolait.com\/de\/wp-json\/wp\/v2\/types\/product"}],"replies":[{"embeddable":true,"href":"https:\/\/aolait.com\/de\/wp-json\/wp\/v2\/comments?post=587"}],"wp:featuredmedia":[{"embeddable":true,"href":"https:\/\/aolait.com\/de\/wp-json\/wp\/v2\/media\/13347"}],"wp:attachment":[{"href":"https:\/\/aolait.com\/de\/wp-json\/wp\/v2\/media?parent=587"}],"wp:term":[{"taxonomy":"product_brand","embeddable":true,"href":"https:\/\/aolait.com\/de\/wp-json\/wp\/v2\/product_brand?post=587"},{"taxonomy":"product_cat","embeddable":true,"href":"https:\/\/aolait.com\/de\/wp-json\/wp\/v2\/product_cat?post=587"},{"taxonomy":"product_tag","embeddable":true,"href":"https:\/\/aolait.com\/de\/wp-json\/wp\/v2\/product_tag?post=587"}],"curies":[{"name":"wp","href":"https:\/\/api.w.org\/{rel}","templated":true}]}}