{"id":902,"date":"2020-11-03T13:50:01","date_gmt":"2020-11-03T05:50:01","guid":{"rendered":"https:\/\/aolait.com\/?post_type=product&#038;p=902"},"modified":"2026-03-19T15:04:07","modified_gmt":"2026-03-19T07:04:07","slug":"19x15w-led-moving-head-with-lens-rotation","status":"publish","type":"product","link":"https:\/\/aolait.com\/de\/produkt\/19x15w-led-moving-head-mit-linsenrotation\/","title":{"rendered":"19x15W Led Moving Head mit drehbarer Linse"},"content":{"rendered":"<p>Spannung: AC100-240V 50\/60Hz<\/p>\n<p>Leistung: 450W<\/p>\n<p>Lichtquelle: 19PCS 15W hohe Helligkeit RGBW 4-in-1 LEDs<\/p>\n<p>Lebenserwartung: 50000 Stunden<\/p>\n<p>Zoom: 4\u00b0-60\u00b0<\/p>\n<p>Stroboskop: 0-20 Mal\/Sekunde<\/p>\n<p>Dimmer: 0-100% linear dimmbar<\/p>\n<p>Bewegung: Pan 540\u00b0, 16 Bit Aufl\u00f6sung Tilt 270\u00b0, 16 Bit Aufl\u00f6sung<\/p>\n<p>Steuerungsmodelle: Standard DMX 512\/Master-Salve\/Ton\/Auto<\/p>\n<p>DMX-Kanal: 21\/23\/35\/78\/92\/97\/99 Kan\u00e4le<\/p>\n<p>Anzeige: LCD-Anzeige<\/p>\n<p>IP-Grad: IP20<\/p>\n<p>Gr\u00f6\u00dfe: 415*275*425 mm<\/p>\n<p>N.W.: 15 KG<\/p>\n<p><iframe src=\"https:\/\/www.youtube.com\/embed\/lF0vkh6YH_A\" width=\"560\" height=\"315\" frameborder=\"0\" allowfullscreen=\"allowfullscreen\"><\/iframe><\/p>","protected":false},"excerpt":{"rendered":"<p>AL1019WR Jede LED kann einzeln gesteuert werden, mit einzigartiger, wabenf\u00f6rmiger Linse<\/p>\n<p>Die Frontlinse kann ohne Einschr\u00e4nkung in Vorw\u00e4rts- und R\u00fcckw\u00e4rtsrichtung gedreht werden, um erstaunliche Effekte zu erzielen<\/p>\n<p>Der Bildschirm kann automatisch um 180\u00b0 gedreht werden, um die Installation an verschiedenen Orten zu erm\u00f6glichen.<\/p>\n<p>Kann als Beam, Wash oder als Effektlicht verwendet werden (Kaleido-Effekte)<\/p>","protected":false},"featured_media":14276,"comment_status":"open","ping_status":"closed","template":"","meta":{"_acf_changed":true,"_seopress_robots_primary_cat":"none","_seopress_titles_title":"","_seopress_titles_desc":"","_seopress_robots_index":""},"product_brand":[],"product_cat":[28,403],"product_tag":[96,97,38],"class_list":{"0":"post-902","1":"product","2":"type-product","3":"status-publish","4":"has-post-thumbnail","6":"product_cat-led-wash-moving-head","7":"product_cat-product","8":"product_tag-19x15w-led-moving-head","9":"product_tag-bee-eye-effect","10":"product_tag-led-wash-moving-head","12":"first","13":"instock","14":"shipping-taxable","15":"product-type-simple"},"acf":[],"_links":{"self":[{"href":"https:\/\/aolait.com\/de\/wp-json\/wp\/v2\/product\/902","targetHints":{"allow":["GET"]}}],"collection":[{"href":"https:\/\/aolait.com\/de\/wp-json\/wp\/v2\/product"}],"about":[{"href":"https:\/\/aolait.com\/de\/wp-json\/wp\/v2\/types\/product"}],"replies":[{"embeddable":true,"href":"https:\/\/aolait.com\/de\/wp-json\/wp\/v2\/comments?post=902"}],"wp:featuredmedia":[{"embeddable":true,"href":"https:\/\/aolait.com\/de\/wp-json\/wp\/v2\/media\/14276"}],"wp:attachment":[{"href":"https:\/\/aolait.com\/de\/wp-json\/wp\/v2\/media?parent=902"}],"wp:term":[{"taxonomy":"product_brand","embeddable":true,"href":"https:\/\/aolait.com\/de\/wp-json\/wp\/v2\/product_brand?post=902"},{"taxonomy":"product_cat","embeddable":true,"href":"https:\/\/aolait.com\/de\/wp-json\/wp\/v2\/product_cat?post=902"},{"taxonomy":"product_tag","embeddable":true,"href":"https:\/\/aolait.com\/de\/wp-json\/wp\/v2\/product_tag?post=902"}],"curies":[{"name":"wp","href":"https:\/\/api.w.org\/{rel}","templated":true}]}}