{"id":924,"date":"2020-11-03T14:46:46","date_gmt":"2020-11-03T06:46:46","guid":{"rendered":"https:\/\/aolait.com\/?post_type=product&#038;p=924"},"modified":"2025-10-21T19:04:00","modified_gmt":"2025-10-21T11:04:00","slug":"19x15w-led-moving-head-with-zoom","status":"publish","type":"product","link":"https:\/\/aolait.com\/de\/produkt\/19x15w-led-beweglicher-kopf-mit-zoom\/","title":{"rendered":"19x15W Led Moving Head mit Zoom"},"content":{"rendered":"<p>Spannung: AC100-240V,50\/60HZ<\/p>\n<p>Lichtquelle: 19PCS 15W RGBW 4 in 1 Led Chip<\/p>\n<p>Steuerungsmodus: DMX 512<\/p>\n<p>Kanal: 16 CH<\/p>\n<p>Dimmer: 0-100%, vier Dimmerkurven<\/p>\n<p>Stroboskop: 0-25HZ, Zufalls- und Stroboskopfunktion<\/p>\n<p>Zoom-Winkel: 10\u00b0-60\u00b0<\/p>\n<p>Pan 540\u00b0Tilt240\u00b0, 16Bit Aufl\u00f6sung, automatische Fehlerkorrektur<\/p>\n<p>Anzeige: Chinesisch &amp; Englisch LCD<\/p>\n<p>IP-Grad: IP20<\/p>\n<p>Geh\u00e4use: Schwer entflammbarer technischer Kunststoff<\/p>\n<p>Gr\u00f6\u00dfe: 260*160*300mm<\/p>\n<p>N.W.: 9.5kgs<\/p>\n<p><iframe src=\"https:\/\/www.youtube.com\/embed\/DX4EhC10F-o\" width=\"560\" height=\"315\" frameborder=\"0\" allowfullscreen=\"allowfullscreen\"><\/iframe><\/p>","protected":false},"excerpt":{"rendered":"<p>AL1019WZ verf\u00fcgt \u00fcber 19PCS 15W 4-in-1 RGBW LEDs.<\/p>\n<p>Zu den n\u00fctzlichen Funktionen geh\u00f6ren die Kreissteuerung und der gro\u00dfe Waschzoom 10\u00b0-60\u00b0.<\/p>\n<p>Eine beliebte Einrichtung f\u00fcr B\u00fchne, Konzert, Disco und Gigs.<\/p>","protected":false},"featured_media":13329,"comment_status":"open","ping_status":"closed","template":"","meta":{"_acf_changed":true,"_seopress_robots_primary_cat":"none","_seopress_titles_title":"","_seopress_titles_desc":"","_seopress_robots_index":""},"product_brand":[],"product_cat":[28,403],"product_tag":[96,38,100,101],"class_list":{"0":"post-924","1":"product","2":"type-product","3":"status-publish","4":"has-post-thumbnail","6":"product_cat-led-wash-moving-head","7":"product_cat-product","8":"product_tag-19x15w-led-moving-head","9":"product_tag-led-wash-moving-head","10":"product_tag-rgbw-led-wash-zoom","11":"product_tag-rgbw-moving-head","13":"first","14":"instock","15":"shipping-taxable","16":"product-type-simple"},"acf":[],"_links":{"self":[{"href":"https:\/\/aolait.com\/de\/wp-json\/wp\/v2\/product\/924","targetHints":{"allow":["GET"]}}],"collection":[{"href":"https:\/\/aolait.com\/de\/wp-json\/wp\/v2\/product"}],"about":[{"href":"https:\/\/aolait.com\/de\/wp-json\/wp\/v2\/types\/product"}],"replies":[{"embeddable":true,"href":"https:\/\/aolait.com\/de\/wp-json\/wp\/v2\/comments?post=924"}],"wp:featuredmedia":[{"embeddable":true,"href":"https:\/\/aolait.com\/de\/wp-json\/wp\/v2\/media\/13329"}],"wp:attachment":[{"href":"https:\/\/aolait.com\/de\/wp-json\/wp\/v2\/media?parent=924"}],"wp:term":[{"taxonomy":"product_brand","embeddable":true,"href":"https:\/\/aolait.com\/de\/wp-json\/wp\/v2\/product_brand?post=924"},{"taxonomy":"product_cat","embeddable":true,"href":"https:\/\/aolait.com\/de\/wp-json\/wp\/v2\/product_cat?post=924"},{"taxonomy":"product_tag","embeddable":true,"href":"https:\/\/aolait.com\/de\/wp-json\/wp\/v2\/product_tag?post=924"}],"curies":[{"name":"wp","href":"https:\/\/api.w.org\/{rel}","templated":true}]}}