{"id":997,"date":"2020-11-04T10:33:06","date_gmt":"2020-11-04T02:33:06","guid":{"rendered":"https:\/\/aolait.com\/?post_type=product&#038;p=997"},"modified":"2025-10-21T19:04:00","modified_gmt":"2025-10-21T11:04:00","slug":"6x40w-led-moving-head-zoom","status":"publish","type":"product","link":"https:\/\/aolait.com\/de\/produkt\/6x40w-led-moving-head-zoom\/","title":{"rendered":"6x40W Led Moving Head Zoom"},"content":{"rendered":"<p>Spannung: AC100-240V 50\/60Hz<\/p>\n<p>Leistung: 255W<\/p>\n<p>Lichtquelle: 6PCS 40W hohe Helligkeit RGBW 4-in-1 LEDs<\/p>\n<p>Lebenserwartung: 50000 Stunden<\/p>\n<p>Zoom: 4\u00b0-36\u00b0<\/p>\n<p>Dimmer: 0-100% linear dimmbar<\/p>\n<p>Bewegung: Schwenken 540\u00b0, Neigen 190\u00b0, hohe Geschwindigkeit der Schwenk-\/Neigebewegung, Geschwindigkeit der Schwenk-\/Neigebewegung ist einstellbar<\/p>\n<p>Steuerungsmodus: Standard-DMX 512\/Master-Salve\/Ton\/Automatik<\/p>\n<p>DMX-Kanal: 10\/17 Kan\u00e4le<\/p>\n<p>Anzeige: LCD-Anzeige<\/p>\n<p>8 interne Programme, Soundmodus kann \u00fcber DXM 512 gesteuert werden<\/p>\n<p>IP-Grad: IP20<\/p>\n<p>Gr\u00f6\u00dfe: 440*360*320 mm<\/p>\n<p>Nettogewicht: 8,5 kg<\/p>\n<p><iframe src=\"https:\/\/www.youtube.com\/embed\/P4yi8_tGACw\" width=\"560\" height=\"315\" frameborder=\"0\" allowfullscreen=\"allowfullscreen\"><\/iframe><\/p>\n\n\n<p><\/p>","protected":false},"excerpt":{"rendered":"<p>AL640WR, ein Led-Moving Head in Unternehmensgr\u00f6\u00dfe mit Bee-Eye-Effekt.<\/p>\n<p>N.W ist nur 8,5 KG, Zoom-Winkel von 4\u00b0-36\u00b0.<\/p>\n<p>Kleines Geh\u00e4use, gro\u00dfe Funktion, Hochleistungs-LEDs AL640WR r\u00fcsten beide aus.<\/p>\n<p>&nbsp;<\/p>","protected":false},"featured_media":13395,"comment_status":"open","ping_status":"closed","template":"","meta":{"_acf_changed":true,"_seopress_robots_primary_cat":"none","_seopress_titles_title":"","_seopress_titles_desc":"","_seopress_robots_index":""},"product_brand":[],"product_cat":[28,403],"product_tag":[38,90,84,101],"class_list":{"0":"post-997","1":"product","2":"type-product","3":"status-publish","4":"has-post-thumbnail","6":"product_cat-led-wash-moving-head","7":"product_cat-product","8":"product_tag-led-wash-moving-head","9":"product_tag-led-wash-zoom","10":"product_tag-mini-led-moving-head","11":"product_tag-rgbw-moving-head","13":"first","14":"instock","15":"shipping-taxable","16":"product-type-simple"},"acf":[],"_links":{"self":[{"href":"https:\/\/aolait.com\/de\/wp-json\/wp\/v2\/product\/997","targetHints":{"allow":["GET"]}}],"collection":[{"href":"https:\/\/aolait.com\/de\/wp-json\/wp\/v2\/product"}],"about":[{"href":"https:\/\/aolait.com\/de\/wp-json\/wp\/v2\/types\/product"}],"replies":[{"embeddable":true,"href":"https:\/\/aolait.com\/de\/wp-json\/wp\/v2\/comments?post=997"}],"wp:featuredmedia":[{"embeddable":true,"href":"https:\/\/aolait.com\/de\/wp-json\/wp\/v2\/media\/13395"}],"wp:attachment":[{"href":"https:\/\/aolait.com\/de\/wp-json\/wp\/v2\/media?parent=997"}],"wp:term":[{"taxonomy":"product_brand","embeddable":true,"href":"https:\/\/aolait.com\/de\/wp-json\/wp\/v2\/product_brand?post=997"},{"taxonomy":"product_cat","embeddable":true,"href":"https:\/\/aolait.com\/de\/wp-json\/wp\/v2\/product_cat?post=997"},{"taxonomy":"product_tag","embeddable":true,"href":"https:\/\/aolait.com\/de\/wp-json\/wp\/v2\/product_tag?post=997"}],"curies":[{"name":"wp","href":"https:\/\/api.w.org\/{rel}","templated":true}]}}