{"id":41,"date":"2020-10-20T16:21:21","date_gmt":"2020-10-20T08:21:21","guid":{"rendered":"https:\/\/aolait.com\/?page_id=41"},"modified":"2020-11-16T17:26:59","modified_gmt":"2020-11-16T09:26:59","slug":"show-case","status":"publish","type":"page","link":"https:\/\/aolait.com\/es\/vitrina\/","title":{"rendered":"Mostrar caso"},"content":{"rendered":"<div data-elementor-type=\"wp-page\" data-elementor-id=\"41\" class=\"elementor elementor-41\" data-elementor-post-type=\"page\">\n\t\t\t\t\t\t<section class=\"elementor-section elementor-top-section elementor-element elementor-element-7066c58 elementor-section-boxed elementor-section-height-default elementor-section-height-default\" data-id=\"7066c58\" data-element_type=\"section\" data-e-type=\"section\" data-settings=\"{&quot;background_background&quot;:&quot;classic&quot;}\">\n\t\t\t\t\t\t\t<div class=\"elementor-background-overlay\"><\/div>\n\t\t\t\t\t\t\t<div class=\"elementor-container elementor-column-gap-default\">\n\t\t\t\t\t<div class=\"elementor-column elementor-col-100 elementor-top-column elementor-element elementor-element-6a446b6\" data-id=\"6a446b6\" data-element_type=\"column\" data-e-type=\"column\">\n\t\t\t<div class=\"elementor-widget-wrap elementor-element-populated\">\n\t\t\t\t\t\t<div class=\"elementor-element elementor-element-ea8f51e elementor-widget elementor-widget-heading\" data-id=\"ea8f51e\" data-element_type=\"widget\" data-e-type=\"widget\" data-widget_type=\"heading.default\">\n\t\t\t\t<div class=\"elementor-widget-container\">\n\t\t\t\t\t<h1 class=\"elementor-heading-title elementor-size-default\">MOSTRAR CASO<\/h1>\t\t\t\t<\/div>\n\t\t\t\t<\/div>\n\t\t\t\t<div class=\"elementor-element elementor-element-b017da6 elementor-widget elementor-widget-text-editor\" data-id=\"b017da6\" data-element_type=\"widget\" data-e-type=\"widget\" data-widget_type=\"text-editor.default\">\n\t\t\t\t<div class=\"elementor-widget-container\">\n\t\t\t\t\t\t\t\t\t<p>Nuestra misi\u00f3n es cubrir su escenario con la atm\u00f3sfera adecuada. Luz, hace que su expresi\u00f3n con la excelencia.<\/p>\t\t\t\t\t\t\t\t<\/div>\n\t\t\t\t<\/div>\n\t\t\t\t\t<\/div>\n\t\t<\/div>\n\t\t\t\t\t<\/div>\n\t\t<\/section>\n\t\t\t\t<section class=\"elementor-section elementor-top-section elementor-element elementor-element-ee308e3 elementor-section-boxed elementor-section-height-default elementor-section-height-default\" data-id=\"ee308e3\" data-element_type=\"section\" data-e-type=\"section\" data-settings=\"{&quot;background_background&quot;:&quot;classic&quot;}\">\n\t\t\t\t\t\t<div class=\"elementor-container elementor-column-gap-default\">\n\t\t\t\t\t<div class=\"elementor-column elementor-col-100 elementor-top-column elementor-element elementor-element-5d61f0d\" data-id=\"5d61f0d\" data-element_type=\"column\" data-e-type=\"column\">\n\t\t\t<div class=\"elementor-widget-wrap elementor-element-populated\">\n\t\t\t\t\t\t<div class=\"elementor-element elementor-element-624243a elementor-grid-3 elementor-grid-tablet-2 elementor-grid-mobile-1 elementor-posts--thumbnail-top elementor-card-shadow-yes elementor-posts__hover-gradient elementor-widget elementor-widget-posts\" data-id=\"624243a\" data-element_type=\"widget\" data-e-type=\"widget\" data-settings=\"{&quot;pagination_type&quot;:&quot;prev_next&quot;,&quot;cards_columns&quot;:&quot;3&quot;,&quot;cards_columns_tablet&quot;:&quot;2&quot;,&quot;cards_columns_mobile&quot;:&quot;1&quot;,&quot;cards_row_gap&quot;:{&quot;unit&quot;:&quot;px&quot;,&quot;size&quot;:35,&quot;sizes&quot;:[]},&quot;cards_row_gap_tablet&quot;:{&quot;unit&quot;:&quot;px&quot;,&quot;size&quot;:&quot;&quot;,&quot;sizes&quot;:[]},&quot;cards_row_gap_mobile&quot;:{&quot;unit&quot;:&quot;px&quot;,&quot;size&quot;:&quot;&quot;,&quot;sizes&quot;:[]}}\" data-widget_type=\"posts.cards\">\n\t\t\t\t<div class=\"elementor-widget-container\">\n\t\t\t\t\t\t\t<div class=\"elementor-posts-container elementor-posts elementor-posts--skin-cards elementor-grid\" role=\"list\">\n\t\t\t\t<article class=\"elementor-post elementor-grid-item post-1472 post type-post status-publish format-standard has-post-thumbnail category-show-case\" role=\"listitem\">\n\t\t\t<div class=\"elementor-post__card\">\n\t\t\t\t<a class=\"elementor-post__thumbnail__link\" href=\"https:\/\/aolait.com\/es\/espectaculo-eclesiastico-en-ee-uu-2\/\" tabindex=\"-1\" ><div class=\"elementor-post__thumbnail\"><img fetchpriority=\"high\" decoding=\"async\" width=\"300\" height=\"200\" src=\"https:\/\/aolait.com\/wp-content\/uploads\/2020\/11\/78770552_601780497233129_4114362916180852736_n-300x200.jpg\" class=\"attachment-medium size-medium wp-image-1474\" alt=\"78770552 601780497233129 4114362916180852736 N\" srcset=\"https:\/\/aolait.com\/wp-content\/uploads\/2020\/11\/78770552_601780497233129_4114362916180852736_n-300x200.jpg 300w, https:\/\/aolait.com\/wp-content\/uploads\/2020\/11\/78770552_601780497233129_4114362916180852736_n-1024x683.jpg 1024w, https:\/\/aolait.com\/wp-content\/uploads\/2020\/11\/78770552_601780497233129_4114362916180852736_n-768x512.jpg 768w, https:\/\/aolait.com\/wp-content\/uploads\/2020\/11\/78770552_601780497233129_4114362916180852736_n-1536x1024.jpg 1536w, https:\/\/aolait.com\/wp-content\/uploads\/2020\/11\/78770552_601780497233129_4114362916180852736_n-600x400.jpg 600w, https:\/\/aolait.com\/wp-content\/uploads\/2020\/11\/78770552_601780497233129_4114362916180852736_n.jpg 1920w\" sizes=\"(max-width: 300px) 100vw, 300px\" \/><\/div><\/a>\n\t\t\t\t<div class=\"elementor-post__text\">\n\t\t\t\t<h3 class=\"elementor-post__title\">\n\t\t\t<a href=\"https:\/\/aolait.com\/es\/espectaculo-eclesiastico-en-ee-uu-2\/\" >\n\t\t\t\tEspect\u00e1culo eclesi\u00e1stico en EE.UU.\t\t\t<\/a>\n\t\t<\/h3>\n\t\t\t\t<div class=\"elementor-post__excerpt\">\n\t\t\t<p>Faro m\u00f3vil de 380W<br \/>\n300W led spot moving head light<br \/>\n24X15W led par RGBWA<\/p>\n\t\t<\/div>\n\t\t\n\t\t<a class=\"elementor-post__read-more\" href=\"https:\/\/aolait.com\/es\/espectaculo-eclesiastico-en-ee-uu-2\/\" aria-label=\"M\u00e1s informaci\u00f3n sobre Church show in USA\" tabindex=\"-1\" >\n\t\t\tLeer M\u00e1s \"\t\t<\/a>\n\n\t\t\t\t<\/div>\n\t\t\t\t<div class=\"elementor-post__meta-data\">\n\t\t\t\t\t<span class=\"elementor-post-date\">\n\t\t\t6 de noviembre de 2020\t\t<\/span>\n\t\t\t\t<span class=\"elementor-post-avatar\">\n\t\t\tNo hay comentarios\t\t<\/span>\n\t\t\t\t<\/div>\n\t\t\t\t\t<\/div>\n\t\t<\/article>\n\t\t\t\t<article class=\"elementor-post elementor-grid-item post-1463 post type-post status-publish format-standard has-post-thumbnail category-show-case\" role=\"listitem\">\n\t\t\t<div class=\"elementor-post__card\">\n\t\t\t\t<a class=\"elementor-post__thumbnail__link\" href=\"https:\/\/aolait.com\/es\/concierto-en-directo-en-checo\/\" tabindex=\"-1\" ><div class=\"elementor-post__thumbnail\"><img decoding=\"async\" width=\"300\" height=\"200\" src=\"https:\/\/aolait.com\/wp-content\/uploads\/2020\/11\/74362352_413173202696409_4228789937392058368_n-1-300x200.jpg\" class=\"attachment-medium size-medium wp-image-1469\" alt=\"74362352 413173202696409 4228789937392058368 N\" srcset=\"https:\/\/aolait.com\/wp-content\/uploads\/2020\/11\/74362352_413173202696409_4228789937392058368_n-1-300x200.jpg 300w, https:\/\/aolait.com\/wp-content\/uploads\/2020\/11\/74362352_413173202696409_4228789937392058368_n-1-1024x683.jpg 1024w, https:\/\/aolait.com\/wp-content\/uploads\/2020\/11\/74362352_413173202696409_4228789937392058368_n-1-768x512.jpg 768w, https:\/\/aolait.com\/wp-content\/uploads\/2020\/11\/74362352_413173202696409_4228789937392058368_n-1-1536x1025.jpg 1536w, https:\/\/aolait.com\/wp-content\/uploads\/2020\/11\/74362352_413173202696409_4228789937392058368_n-1-600x400.jpg 600w, https:\/\/aolait.com\/wp-content\/uploads\/2020\/11\/74362352_413173202696409_4228789937392058368_n-1.jpg 2000w\" sizes=\"(max-width: 300px) 100vw, 300px\" \/><\/div><\/a>\n\t\t\t\t<div class=\"elementor-post__text\">\n\t\t\t\t<h3 class=\"elementor-post__title\">\n\t\t\t<a href=\"https:\/\/aolait.com\/es\/concierto-en-directo-en-checo\/\" >\n\t\t\t\tConcierto en directo en checo\t\t\t<\/a>\n\t\t<\/h3>\n\t\t\t\t<div class=\"elementor-post__excerpt\">\n\t\t\t<p>Luces aplicadas:<br \/>\n12X40W led cabeza m\u00f3vil de lavado<br \/>\nFaro m\u00f3vil de 380W<\/p>\n\t\t<\/div>\n\t\t\n\t\t<a class=\"elementor-post__read-more\" href=\"https:\/\/aolait.com\/es\/concierto-en-directo-en-checo\/\" aria-label=\"M\u00e1s informaci\u00f3n sobre Live concert show in Czech\" tabindex=\"-1\" >\n\t\t\tLeer M\u00e1s \"\t\t<\/a>\n\n\t\t\t\t<\/div>\n\t\t\t\t<div class=\"elementor-post__meta-data\">\n\t\t\t\t\t<span class=\"elementor-post-date\">\n\t\t\t6 de noviembre de 2020\t\t<\/span>\n\t\t\t\t<span class=\"elementor-post-avatar\">\n\t\t\tNo hay comentarios\t\t<\/span>\n\t\t\t\t<\/div>\n\t\t\t\t\t<\/div>\n\t\t<\/article>\n\t\t\t\t<article class=\"elementor-post elementor-grid-item post-1452 post type-post status-publish format-standard has-post-thumbnail category-show-case\" role=\"listitem\">\n\t\t\t<div class=\"elementor-post__card\">\n\t\t\t\t<a class=\"elementor-post__thumbnail__link\" href=\"https:\/\/aolait.com\/es\/espectaculo-mengbalanasi-en-yunnan\/\" tabindex=\"-1\" ><div class=\"elementor-post__thumbnail\"><img decoding=\"async\" width=\"300\" height=\"225\" src=\"https:\/\/aolait.com\/wp-content\/uploads\/2020\/11\/\u5fae\u4fe1\u56fe\u7247_20201106094259-300x225.jpg\" class=\"attachment-medium size-medium wp-image-1460\" alt=\"\u5fae\u4fe1\u56fe\u7247 20201106094259\" srcset=\"https:\/\/aolait.com\/wp-content\/uploads\/2020\/11\/\u5fae\u4fe1\u56fe\u7247_20201106094259-300x225.jpg 300w, https:\/\/aolait.com\/wp-content\/uploads\/2020\/11\/\u5fae\u4fe1\u56fe\u7247_20201106094259-1024x768.jpg 1024w, https:\/\/aolait.com\/wp-content\/uploads\/2020\/11\/\u5fae\u4fe1\u56fe\u7247_20201106094259-768x576.jpg 768w, https:\/\/aolait.com\/wp-content\/uploads\/2020\/11\/\u5fae\u4fe1\u56fe\u7247_20201106094259-600x450.jpg 600w, https:\/\/aolait.com\/wp-content\/uploads\/2020\/11\/\u5fae\u4fe1\u56fe\u7247_20201106094259.jpg 1440w\" sizes=\"(max-width: 300px) 100vw, 300px\" \/><\/div><\/a>\n\t\t\t\t<div class=\"elementor-post__text\">\n\t\t\t\t<h3 class=\"elementor-post__title\">\n\t\t\t<a href=\"https:\/\/aolait.com\/es\/espectaculo-mengbalanasi-en-yunnan\/\" >\n\t\t\t\tEspect\u00e1culo Mengbalanasi en Yunnan\t\t\t<\/a>\n\t\t<\/h3>\n\t\t\t\t<div class=\"elementor-post__excerpt\">\n\t\t\t<p>Luces aplicadas:<br \/>\nCabeza m\u00f3vil con perfil led de 600 W<br \/>\nSuper Haz 350W<br \/>\n12X40W led cabeza m\u00f3vil de lavado<\/p>\n\t\t<\/div>\n\t\t\n\t\t<a class=\"elementor-post__read-more\" href=\"https:\/\/aolait.com\/es\/espectaculo-mengbalanasi-en-yunnan\/\" aria-label=\"M\u00e1s informaci\u00f3n sobre Mengbalanasi Show in Yunnan\" tabindex=\"-1\" >\n\t\t\tLeer M\u00e1s \"\t\t<\/a>\n\n\t\t\t\t<\/div>\n\t\t\t\t<div class=\"elementor-post__meta-data\">\n\t\t\t\t\t<span class=\"elementor-post-date\">\n\t\t\t6 de noviembre de 2020\t\t<\/span>\n\t\t\t\t<span class=\"elementor-post-avatar\">\n\t\t\tNo hay comentarios\t\t<\/span>\n\t\t\t\t<\/div>\n\t\t\t\t\t<\/div>\n\t\t<\/article>\n\t\t\t\t<article class=\"elementor-post elementor-grid-item post-1443 post type-post status-publish format-standard has-post-thumbnail category-show-case\" role=\"listitem\">\n\t\t\t<div class=\"elementor-post__card\">\n\t\t\t\t<a class=\"elementor-post__thumbnail__link\" href=\"https:\/\/aolait.com\/es\/nuestros-proyectos-de-canciones-en-benz-center\/\" tabindex=\"-1\" ><div class=\"elementor-post__thumbnail\"><img loading=\"lazy\" decoding=\"async\" width=\"300\" height=\"225\" src=\"https:\/\/aolait.com\/wp-content\/uploads\/2020\/11\/\u5fae\u4fe1\u56fe\u7247_20201027163727-300x225.jpg\" class=\"attachment-medium size-medium wp-image-1449\" alt=\"\u5fae\u4fe1\u56fe\u7247 20201027163727\" srcset=\"https:\/\/aolait.com\/wp-content\/uploads\/2020\/11\/\u5fae\u4fe1\u56fe\u7247_20201027163727-300x225.jpg 300w, https:\/\/aolait.com\/wp-content\/uploads\/2020\/11\/\u5fae\u4fe1\u56fe\u7247_20201027163727-1024x768.jpg 1024w, https:\/\/aolait.com\/wp-content\/uploads\/2020\/11\/\u5fae\u4fe1\u56fe\u7247_20201027163727-768x576.jpg 768w, https:\/\/aolait.com\/wp-content\/uploads\/2020\/11\/\u5fae\u4fe1\u56fe\u7247_20201027163727-600x450.jpg 600w, https:\/\/aolait.com\/wp-content\/uploads\/2020\/11\/\u5fae\u4fe1\u56fe\u7247_20201027163727.jpg 1440w\" sizes=\"(max-width: 300px) 100vw, 300px\" \/><\/div><\/a>\n\t\t\t\t<div class=\"elementor-post__text\">\n\t\t\t\t<h3 class=\"elementor-post__title\">\n\t\t\t<a href=\"https:\/\/aolait.com\/es\/nuestros-proyectos-de-canciones-en-benz-center\/\" >\n\t\t\t\tNuestros proyectos de canciones en Benz Center\t\t\t<\/a>\n\t\t<\/h3>\n\t\t\t\t<div class=\"elementor-post__excerpt\">\n\t\t\t<p>Luces aplicadas<br \/>\n12x40w led cabeza m\u00f3vil wash<br \/>\nFaro m\u00f3vil de 380W<br \/>\nFaro m\u00f3vil de 600W led perfil<\/p>\n\t\t<\/div>\n\t\t\n\t\t<a class=\"elementor-post__read-more\" href=\"https:\/\/aolait.com\/es\/nuestros-proyectos-de-canciones-en-benz-center\/\" aria-label=\"M\u00e1s informaci\u00f3n sobre Nuestros proyectos de canciones en Benz Center\" tabindex=\"-1\" >\n\t\t\tLeer M\u00e1s \"\t\t<\/a>\n\n\t\t\t\t<\/div>\n\t\t\t\t<div class=\"elementor-post__meta-data\">\n\t\t\t\t\t<span class=\"elementor-post-date\">\n\t\t\t6 de noviembre de 2020\t\t<\/span>\n\t\t\t\t<span class=\"elementor-post-avatar\">\n\t\t\tNo hay comentarios\t\t<\/span>\n\t\t\t\t<\/div>\n\t\t\t\t\t<\/div>\n\t\t<\/article>\n\t\t\t\t<article class=\"elementor-post elementor-grid-item post-1433 post type-post status-publish format-standard has-post-thumbnail category-show-case\" role=\"listitem\">\n\t\t\t<div class=\"elementor-post__card\">\n\t\t\t\t<a class=\"elementor-post__thumbnail__link\" href=\"https:\/\/aolait.com\/es\/rapero-china-2020\/\" tabindex=\"-1\" ><div class=\"elementor-post__thumbnail\"><img loading=\"lazy\" decoding=\"async\" width=\"300\" height=\"169\" src=\"https:\/\/aolait.com\/wp-content\/uploads\/2020\/11\/\u5fae\u4fe1\u56fe\u7247_20201106092924-1-300x169.jpg\" class=\"attachment-medium size-medium wp-image-1440\" alt=\"\u5fae\u4fe1\u56fe\u7247 20201106092924\" srcset=\"https:\/\/aolait.com\/wp-content\/uploads\/2020\/11\/\u5fae\u4fe1\u56fe\u7247_20201106092924-1-300x169.jpg 300w, https:\/\/aolait.com\/wp-content\/uploads\/2020\/11\/\u5fae\u4fe1\u56fe\u7247_20201106092924-1-1024x576.jpg 1024w, https:\/\/aolait.com\/wp-content\/uploads\/2020\/11\/\u5fae\u4fe1\u56fe\u7247_20201106092924-1-768x432.jpg 768w, https:\/\/aolait.com\/wp-content\/uploads\/2020\/11\/\u5fae\u4fe1\u56fe\u7247_20201106092924-1-1536x864.jpg 1536w, https:\/\/aolait.com\/wp-content\/uploads\/2020\/11\/\u5fae\u4fe1\u56fe\u7247_20201106092924-1-600x338.jpg 600w, https:\/\/aolait.com\/wp-content\/uploads\/2020\/11\/\u5fae\u4fe1\u56fe\u7247_20201106092924-1.jpg 1920w\" sizes=\"(max-width: 300px) 100vw, 300px\" \/><\/div><\/a>\n\t\t\t\t<div class=\"elementor-post__text\">\n\t\t\t\t<h3 class=\"elementor-post__title\">\n\t\t\t<a href=\"https:\/\/aolait.com\/es\/rapero-china-2020\/\" >\n\t\t\t\tRapero China 2020\t\t\t<\/a>\n\t\t<\/h3>\n\t\t\t\t<div class=\"elementor-post__excerpt\">\n\t\t\t<p>Luces aplicadas:<br \/>\n200W Cob led par<br \/>\nSuper Haz 350W<\/p>\n\t\t<\/div>\n\t\t\n\t\t<a class=\"elementor-post__read-more\" href=\"https:\/\/aolait.com\/es\/rapero-china-2020\/\" aria-label=\"M\u00e1s informaci\u00f3n sobre Rapero China 2020\" tabindex=\"-1\" >\n\t\t\tLeer M\u00e1s \"\t\t<\/a>\n\n\t\t\t\t<\/div>\n\t\t\t\t<div class=\"elementor-post__meta-data\">\n\t\t\t\t\t<span class=\"elementor-post-date\">\n\t\t\t6 de noviembre de 2020\t\t<\/span>\n\t\t\t\t<span class=\"elementor-post-avatar\">\n\t\t\tNo hay comentarios\t\t<\/span>\n\t\t\t\t<\/div>\n\t\t\t\t\t<\/div>\n\t\t<\/article>\n\t\t\t\t<article class=\"elementor-post elementor-grid-item post-1408 post type-post status-publish format-standard has-post-thumbnail category-show-case\" role=\"listitem\">\n\t\t\t<div class=\"elementor-post__card\">\n\t\t\t\t<a class=\"elementor-post__thumbnail__link\" href=\"https:\/\/aolait.com\/es\/conferencia-sobre-desarrollo-turistico\/\" tabindex=\"-1\" ><div class=\"elementor-post__thumbnail\"><img loading=\"lazy\" decoding=\"async\" width=\"300\" height=\"225\" src=\"https:\/\/aolait.com\/wp-content\/uploads\/2020\/11\/\u5fae\u4fe1\u56fe\u7247_202011052055343-300x225.jpg\" class=\"attachment-medium size-medium wp-image-1413\" alt=\"\u5fae\u4fe1\u56fe\u7247 202011052055343\" srcset=\"https:\/\/aolait.com\/wp-content\/uploads\/2020\/11\/\u5fae\u4fe1\u56fe\u7247_202011052055343-300x225.jpg 300w, https:\/\/aolait.com\/wp-content\/uploads\/2020\/11\/\u5fae\u4fe1\u56fe\u7247_202011052055343-1024x768.jpg 1024w, https:\/\/aolait.com\/wp-content\/uploads\/2020\/11\/\u5fae\u4fe1\u56fe\u7247_202011052055343-768x576.jpg 768w, https:\/\/aolait.com\/wp-content\/uploads\/2020\/11\/\u5fae\u4fe1\u56fe\u7247_202011052055343-600x450.jpg 600w, https:\/\/aolait.com\/wp-content\/uploads\/2020\/11\/\u5fae\u4fe1\u56fe\u7247_202011052055343.jpg 1440w\" sizes=\"(max-width: 300px) 100vw, 300px\" \/><\/div><\/a>\n\t\t\t\t<div class=\"elementor-post__text\">\n\t\t\t\t<h3 class=\"elementor-post__title\">\n\t\t\t<a href=\"https:\/\/aolait.com\/es\/conferencia-sobre-desarrollo-turistico\/\" >\n\t\t\t\tConferencia sobre desarrollo tur\u00edstico\t\t\t<\/a>\n\t\t<\/h3>\n\t\t\t\t<div class=\"elementor-post__excerpt\">\n\t\t\t<p>Luces aplicadas:<br \/>\nHaz de cabeza m\u00f3vil estanco de 440 W<\/p>\n\t\t<\/div>\n\t\t\n\t\t<a class=\"elementor-post__read-more\" href=\"https:\/\/aolait.com\/es\/conferencia-sobre-desarrollo-turistico\/\" aria-label=\"M\u00e1s informaci\u00f3n sobre Conferencia sobre Desarrollo Tur\u00edstico\" tabindex=\"-1\" >\n\t\t\tLeer M\u00e1s \"\t\t<\/a>\n\n\t\t\t\t<\/div>\n\t\t\t\t<div class=\"elementor-post__meta-data\">\n\t\t\t\t\t<span class=\"elementor-post-date\">\n\t\t\t5 de noviembre de 2020\t\t<\/span>\n\t\t\t\t<span class=\"elementor-post-avatar\">\n\t\t\tNo hay comentarios\t\t<\/span>\n\t\t\t\t<\/div>\n\t\t\t\t\t<\/div>\n\t\t<\/article>\n\t\t\t\t<\/div>\n\t\t\n\t\t\t\t<div class=\"e-load-more-anchor\" data-page=\"1\" data-max-page=\"4\" data-next-page=\"https:\/\/aolait.com\/es\/wp-json\/wp\/v2\/pages\/41\/page\/2\/\"><\/div>\n\t\t\t\t<nav class=\"elementor-pagination\" aria-label=\"Paginaci\u00f3n\">\n\t\t\t<span class=\"page-numbers prev\">\" Anterior<\/span>\n<a class=\"page-numbers next\" href=\"https:\/\/aolait.com\/es\/wp-json\/wp\/v2\/pages\/41\/page\/2\/\">Siguiente \"<\/a>\t\t<\/nav>\n\t\t\t\t\t\t<\/div>\n\t\t\t\t<\/div>\n\t\t\t\t\t<\/div>\n\t\t<\/div>\n\t\t\t\t\t<\/div>\n\t\t<\/section>\n\t\t\t\t<\/div>","protected":false},"excerpt":{"rendered":"<p>SHOW CASE Nuestra misi\u00f3n es cubrir su escenario con la atm\u00f3sfera adecuada. La luz, hace su expresi\u00f3n con excelencia.<\/p>","protected":false},"author":1,"featured_media":0,"parent":0,"menu_order":0,"comment_status":"closed","ping_status":"closed","template":"","meta":{"_acf_changed":false,"_seopress_robots_primary_cat":"","_seopress_titles_title":"","_seopress_titles_desc":"","_seopress_robots_index":"","footnotes":""},"class_list":["post-41","page","type-page","status-publish"],"acf":[],"_links":{"self":[{"href":"https:\/\/aolait.com\/es\/wp-json\/wp\/v2\/pages\/41","targetHints":{"allow":["GET"]}}],"collection":[{"href":"https:\/\/aolait.com\/es\/wp-json\/wp\/v2\/pages"}],"about":[{"href":"https:\/\/aolait.com\/es\/wp-json\/wp\/v2\/types\/page"}],"author":[{"embeddable":true,"href":"https:\/\/aolait.com\/es\/wp-json\/wp\/v2\/users\/1"}],"replies":[{"embeddable":true,"href":"https:\/\/aolait.com\/es\/wp-json\/wp\/v2\/comments?post=41"}],"version-history":[{"count":28,"href":"https:\/\/aolait.com\/es\/wp-json\/wp\/v2\/pages\/41\/revisions"}],"predecessor-version":[{"id":1783,"href":"https:\/\/aolait.com\/es\/wp-json\/wp\/v2\/pages\/41\/revisions\/1783"}],"wp:attachment":[{"href":"https:\/\/aolait.com\/es\/wp-json\/wp\/v2\/media?parent=41"}],"curies":[{"name":"wp","href":"https:\/\/api.w.org\/{rel}","templated":true}]}}