{"id":12347,"date":"2025-05-06T14:13:15","date_gmt":"2025-05-06T06:13:15","guid":{"rendered":"https:\/\/aolait.com\/?post_type=product&#038;p=12347"},"modified":"2025-10-21T19:03:57","modified_gmt":"2025-10-21T11:03:57","slug":"600w-led-profile-moving-head","status":"publish","type":"product","link":"https:\/\/aolait.com\/es\/producto\/cabeza-movil-perfil-led-600w\/","title":{"rendered":"600W Led Perfil Moving Head Light"},"content":{"rendered":"","protected":false},"excerpt":{"rendered":"<p>AL600MLS es la potente cabeza m\u00f3vil de perfil LED de 600 W de Aolait, que ofrece mezcla de color CMY, \u00f3ptica de zoom, gobos y sistema de obturaci\u00f3n de encuadre, ideal para profesionales de escenarios y eventos.<\/p>\n<p>&nbsp;<\/p>","protected":false},"featured_media":13292,"comment_status":"open","ping_status":"closed","template":"","meta":{"_acf_changed":false,"_seopress_robots_primary_cat":"none","_seopress_titles_title":"600W LED Profile Moving Head Light | AL600MLS by Aolait","_seopress_titles_desc":"Explore the Aolait AL600MLS 600W LED Profile Moving Head with CMY color mixing, rotating gobos, shutter framing, and 7\u00b0\u201342\u00b0 zoom. Ideal for stage, theatre, and live events.","_seopress_robots_index":""},"product_brand":[],"product_cat":[27,403],"product_tag":[371,369,372,370,368],"class_list":{"0":"post-12347","1":"product","2":"type-product","3":"status-publish","4":"has-post-thumbnail","6":"product_cat-led-spot-moving-head","7":"product_cat-product","8":"product_tag-600w-moving-head","9":"product_tag-cmy-profile","10":"product_tag-framing-shutter","11":"product_tag-led-profile","12":"product_tag-zoom-led-moving-head","14":"first","15":"instock","16":"shipping-taxable","17":"product-type-simple"},"acf":[],"_links":{"self":[{"href":"https:\/\/aolait.com\/es\/wp-json\/wp\/v2\/product\/12347","targetHints":{"allow":["GET"]}}],"collection":[{"href":"https:\/\/aolait.com\/es\/wp-json\/wp\/v2\/product"}],"about":[{"href":"https:\/\/aolait.com\/es\/wp-json\/wp\/v2\/types\/product"}],"replies":[{"embeddable":true,"href":"https:\/\/aolait.com\/es\/wp-json\/wp\/v2\/comments?post=12347"}],"wp:featuredmedia":[{"embeddable":true,"href":"https:\/\/aolait.com\/es\/wp-json\/wp\/v2\/media\/13292"}],"wp:attachment":[{"href":"https:\/\/aolait.com\/es\/wp-json\/wp\/v2\/media?parent=12347"}],"wp:term":[{"taxonomy":"product_brand","embeddable":true,"href":"https:\/\/aolait.com\/es\/wp-json\/wp\/v2\/product_brand?post=12347"},{"taxonomy":"product_cat","embeddable":true,"href":"https:\/\/aolait.com\/es\/wp-json\/wp\/v2\/product_cat?post=12347"},{"taxonomy":"product_tag","embeddable":true,"href":"https:\/\/aolait.com\/es\/wp-json\/wp\/v2\/product_tag?post=12347"}],"curies":[{"name":"wp","href":"https:\/\/api.w.org\/{rel}","templated":true}]}}