{"id":12369,"date":"2025-05-06T22:48:58","date_gmt":"2025-05-06T14:48:58","guid":{"rendered":"https:\/\/aolait.com\/?post_type=product&#038;p=12369"},"modified":"2025-10-21T19:03:57","modified_gmt":"2025-10-21T11:03:57","slug":"7x40w-led-bee-eye-moving-head-wash-zoom","status":"publish","type":"product","link":"https:\/\/aolait.com\/es\/producto\/7x40w-led-ojo-de-abeja-cabeza-movil-lavado-zoom\/","title":{"rendered":"7x40W LED Bee Eye Moving Head Wash Zoom"},"content":{"rendered":"<figure class=\"wp-block-embed is-type-video is-provider-youtube wp-block-embed-youtube wp-embed-aspect-4-3 wp-has-aspect-ratio\"><div class=\"wp-block-embed__wrapper\">\n<iframe title=\"AL0740WR Cabeza m\u00f3vil ojo de abeja 7x40W\" width=\"800\" height=\"450\" src=\"https:\/\/www.youtube.com\/embed\/jj7gKkC2OBw?feature=oembed\" frameborder=\"0\" allow=\"accelerometer; autoplay; clipboard-write; encrypted-media; gyroscope; picture-in-picture; web-share\" referrerpolicy=\"strict-origin-when-cross-origin\" allowfullscreen><\/iframe>\n<\/div><\/figure>","protected":false},"excerpt":{"rendered":"<p>AL0740WR es un potente foco LED de cabeza m\u00f3vil 7x40W RGBW con zoom de 4-60\u00b0, atenuaci\u00f3n suave y m\u00faltiples modos de control. Dise\u00f1ado para iluminaci\u00f3n de escenarios, eventos y lugares de culto.<\/p>","protected":false},"featured_media":13359,"comment_status":"open","ping_status":"closed","template":"","meta":{"_acf_changed":true,"_seopress_robots_primary_cat":"none","_seopress_titles_title":"7x40W LED Moving Head Wash Light | RGBW Zoom 4\u201360\u00b0 | Aolait","_seopress_titles_desc":"Discover the Aolait AL0740WR7x40W LED Moving Head Wash Light with 4\u201360\u00b0 zoom, RGBW color mixing, DMX & sound control. Ideal for stages, churches, events & more.","_seopress_robots_index":""},"product_brand":[],"product_cat":[28,403],"product_tag":[341,295,298,342,343,344],"class_list":{"0":"post-12369","1":"product","2":"type-product","3":"status-publish","4":"has-post-thumbnail","6":"product_cat-led-wash-moving-head","7":"product_cat-product","8":"product_tag-7x40w","9":"product_tag-dmx-lighting","10":"product_tag-led-moving-head","11":"product_tag-rgbw-wash","12":"product_tag-stage-wash-fixture","13":"product_tag-zoom-light","15":"first","16":"instock","17":"shipping-taxable","18":"product-type-simple"},"acf":[],"_links":{"self":[{"href":"https:\/\/aolait.com\/es\/wp-json\/wp\/v2\/product\/12369","targetHints":{"allow":["GET"]}}],"collection":[{"href":"https:\/\/aolait.com\/es\/wp-json\/wp\/v2\/product"}],"about":[{"href":"https:\/\/aolait.com\/es\/wp-json\/wp\/v2\/types\/product"}],"replies":[{"embeddable":true,"href":"https:\/\/aolait.com\/es\/wp-json\/wp\/v2\/comments?post=12369"}],"wp:featuredmedia":[{"embeddable":true,"href":"https:\/\/aolait.com\/es\/wp-json\/wp\/v2\/media\/13359"}],"wp:attachment":[{"href":"https:\/\/aolait.com\/es\/wp-json\/wp\/v2\/media?parent=12369"}],"wp:term":[{"taxonomy":"product_brand","embeddable":true,"href":"https:\/\/aolait.com\/es\/wp-json\/wp\/v2\/product_brand?post=12369"},{"taxonomy":"product_cat","embeddable":true,"href":"https:\/\/aolait.com\/es\/wp-json\/wp\/v2\/product_cat?post=12369"},{"taxonomy":"product_tag","embeddable":true,"href":"https:\/\/aolait.com\/es\/wp-json\/wp\/v2\/product_tag?post=12369"}],"curies":[{"name":"wp","href":"https:\/\/api.w.org\/{rel}","templated":true}]}}