{"id":12470,"date":"2025-05-12T09:20:07","date_gmt":"2025-05-12T01:20:07","guid":{"rendered":"https:\/\/aolait.com\/?post_type=product&#038;p=12470"},"modified":"2025-10-21T19:03:56","modified_gmt":"2025-10-21T11:03:56","slug":"6x18w-led-battery-par-light","status":"publish","type":"product","link":"https:\/\/aolait.com\/es\/producto\/6x18w-led-bateria-par-luz\/","title":{"rendered":"6x18W Led Battery Par Light"},"content":{"rendered":"<p>Fuente Led: 6x18W RGBWA+UV 6 en 1<\/p>\n\n\n\n<p>\u00c1ngulo del haz: 45<\/p>\n\n\n\n<p>IP20<\/p>\n\n\n\n<p>Dimensiones: 13,5\u00d713,5\u00d720cm NW\uff1a2,7kg<\/p>\n\n\n\n<p><\/p>","protected":false},"excerpt":{"rendered":"<p>Port\u00e1til y potente La luz PAR 6x18W LED con bater\u00eda proporciona una iluminaci\u00f3n brillante e inal\u00e1mbrica para escenarios, DJs, eventos y mucho m\u00e1s. Recargable, ligera y vers\u00e1til, perfecta para profesionales en movimiento.<\/p>","protected":false},"featured_media":13388,"comment_status":"open","ping_status":"closed","template":"","meta":{"_acf_changed":false,"_seopress_robots_primary_cat":"none","_seopress_titles_title":"6x18W Led Battery Par Light","_seopress_titles_desc":"Portable & powerful! The 6x18W LED Battery PAR Light delivers bright, cordless lighting for stages, DJs, events, and more. Rechargeable, lightweight, and versatile\u2014perfect for professionals on the go","_seopress_robots_index":""},"product_brand":[],"product_cat":[35,403],"product_tag":[],"class_list":{"0":"post-12470","1":"product","2":"type-product","3":"status-publish","4":"has-post-thumbnail","6":"product_cat-led-par-light","7":"product_cat-product","9":"first","10":"instock","11":"shipping-taxable","12":"product-type-simple"},"acf":[],"_links":{"self":[{"href":"https:\/\/aolait.com\/es\/wp-json\/wp\/v2\/product\/12470","targetHints":{"allow":["GET"]}}],"collection":[{"href":"https:\/\/aolait.com\/es\/wp-json\/wp\/v2\/product"}],"about":[{"href":"https:\/\/aolait.com\/es\/wp-json\/wp\/v2\/types\/product"}],"replies":[{"embeddable":true,"href":"https:\/\/aolait.com\/es\/wp-json\/wp\/v2\/comments?post=12470"}],"wp:featuredmedia":[{"embeddable":true,"href":"https:\/\/aolait.com\/es\/wp-json\/wp\/v2\/media\/13388"}],"wp:attachment":[{"href":"https:\/\/aolait.com\/es\/wp-json\/wp\/v2\/media?parent=12470"}],"wp:term":[{"taxonomy":"product_brand","embeddable":true,"href":"https:\/\/aolait.com\/es\/wp-json\/wp\/v2\/product_brand?post=12470"},{"taxonomy":"product_cat","embeddable":true,"href":"https:\/\/aolait.com\/es\/wp-json\/wp\/v2\/product_cat?post=12470"},{"taxonomy":"product_tag","embeddable":true,"href":"https:\/\/aolait.com\/es\/wp-json\/wp\/v2\/product_tag?post=12470"}],"curies":[{"name":"wp","href":"https:\/\/api.w.org\/{rel}","templated":true}]}}