{"id":12633,"date":"2025-05-26T00:30:18","date_gmt":"2025-05-25T16:30:18","guid":{"rendered":"https:\/\/aolait.com\/?post_type=product&#038;p=12633"},"modified":"2025-10-21T19:03:56","modified_gmt":"2025-10-21T11:03:56","slug":"18x15w-led-wall-washer-ip65-pixel","status":"publish","type":"product","link":"https:\/\/aolait.com\/es\/producto\/18x15w-led-arandela-de-pared-ip65-pixel\/","title":{"rendered":"18x15W Led Ba\u00f1ador de Pared IP65 Pixel"},"content":{"rendered":"<p>Fuente Led: 18x15W RGBW4 en 1<\/p>\n\n\n\n<p>\u00c1ngulo: 25\u00b0\uff0815\u00b0\uff0c45\u00b0opcional\uff09<\/p>\n\n\n\n<p>Canal DMX: 9\/23\/72CH<\/p>\n\n\n\n<p>Funci\u00f3n: P\u00edxel\/Lavado<\/p>\n\n\n\n<p>Estanqueidad IP65<\/p>\n\n\n\n<p>Tama\u00f1o: 101,5\u00d710\u00d710,5cm\/7,8kgs<\/p>\n\n\n\n<p><\/p>","protected":false},"excerpt":{"rendered":"<p>Ba\u00f1ador de pared LED 18x15W RGBW IP65 - Iluminaci\u00f3n estanca controlada por p\u00edxeles con amplio \u00e1ngulo de haz. Ideal para aplicaciones arquitect\u00f3nicas, de escenario y exteriores con control DMX\/RDM.<\/p>","protected":false},"featured_media":13063,"comment_status":"open","ping_status":"closed","template":"","meta":{"_acf_changed":false,"_seopress_robots_primary_cat":"none","_seopress_titles_title":"18x15W Led Wall Washer IP65 Pixel","_seopress_titles_desc":"18x15W RGBW LED Wall Washer IP65 - Pixel-controlled waterproof lighting with wide beam angle. Ideal for architectural, stage and outdoor applications with DMX\/RDM control.","_seopress_robots_index":""},"product_brand":[],"product_cat":[266,403],"product_tag":[178,174,177,79],"class_list":{"0":"post-12633","1":"product","2":"type-product","3":"status-publish","4":"has-post-thumbnail","6":"product_cat-led-bar-light","7":"product_cat-product","8":"product_tag-art-net-led-bar-light","9":"product_tag-led-bar-light","10":"product_tag-led-bar-light-pixel-controlled","11":"product_tag-stage-lighting","13":"first","14":"instock","15":"shipping-taxable","16":"product-type-simple"},"acf":[],"_links":{"self":[{"href":"https:\/\/aolait.com\/es\/wp-json\/wp\/v2\/product\/12633","targetHints":{"allow":["GET"]}}],"collection":[{"href":"https:\/\/aolait.com\/es\/wp-json\/wp\/v2\/product"}],"about":[{"href":"https:\/\/aolait.com\/es\/wp-json\/wp\/v2\/types\/product"}],"replies":[{"embeddable":true,"href":"https:\/\/aolait.com\/es\/wp-json\/wp\/v2\/comments?post=12633"}],"wp:featuredmedia":[{"embeddable":true,"href":"https:\/\/aolait.com\/es\/wp-json\/wp\/v2\/media\/13063"}],"wp:attachment":[{"href":"https:\/\/aolait.com\/es\/wp-json\/wp\/v2\/media?parent=12633"}],"wp:term":[{"taxonomy":"product_brand","embeddable":true,"href":"https:\/\/aolait.com\/es\/wp-json\/wp\/v2\/product_brand?post=12633"},{"taxonomy":"product_cat","embeddable":true,"href":"https:\/\/aolait.com\/es\/wp-json\/wp\/v2\/product_cat?post=12633"},{"taxonomy":"product_tag","embeddable":true,"href":"https:\/\/aolait.com\/es\/wp-json\/wp\/v2\/product_tag?post=12633"}],"curies":[{"name":"wp","href":"https:\/\/api.w.org\/{rel}","templated":true}]}}