{"id":12655,"date":"2025-06-11T14:41:35","date_gmt":"2025-06-11T06:41:35","guid":{"rendered":"https:\/\/aolait.com\/?post_type=product&#038;p=12655"},"modified":"2025-12-03T17:38:13","modified_gmt":"2025-12-03T09:38:13","slug":"150w-led-strobe-bar-ip20","status":"publish","type":"product","link":"https:\/\/aolait.com\/es\/producto\/barra-estroboscopica-led-150w-ip20\/","title":{"rendered":"Barra Estrobosc\u00f3pica Led 150W IP20"},"content":{"rendered":"<p>Fuente Led:240pcs 5730 led 0.5w,480pcs rgb 0.3W<\/p>\n\n\n\n<p>Canal DMX: 4\/16\/168CH<\/p>\n\n\n\n<p>Funci\u00f3n: Pixel\/Strobe<\/p>\n\n\n\n<p>Tama\u00f1o: 100<em>10<\/em>15CM\/2,3kgs<\/p>","protected":false},"excerpt":{"rendered":"<p>Iluminaci\u00f3n estrobosc\u00f3pica de alta intensidad para emergencias, seguridad y uso industrial. Dispone de luz estrobosc\u00f3pica macro ajustable, visibilidad gran angular y dise\u00f1o duradero. Ideal para veh\u00edculos, obras de construcci\u00f3n e iluminaci\u00f3n de eventos. Eficiente energ\u00e9ticamente y f\u00e1cil de instalar.<\/p>","protected":false},"featured_media":13939,"comment_status":"open","ping_status":"closed","template":"","meta":{"_acf_changed":true,"_seopress_robots_primary_cat":"none","_seopress_titles_title":"150W Led Strobe Bar IP20","_seopress_titles_desc":"High-intensity strobe lighting for emergency, safety, and industrial use. Features adjustable macro strobe , wide-angle visibility, and durable design. Ideal for vehicles, construction sites, and event lighting. Energy-efficient & easy to install!","_seopress_robots_index":""},"product_brand":[],"product_cat":[267,403],"product_tag":[178,174,177,79],"class_list":{"0":"post-12655","1":"product","2":"type-product","3":"status-publish","4":"has-post-thumbnail","6":"product_cat-led-strobe-light","7":"product_cat-product","8":"product_tag-art-net-led-bar-light","9":"product_tag-led-bar-light","10":"product_tag-led-bar-light-pixel-controlled","11":"product_tag-stage-lighting","13":"first","14":"instock","15":"shipping-taxable","16":"product-type-simple"},"acf":[],"_links":{"self":[{"href":"https:\/\/aolait.com\/es\/wp-json\/wp\/v2\/product\/12655","targetHints":{"allow":["GET"]}}],"collection":[{"href":"https:\/\/aolait.com\/es\/wp-json\/wp\/v2\/product"}],"about":[{"href":"https:\/\/aolait.com\/es\/wp-json\/wp\/v2\/types\/product"}],"replies":[{"embeddable":true,"href":"https:\/\/aolait.com\/es\/wp-json\/wp\/v2\/comments?post=12655"}],"wp:featuredmedia":[{"embeddable":true,"href":"https:\/\/aolait.com\/es\/wp-json\/wp\/v2\/media\/13939"}],"wp:attachment":[{"href":"https:\/\/aolait.com\/es\/wp-json\/wp\/v2\/media?parent=12655"}],"wp:term":[{"taxonomy":"product_brand","embeddable":true,"href":"https:\/\/aolait.com\/es\/wp-json\/wp\/v2\/product_brand?post=12655"},{"taxonomy":"product_cat","embeddable":true,"href":"https:\/\/aolait.com\/es\/wp-json\/wp\/v2\/product_cat?post=12655"},{"taxonomy":"product_tag","embeddable":true,"href":"https:\/\/aolait.com\/es\/wp-json\/wp\/v2\/product_tag?post=12655"}],"curies":[{"name":"wp","href":"https:\/\/api.w.org\/{rel}","templated":true}]}}