{"id":12850,"date":"2025-06-30T15:58:16","date_gmt":"2025-06-30T07:58:16","guid":{"rendered":"https:\/\/aolait.com\/?post_type=product&#038;p=12850"},"modified":"2025-10-21T19:03:55","modified_gmt":"2025-10-21T11:03:55","slug":"50w-mini-laser-beam-moving-head-light-ip65","status":"publish","type":"product","link":"https:\/\/aolait.com\/es\/producto\/50w-mini-rayo-laser-cabeza-movil-luz-ip65\/","title":{"rendered":"Mini Luz L\u00e1ser de Cabezal M\u00f3vil 50W IP65"},"content":{"rendered":"<p><\/p>\n\n\n\n<p><\/p>","protected":false},"excerpt":{"rendered":"<p>ALP50B es una minicabeza m\u00f3vil de haz l\u00e1ser de 50 W con clasificaci\u00f3n IP65, \u00e1ngulo de haz de 1\u00ba, prismas giratorios y ricos efectos de gobo\/color, ideal para iluminaci\u00f3n exterior y m\u00f3vil.<\/p>","protected":false},"featured_media":13366,"comment_status":"open","ping_status":"closed","template":"","meta":{"_acf_changed":false,"_seopress_robots_primary_cat":"none","_seopress_titles_title":"50W Mini Beam Moving Head Light IP65 Waterproof | ALP50 Laser Effect Light","_seopress_titles_desc":"The ALP50 is a compact 50W beam moving head with IP65 waterproof protection, 4 rotating prisms, 19 gobos, and 13 color filters. Ideal for DJs, outdoor stages, and architectural lighting.","_seopress_robots_index":""},"product_brand":[],"product_cat":[85,403],"product_tag":[],"class_list":{"0":"post-12850","1":"product","2":"type-product","3":"status-publish","4":"has-post-thumbnail","6":"product_cat-led-beam-moving-head","7":"product_cat-product","9":"first","10":"instock","11":"shipping-taxable","12":"product-type-simple"},"acf":[],"_links":{"self":[{"href":"https:\/\/aolait.com\/es\/wp-json\/wp\/v2\/product\/12850","targetHints":{"allow":["GET"]}}],"collection":[{"href":"https:\/\/aolait.com\/es\/wp-json\/wp\/v2\/product"}],"about":[{"href":"https:\/\/aolait.com\/es\/wp-json\/wp\/v2\/types\/product"}],"replies":[{"embeddable":true,"href":"https:\/\/aolait.com\/es\/wp-json\/wp\/v2\/comments?post=12850"}],"wp:featuredmedia":[{"embeddable":true,"href":"https:\/\/aolait.com\/es\/wp-json\/wp\/v2\/media\/13366"}],"wp:attachment":[{"href":"https:\/\/aolait.com\/es\/wp-json\/wp\/v2\/media?parent=12850"}],"wp:term":[{"taxonomy":"product_brand","embeddable":true,"href":"https:\/\/aolait.com\/es\/wp-json\/wp\/v2\/product_brand?post=12850"},{"taxonomy":"product_cat","embeddable":true,"href":"https:\/\/aolait.com\/es\/wp-json\/wp\/v2\/product_cat?post=12850"},{"taxonomy":"product_tag","embeddable":true,"href":"https:\/\/aolait.com\/es\/wp-json\/wp\/v2\/product_tag?post=12850"}],"curies":[{"name":"wp","href":"https:\/\/api.w.org\/{rel}","templated":true}]}}