{"id":12862,"date":"2025-06-30T18:12:37","date_gmt":"2025-06-30T10:12:37","guid":{"rendered":"https:\/\/aolait.com\/?post_type=product&#038;p=12862"},"modified":"2025-10-21T19:03:55","modified_gmt":"2025-10-21T11:03:55","slug":"61x30w-wash-movinghead-light","status":"publish","type":"product","link":"https:\/\/aolait.com\/es\/producto\/61x30w-wash-movinghead-light\/","title":{"rendered":"L\u00e1mpara Wash Movinghead 61x30W"},"content":{"rendered":"<p><\/p>\n\n\n\n<p>Voltaje: AC100V~240V 50\/60Hz<\/p>\n\n\n\n<p>Potencia nominal: 2000 W<\/p>\n\n\n\n<p>Fuente de luz: 61 x 30W RGBW LED 6065<\/p>\n\n\n\n<p>LED auxiliar interno: 366 x 0,2W LED 3535RGB<\/p>\n\n\n\n<p>LED auxiliar externo: 93 x 0,2W LED 5050RGB<\/p>\n\n\n\n<p>Vida \u00fatil nominal: 30000 horas<\/p>\n\n\n\n<p>Colores: R, G, B, W<\/p>\n\n\n\n<p>Enfoque: 5 \u00b0 -48 \u00b0<\/p>\n\n\n\n<p>Control de temperatura de color: Regulaci\u00f3n lineal CTO DMX<\/p>\n\n\n\n<p>Estrobosc\u00f3pico: 0,3-25 veces\/segundo<\/p>\n\n\n\n<p>Regulaci\u00f3n: 0-100% regulaci\u00f3n electr\u00f3nica lineal<\/p>\n\n\n\n<p>Pan: 540 \u00b0 (exploraci\u00f3n de precisi\u00f3n de 16 bits)<\/p>\n\n\n\n<p>Inclinaci\u00f3n: 270 \u00b0(16 bits de precisi\u00f3n de barrido)<\/p>\n\n\n\n<p>Modo de control: 21CH\/49CH\/204CH\/232CH\/265CH,protocolo RDM<\/p>\n\n\n\n<p>Pantalla : Pantalla t\u00e1ctil de 2,8 pulgadas<\/p>\n\n\n\n<p><a href=\"https:\/\/aolait.com\/es\/producto\/61x30w-wash-movinghead-light\/\">View product<\/a><\/p>\n\n\n\n<p><a href=\"https:\/\/aolait.com\/es\/producto\/61x30w-wash-movinghead-light\/\">View product<\/a><\/p>","protected":false},"excerpt":{"rendered":"<p>Proyector LED de 2000 W de calidad profesional con efecto maro, movimiento suave y mezcla de colores avanzada. Ideal para conciertos, festivales, retransmisiones y aplicaciones de iluminaci\u00f3n arquitect\u00f3nica.<\/p>","protected":false},"featured_media":13006,"comment_status":"open","ping_status":"closed","template":"","meta":{"_acf_changed":false,"_seopress_robots_primary_cat":"none","_seopress_titles_title":"61x30W wash movinghead light","_seopress_titles_desc":"Professional-grade 2000W LED wash with maro effect, smooth movement and advanced color mixing. Ideal for concerts, festivals, broadcast and architectural lighting applications.","_seopress_robots_index":""},"product_brand":[],"product_cat":[28,403],"product_tag":[],"class_list":{"0":"post-12862","1":"product","2":"type-product","3":"status-publish","4":"has-post-thumbnail","6":"product_cat-led-wash-moving-head","7":"product_cat-product","9":"first","10":"instock","11":"shipping-taxable","12":"product-type-simple"},"acf":[],"_links":{"self":[{"href":"https:\/\/aolait.com\/es\/wp-json\/wp\/v2\/product\/12862","targetHints":{"allow":["GET"]}}],"collection":[{"href":"https:\/\/aolait.com\/es\/wp-json\/wp\/v2\/product"}],"about":[{"href":"https:\/\/aolait.com\/es\/wp-json\/wp\/v2\/types\/product"}],"replies":[{"embeddable":true,"href":"https:\/\/aolait.com\/es\/wp-json\/wp\/v2\/comments?post=12862"}],"wp:featuredmedia":[{"embeddable":true,"href":"https:\/\/aolait.com\/es\/wp-json\/wp\/v2\/media\/13006"}],"wp:attachment":[{"href":"https:\/\/aolait.com\/es\/wp-json\/wp\/v2\/media?parent=12862"}],"wp:term":[{"taxonomy":"product_brand","embeddable":true,"href":"https:\/\/aolait.com\/es\/wp-json\/wp\/v2\/product_brand?post=12862"},{"taxonomy":"product_cat","embeddable":true,"href":"https:\/\/aolait.com\/es\/wp-json\/wp\/v2\/product_cat?post=12862"},{"taxonomy":"product_tag","embeddable":true,"href":"https:\/\/aolait.com\/es\/wp-json\/wp\/v2\/product_tag?post=12862"}],"curies":[{"name":"wp","href":"https:\/\/api.w.org\/{rel}","templated":true}]}}