{"id":12868,"date":"2025-07-03T13:53:57","date_gmt":"2025-07-03T05:53:57","guid":{"rendered":"https:\/\/aolait.com\/?post_type=product&#038;p=12868"},"modified":"2025-12-08T08:43:08","modified_gmt":"2025-12-08T00:43:08","slug":"37-x40w-rgbw-led-waterproof-wash-movinghead-bee-light","status":"publish","type":"product","link":"https:\/\/aolait.com\/es\/producto\/37-x40w-rgbw-led-impermeable-wash-movinghead-bee-light\/","title":{"rendered":"37 x40W RGBW LED impermeable wash movinghead Bee luz"},"content":{"rendered":"<p>Tensi\u00f3n nominal: AC100V~240V 50\/60Hz<\/p>\n\n\n\n<p>Potencia nominal: 1500 W<\/p>\n\n\n\n<p>Fuente de luz: 37x 40W RGBW LED5060<\/p>\n\n\n\n<p>Vida \u00fatil: 30000 horas<\/p>\n\n\n\n<p>Colores: R, G, B, W<\/p>\n\n\n\n<p>Enfoque: 2 \u00b0 -60 \u00b0 Enfoque lineal DMX<\/p>\n\n\n\n<p>Control de la temperatura de color: regulaci\u00f3n lineal CTO DMX integrada<\/p>\n\n\n\n<p>Estrobosc\u00f3pico: 0,3-25 veces\/segundo<\/p>\n\n\n\n<p>Regulaci\u00f3n: 0-100% regulaci\u00f3n electr\u00f3nica lineal<\/p>\n\n\n\n<p>Pan: 540 \u00b0 (exploraci\u00f3n de precisi\u00f3n de 16 bits)<\/p>\n\n\n\n<p>Inclinaci\u00f3n: 270 \u00b0 (exploraci\u00f3n de precisi\u00f3n de 16 bits)<\/p>\n\n\n\n<p>Modo de control: 21CH\/184CH\/147CH\/36CH\/183CH\/\/146CH\/35CH\/170CH\/133CH\/22CH\/169CH\/132CH, protocolo RDM<\/p>\n\n\n\n<p>Funci\u00f3n de visualizaci\u00f3n: pantalla t\u00e1ctil de 2,8 pulgadas<\/p>\n\n\n\n<p>Modos de efectos: V\u00f3rtice, Caleidoscopio, Te\u00f1ido, Rayo<\/p>\n\n\n\n<p>Nivel de protecci\u00f3n: IP65<\/p>\n\n\n\n<p>Embalaje: caja de aviaci\u00f3n impermeable y a prueba de golpes o caja de cart\u00f3n<\/p>\n\n\n\n<p>Peso neto: 30,25 kg<\/p>\n\n\n\n<p>Peso bruto: 32,25 kg<\/p>\n\n\n\n<p><\/p>","protected":false},"excerpt":{"rendered":"<p>Gran potencia de 1500 W con control CTO, compatibilidad RDM y clasificaci\u00f3n IP65. Perfecto para festivales, teatros, conciertos e iluminaci\u00f3n arquitect\u00f3nica, con colores vibrantes y luz blanca ajustable.<\/p>","protected":false},"featured_media":14037,"comment_status":"open","ping_status":"closed","template":"","meta":{"_acf_changed":false,"_seopress_robots_primary_cat":"none","_seopress_titles_title":"37 x40W RGBW LED waterproof wash movinghead Bee light","_seopress_titles_desc":"1500W high-output with CTO control, RDM support, and IP65 rating. Perfect for festivals, theater, concerts, and architectural lighting\u2014delivering vibrant colors and adjustable white light.","_seopress_robots_index":""},"product_brand":[],"product_cat":[28,403],"product_tag":[],"class_list":{"0":"post-12868","1":"product","2":"type-product","3":"status-publish","4":"has-post-thumbnail","6":"product_cat-led-wash-moving-head","7":"product_cat-product","9":"first","10":"instock","11":"shipping-taxable","12":"product-type-simple"},"acf":[],"_links":{"self":[{"href":"https:\/\/aolait.com\/es\/wp-json\/wp\/v2\/product\/12868","targetHints":{"allow":["GET"]}}],"collection":[{"href":"https:\/\/aolait.com\/es\/wp-json\/wp\/v2\/product"}],"about":[{"href":"https:\/\/aolait.com\/es\/wp-json\/wp\/v2\/types\/product"}],"replies":[{"embeddable":true,"href":"https:\/\/aolait.com\/es\/wp-json\/wp\/v2\/comments?post=12868"}],"wp:featuredmedia":[{"embeddable":true,"href":"https:\/\/aolait.com\/es\/wp-json\/wp\/v2\/media\/14037"}],"wp:attachment":[{"href":"https:\/\/aolait.com\/es\/wp-json\/wp\/v2\/media?parent=12868"}],"wp:term":[{"taxonomy":"product_brand","embeddable":true,"href":"https:\/\/aolait.com\/es\/wp-json\/wp\/v2\/product_brand?post=12868"},{"taxonomy":"product_cat","embeddable":true,"href":"https:\/\/aolait.com\/es\/wp-json\/wp\/v2\/product_cat?post=12868"},{"taxonomy":"product_tag","embeddable":true,"href":"https:\/\/aolait.com\/es\/wp-json\/wp\/v2\/product_tag?post=12868"}],"curies":[{"name":"wp","href":"https:\/\/api.w.org\/{rel}","templated":true}]}}