{"id":1587,"date":"2020-11-10T11:34:07","date_gmt":"2020-11-10T03:34:07","guid":{"rendered":"https:\/\/aolait.com\/?post_type=product&#038;p=1587"},"modified":"2025-10-21T19:03:58","modified_gmt":"2025-10-21T11:03:58","slug":"led-wall-washer-indoor","status":"publish","type":"product","link":"https:\/\/aolait.com\/es\/producto\/led-wall-washer-indoor\/","title":{"rendered":"18x15W Led Aplique Pixel IP20 Interior"},"content":{"rendered":"<h3 data-start=\"1208\" data-end=\"1237\">Perfecto para fondos de escenario, iluminaci\u00f3n arquitect\u00f3nica, decoraci\u00f3n de eventos y pixel mapping. Ba\u00f1ador de pared LED de interior de alta potencia con control de p\u00edxeles y precisi\u00f3n DMX.<\/h3>\n<ul data-start=\"1239\" data-end=\"2137\">\n<li class=\"\" data-start=\"2034\" data-end=\"2137\">\n<h2 class=\"\" data-start=\"128\" data-end=\"159\">\ud83d\udee0\ufe0f Especificaciones t\u00e9cnicas<\/h2>\n<div class=\"_tableContainer_16hzy_1\">\n<div class=\"_tableWrapper_16hzy_14 group flex w-fit flex-col-reverse\" tabindex=\"-1\">\n<table class=\"w-fit min-w-(--thread-content-width)\" data-start=\"161\" data-end=\"1500\">\n<thead data-start=\"161\" data-end=\"239\">\n<tr data-start=\"161\" data-end=\"239\">\n<th data-start=\"161\" data-end=\"186\" data-col-size=\"sm\"><strong data-start=\"163\" data-end=\"180\">Especificaci\u00f3n<\/strong><\/th>\n<th data-start=\"186\" data-end=\"239\" data-col-size=\"sm\"><strong data-start=\"188\" data-end=\"197\">Valor<\/strong><\/th>\n<\/tr>\n<\/thead>\n<tbody data-start=\"319\" data-end=\"1500\">\n<tr data-start=\"319\" data-end=\"397\">\n<td data-start=\"319\" data-end=\"344\" data-col-size=\"sm\"><strong data-start=\"321\" data-end=\"336\">Potencia nominal<\/strong><\/td>\n<td data-col-size=\"sm\" data-start=\"344\" data-end=\"397\">300W<\/td>\n<\/tr>\n<tr data-start=\"398\" data-end=\"476\">\n<td data-start=\"398\" data-end=\"423\" data-col-size=\"sm\"><strong data-start=\"400\" data-end=\"411\">Tensi\u00f3n<\/strong><\/td>\n<td data-col-size=\"sm\" data-start=\"423\" data-end=\"476\">AC100-240V, 50\/60Hz<\/td>\n<\/tr>\n<tr data-start=\"477\" data-end=\"555\">\n<td data-start=\"477\" data-end=\"502\" data-col-size=\"sm\"><strong data-start=\"479\" data-end=\"491\">Tipo LED<\/strong><\/td>\n<td data-col-size=\"sm\" data-start=\"502\" data-end=\"555\">18 x 15 W 4 en 1 RGBW LED de alto brillo<\/td>\n<\/tr>\n<tr data-start=\"556\" data-end=\"634\">\n<td data-start=\"556\" data-end=\"581\" data-col-size=\"sm\"><strong data-start=\"558\" data-end=\"572\">\u00c1ngulo del haz<\/strong><\/td>\n<td data-col-size=\"sm\" data-start=\"581\" data-end=\"634\">Opcional 25\u00b0 \/ 40<\/td>\n<\/tr>\n<tr data-start=\"635\" data-end=\"712\">\n<td data-start=\"635\" data-end=\"660\" data-col-size=\"sm\"><strong data-start=\"637\" data-end=\"648\">Regulaci\u00f3n<\/strong><\/td>\n<td data-col-size=\"sm\" data-start=\"660\" data-end=\"712\">0-100% Atenuaci\u00f3n suave (PWM a 1KHz)<\/td>\n<\/tr>\n<tr data-start=\"713\" data-end=\"791\">\n<td data-start=\"713\" data-end=\"738\" data-col-size=\"sm\"><strong data-start=\"715\" data-end=\"736\">Protocolos de control<\/strong><\/td>\n<td data-col-size=\"sm\" data-start=\"738\" data-end=\"791\">DMX512 \/ Maestro-Esclavo<\/td>\n<\/tr>\n<tr data-start=\"792\" data-end=\"870\">\n<td data-start=\"792\" data-end=\"817\" data-col-size=\"sm\"><strong data-start=\"794\" data-end=\"811\">Modos de canal<\/strong><\/td>\n<td data-col-size=\"sm\" data-start=\"817\" data-end=\"870\">CH6, CH9, CH29, CH77<\/td>\n<\/tr>\n<tr data-start=\"871\" data-end=\"948\">\n<td data-start=\"871\" data-end=\"896\" data-col-size=\"sm\"><strong data-start=\"873\" data-end=\"890\">Control de p\u00edxeles<\/strong><\/td>\n<td data-col-size=\"sm\" data-start=\"896\" data-end=\"948\">Un solo punto, un solo LED de control<\/td>\n<\/tr>\n<tr data-start=\"949\" data-end=\"1027\">\n<td data-start=\"949\" data-end=\"974\" data-col-size=\"sm\"><strong data-start=\"951\" data-end=\"972\">Fuerza el\u00e9ctrica<\/strong><\/td>\n<td data-col-size=\"sm\" data-start=\"974\" data-end=\"1027\">1,5KV<\/td>\n<\/tr>\n<tr data-start=\"1028\" data-end=\"1106\">\n<td data-start=\"1028\" data-end=\"1053\" data-col-size=\"sm\"><strong data-start=\"1030\" data-end=\"1053\">Temperatura de trabajo<\/strong><\/td>\n<td data-start=\"1053\" data-end=\"1106\" data-col-size=\"sm\">-20\u00b0C a 40\u00b0C<\/td>\n<\/tr>\n<tr data-start=\"1107\" data-end=\"1185\">\n<td data-start=\"1107\" data-end=\"1132\" data-col-size=\"sm\"><strong data-start=\"1109\" data-end=\"1130\">Grado de protecci\u00f3n<\/strong><\/td>\n<td data-col-size=\"sm\" data-start=\"1132\" data-end=\"1185\">IP20 (s\u00f3lo para uso en interiores)<\/td>\n<\/tr>\n<tr data-start=\"1186\" data-end=\"1263\">\n<td data-start=\"1186\" data-end=\"1211\" data-col-size=\"sm\"><strong data-start=\"1188\" data-end=\"1208\">Material de la carcasa<\/strong><\/td>\n<td data-col-size=\"sm\" data-start=\"1211\" data-end=\"1263\">Aleaci\u00f3n de aluminio con revestimiento de polvo negro<\/td>\n<\/tr>\n<tr data-start=\"1264\" data-end=\"1342\">\n<td data-start=\"1264\" data-end=\"1289\" data-col-size=\"sm\"><strong data-start=\"1266\" data-end=\"1280\">Dimensiones<\/strong><\/td>\n<td data-col-size=\"sm\" data-start=\"1289\" data-end=\"1342\">1000 \u00d7 88 \u00d7 170 mm<\/td>\n<\/tr>\n<tr data-start=\"1343\" data-end=\"1421\">\n<td data-start=\"1343\" data-end=\"1368\" data-col-size=\"sm\"><strong data-start=\"1345\" data-end=\"1359\">Peso neto<\/strong><\/td>\n<td data-col-size=\"sm\" data-start=\"1368\" data-end=\"1421\">5,5 kg<\/td>\n<\/tr>\n<tr data-start=\"1422\" data-end=\"1500\">\n<td data-start=\"1422\" data-end=\"1447\" data-col-size=\"sm\"><strong data-start=\"1424\" data-end=\"1447\">Tama\u00f1o de la caja (4 unidades)<\/strong><\/td>\n<td data-col-size=\"sm\" data-start=\"1447\" data-end=\"1500\">106 \u00d7 28 \u00d7 41 cm - G.W. 24kg<\/td>\n<\/tr>\n<\/tbody>\n<\/table>\n<\/div>\n<\/div>\n<\/li>\n<\/ul>\n<h2 class=\"\" data-start=\"1208\" data-end=\"1237\"><strong data-start=\"1214\" data-end=\"1237\">\ud83d\udca1Funciones destacadas<\/strong><\/h2>\n<ul data-start=\"1239\" data-end=\"2137\">\n<li class=\"\" data-start=\"1239\" data-end=\"1391\">\n<p class=\"\" data-start=\"1241\" data-end=\"1391\"><strong data-start=\"1241\" data-end=\"1274\">Salida RGBW de alto rendimiento:<\/strong><br data-start=\"1274\" data-end=\"1277\" \/>Equipado con <strong data-start=\"1293\" data-end=\"1323\">18PCS 15W 4 en 1 LED RGBW<\/strong>Esta luminaria ofrece una luminosidad asombrosa y una suave mezcla de colores.<\/p>\n<\/li>\n<li class=\"\" data-start=\"1393\" data-end=\"1540\">\n<p class=\"\" data-start=\"1395\" data-end=\"1540\"><strong data-start=\"1395\" data-end=\"1422\">Control p\u00edxel a p\u00edxel:<\/strong><br data-start=\"1422\" data-end=\"1425\" \/>Cada LED es <strong data-start=\"1439\" data-end=\"1468\">controlable individualmente<\/strong>que permite mapeados de p\u00edxeles avanzados, persecuciones din\u00e1micas y efectos de degradado.<\/p>\n<\/li>\n<li class=\"\" data-start=\"1542\" data-end=\"1639\">\n<p class=\"\" data-start=\"1544\" data-end=\"1639\"><strong data-start=\"1544\" data-end=\"1569\">M\u00faltiples \u00e1ngulos de haz:<\/strong><br data-start=\"1569\" data-end=\"1572\" \/>Opcional <strong data-start=\"1583\" data-end=\"1609\">\u00c1ngulos de haz de 25\u00b0 o 40<\/strong> para una cobertura focalizada o amplia.<\/p>\n<\/li>\n<li class=\"\" data-start=\"1641\" data-end=\"1787\">\n<p class=\"\" data-start=\"1643\" data-end=\"1787\"><strong data-start=\"1643\" data-end=\"1674\">Compatibilidad DMX avanzada:<\/strong><br data-start=\"1674\" data-end=\"1677\" \/>Elige entre <strong data-start=\"1691\" data-end=\"1717\">6\/9\/29\/77 Canales DMX<\/strong>, compatible con el protocolo est\u00e1ndar DMX512 y funcionamiento maestro-esclavo.<\/p>\n<\/li>\n<li class=\"\" data-start=\"1789\" data-end=\"1913\">\n<p class=\"\" data-start=\"1791\" data-end=\"1913\"><strong data-start=\"1791\" data-end=\"1816\">Regulaci\u00f3n profesional:<\/strong><br data-start=\"1816\" data-end=\"1819\" \/>Suave <strong data-start=\"1828\" data-end=\"1858\">Frecuencia de atenuaci\u00f3n PWM de 1KHz<\/strong>perfecto para aplicaciones de c\u00e1mara y funcionamiento silencioso.<\/p>\n<\/li>\n<li class=\"\" data-start=\"1915\" data-end=\"2032\">\n<p class=\"\" data-start=\"1917\" data-end=\"2032\"><strong data-start=\"1917\" data-end=\"1940\">Robusto y compacto:<\/strong><br data-start=\"1940\" data-end=\"1943\" \/>Para interiores <strong data-start=\"1958\" data-end=\"1980\">Cuerpo de aluminio IP20<\/strong>optimizado para instalaciones permanentes o m\u00f3viles.<\/p>\n<\/li>\n<li class=\"\" data-start=\"2034\" data-end=\"2137\">\n<p class=\"\" data-start=\"2036\" data-end=\"2137\"><strong data-start=\"2036\" data-end=\"2062\">Resistente a la temperatura:<\/strong><br data-start=\"2062\" data-end=\"2065\" \/>Rendimiento fiable en <strong data-start=\"2095\" data-end=\"2110\">-20\u2103 a 40\u2103<\/strong> temperatura ambiente.<\/p>\n<\/li>\n<\/ul>\n<h2 class=\"\" data-start=\"3542\" data-end=\"3573\">\ud83c\udfaf <strong data-start=\"3548\" data-end=\"3573\">Escenarios de aplicaci\u00f3n<\/strong><\/h2>\n<ul data-start=\"3575\" data-end=\"4059\">\n<li class=\"\" data-start=\"3575\" data-end=\"3667\">\n<p class=\"\" data-start=\"3577\" data-end=\"3667\"><strong data-start=\"3577\" data-end=\"3601\">Iluminaci\u00f3n del escenario:<\/strong><br data-start=\"3601\" data-end=\"3604\" \/>Cree atm\u00f3sferas esc\u00e9nicas envolventes con efectos basados en p\u00edxeles.<\/p>\n<\/li>\n<li class=\"\" data-start=\"3669\" data-end=\"3767\">\n<p class=\"\" data-start=\"3671\" data-end=\"3767\"><strong data-start=\"3671\" data-end=\"3702\">Fondos para teatro y estudio:<\/strong><br data-start=\"3702\" data-end=\"3705\" \/>Lavado de color uniforme y suave para las paredes del escenario y los telones.<\/p>\n<\/li>\n<li class=\"\" data-start=\"3769\" data-end=\"3870\">\n<p class=\"\" data-start=\"3771\" data-end=\"3870\"><strong data-start=\"3771\" data-end=\"3797\">Decoraci\u00f3n para eventos y bodas:<\/strong><br data-start=\"3797\" data-end=\"3800\" \/>Forre las paredes y las celos\u00edas para conseguir un lavado ambiental o un flujo de color sincronizado con el ritmo.<\/p>\n<\/li>\n<li class=\"\" data-start=\"3872\" data-end=\"3965\">\n<p class=\"\" data-start=\"3874\" data-end=\"3965\"><strong data-start=\"3874\" data-end=\"3896\">Discotecas y bares:<\/strong><br data-start=\"3896\" data-end=\"3899\" \/>A\u00f1ada efectos lineales din\u00e1micos en paredes, cabinas de DJ o pistas de baile.<\/p>\n<\/li>\n<li class=\"\" data-start=\"3967\" data-end=\"4059\">\n<p class=\"\" data-start=\"3969\" data-end=\"4059\"><strong data-start=\"3969\" data-end=\"3994\">Acento arquitect\u00f3nico:<\/strong><br data-start=\"3994\" data-end=\"3997\" \/>Resalte superficies verticales, pasillos o estructuras interiores.<\/p>\n<\/li>\n<\/ul>\n<h2 class=\"\" data-start=\"3290\" data-end=\"3317\">\ud83d\udce6 <strong data-start=\"3296\" data-end=\"3317\">Opciones de envasado<\/strong><\/h2>\n<ul data-start=\"3319\" data-end=\"3535\">\n<li class=\"\" data-start=\"3319\" data-end=\"3427\">\n<p class=\"\" data-start=\"3321\" data-end=\"3427\"><strong data-start=\"3321\" data-end=\"3342\">Paquete est\u00e1ndar:<\/strong><br data-start=\"3342\" data-end=\"3345\" \/>4 unidades por caja<br data-start=\"3365\" data-end=\"3368\" \/>Tama\u00f1o de la caja: <strong data-start=\"3383\" data-end=\"3399\">106\u00d728\u00d741 cm<\/strong><br data-start=\"3399\" data-end=\"3402\" \/>Peso bruto: <strong data-start=\"3418\" data-end=\"3427\">24 kg<\/strong><\/p>\n<\/li>\n<\/ul>\n<p><iframe src=\"https:\/\/www.youtube.com\/embed\/GBLlm7Np-Ng\" width=\"560\" height=\"315\" frameborder=\"0\" allowfullscreen=\"allowfullscreen\"><\/iframe><\/p>\n\n\n<p><\/p>","protected":false},"excerpt":{"rendered":"<p>Ba\u00f1ador de pared LED de interior de 1 metro con LEDs de alto brillo RGBW 4 en 1 de 18x15W, control individual de p\u00edxeles y \u00e1ngulos de haz opcionales de 25\u00b0\/40\u00b0. Admite DMX512 y modo maestro-esclavo. Ideal para conciertos, teatros e instalaciones en discotecas.<\/p>","protected":false},"featured_media":13279,"comment_status":"open","ping_status":"closed","template":"","meta":{"_acf_changed":false,"_seopress_robots_primary_cat":"none","_seopress_titles_title":"18x15W LED Wall Washer Pixel \u2013 IP20 Indoor Linear Fixture","_seopress_titles_desc":"","_seopress_robots_index":""},"product_brand":[],"product_cat":[266,403],"product_tag":[171,173,172,166],"class_list":{"0":"post-1587","1":"product","2":"type-product","3":"status-publish","4":"has-post-thumbnail","6":"product_cat-led-bar-light","7":"product_cat-product","8":"product_tag-18x15w-rgbw-wall-washer","9":"product_tag-led-wall-beam-wash","10":"product_tag-led-wall-wash-bar-light","11":"product_tag-super-brightness-led-washer","13":"first","14":"instock","15":"shipping-taxable","16":"product-type-simple"},"acf":[],"_links":{"self":[{"href":"https:\/\/aolait.com\/es\/wp-json\/wp\/v2\/product\/1587","targetHints":{"allow":["GET"]}}],"collection":[{"href":"https:\/\/aolait.com\/es\/wp-json\/wp\/v2\/product"}],"about":[{"href":"https:\/\/aolait.com\/es\/wp-json\/wp\/v2\/types\/product"}],"replies":[{"embeddable":true,"href":"https:\/\/aolait.com\/es\/wp-json\/wp\/v2\/comments?post=1587"}],"wp:featuredmedia":[{"embeddable":true,"href":"https:\/\/aolait.com\/es\/wp-json\/wp\/v2\/media\/13279"}],"wp:attachment":[{"href":"https:\/\/aolait.com\/es\/wp-json\/wp\/v2\/media?parent=1587"}],"wp:term":[{"taxonomy":"product_brand","embeddable":true,"href":"https:\/\/aolait.com\/es\/wp-json\/wp\/v2\/product_brand?post=1587"},{"taxonomy":"product_cat","embeddable":true,"href":"https:\/\/aolait.com\/es\/wp-json\/wp\/v2\/product_cat?post=1587"},{"taxonomy":"product_tag","embeddable":true,"href":"https:\/\/aolait.com\/es\/wp-json\/wp\/v2\/product_tag?post=1587"}],"curies":[{"name":"wp","href":"https:\/\/api.w.org\/{rel}","templated":true}]}}