{"id":1638,"date":"2020-11-10T11:27:43","date_gmt":"2020-11-10T03:27:43","guid":{"rendered":"https:\/\/aolait.com\/?post_type=product&#038;p=1638"},"modified":"2025-10-21T19:03:58","modified_gmt":"2025-10-21T11:03:58","slug":"100w-led-fresnel","status":"publish","type":"product","link":"https:\/\/aolait.com\/es\/producto\/100w-led-fresnel\/","title":{"rendered":"Fresnel LED de 100 W"},"content":{"rendered":"<p>Voltaje: AC100-240V 50\/60HZ<\/p>\n<p>Potencia: 130 W<\/p>\n<p>Fuente de luz: WW simple o CW(100W) ,100W(2en1,4en1) opcional<\/p>\n<p>Vida \u00fatil: 50000 horas<\/p>\n<p>\u00cdndice de reproducci\u00f3n crom\u00e1tica (IRC): Ra\u226590<\/p>\n<p>\u00c1ngulo del haz: 15\u00b0-50<\/p>\n<p>Regulador de intensidad: 0-100% regulaci\u00f3n lineal<\/p>\n<p>Modo de control: Est\u00e1ndar DMX 512\/maestro-esclavo\/sonido\/autom\u00e1tico<\/p>\n<p>Canal DMX: 1\/2CH (Un color), 2\/5CH(2en1) , 4\/8CH(4en1)<\/p>\n<p>Barrera de luz: Cuatro hojas (suministro a petici\u00f3n)<\/p>\n<p>Temperatura de trabajo: -20\u2103~40\u2103<\/p>\n<p>Grado IP: IP20<\/p>\n<p>Tama\u00f1o: 365*320*320 mm<\/p>\n<p>Peso neto: 5,39 KG<\/p>","protected":false},"excerpt":{"rendered":"<p>AL100LF es un fresnel Led de zoom manual. \u00c1ngulo: 15\u00b0-50<\/p>\n<p>Fuente Led opcional blanco c\u00e1lido o blanco fr\u00edo o 2en1 blanco c\u00e1lido y fr\u00edo o RGBW.<\/p>","protected":false},"featured_media":11888,"comment_status":"open","ping_status":"closed","template":"","meta":{"_acf_changed":false,"_seopress_robots_primary_cat":"none","_seopress_titles_title":"","_seopress_titles_desc":"","_seopress_robots_index":""},"product_brand":[],"product_cat":[41,403],"product_tag":[183,44,185,184],"class_list":{"0":"post-1638","1":"product","2":"type-product","3":"status-publish","4":"has-post-thumbnail","6":"product_cat-led-studio-light","7":"product_cat-product","8":"product_tag-2in1-led-fresnel","9":"product_tag-led-fresnel","10":"product_tag-led-fresnel-with-zoom","11":"product_tag-rgbw-led-fresnel","13":"first","14":"instock","15":"shipping-taxable","16":"product-type-simple"},"acf":[],"_links":{"self":[{"href":"https:\/\/aolait.com\/es\/wp-json\/wp\/v2\/product\/1638","targetHints":{"allow":["GET"]}}],"collection":[{"href":"https:\/\/aolait.com\/es\/wp-json\/wp\/v2\/product"}],"about":[{"href":"https:\/\/aolait.com\/es\/wp-json\/wp\/v2\/types\/product"}],"replies":[{"embeddable":true,"href":"https:\/\/aolait.com\/es\/wp-json\/wp\/v2\/comments?post=1638"}],"wp:featuredmedia":[{"embeddable":true,"href":"https:\/\/aolait.com\/es\/wp-json\/wp\/v2\/media\/11888"}],"wp:attachment":[{"href":"https:\/\/aolait.com\/es\/wp-json\/wp\/v2\/media?parent=1638"}],"wp:term":[{"taxonomy":"product_brand","embeddable":true,"href":"https:\/\/aolait.com\/es\/wp-json\/wp\/v2\/product_brand?post=1638"},{"taxonomy":"product_cat","embeddable":true,"href":"https:\/\/aolait.com\/es\/wp-json\/wp\/v2\/product_cat?post=1638"},{"taxonomy":"product_tag","embeddable":true,"href":"https:\/\/aolait.com\/es\/wp-json\/wp\/v2\/product_tag?post=1638"}],"curies":[{"name":"wp","href":"https:\/\/api.w.org\/{rel}","templated":true}]}}