{"id":1641,"date":"2020-11-09T15:56:05","date_gmt":"2020-11-09T07:56:05","guid":{"rendered":"https:\/\/aolait.com\/?post_type=product&#038;p=1641"},"modified":"2025-10-21T19:03:59","modified_gmt":"2025-10-21T11:03:59","slug":"200w-led-fresnel-manual-zoom-2","status":"publish","type":"product","link":"https:\/\/aolait.com\/es\/producto\/200w-led-fresnel-manual-zoom-2\/","title":{"rendered":"Fresnel LED 200W Zoom manual"},"content":{"rendered":"<p>Voltaje: AC100-240V 50\/60Hz<\/p>\n<p>Potencia: 200 W<\/p>\n<p>Fuente de luz: Citizen 200w COB LED<\/p>\n<p>Vida \u00fatil: 50000 horas<\/p>\n<p>Lente \u00f3ptica\uff1a150mm Lente \u00f3ptica Fresnel<\/p>\n<p>Temperatura de color: 3200K \/ 5600K<\/p>\n<p>Desviaci\u00f3n de la temperatura de color: \u00b15%<\/p>\n<p>\u00cdndice de reproducci\u00f3n crom\u00e1tica (IRC): Ra=90<\/p>\n<p>\u00c1ngulo del haz: 12\u00b0-55<\/p>\n<p>Regulador de intensidad: 0-100% Regulador manual<\/p>\n<p>Modelos de control: Est\u00e1ndar DMX 512<\/p>\n<p>Frecuencia m\u00e1xima: 72 m\/Hz<\/p>\n<p>Frecuencia de atenuaci\u00f3n: 8k\/Hz<\/p>\n<p>Canal DMX: 1\/2\/3 canales<\/p>\n<p>Barrera de luz\uff1aCuatro hojas(suministro seg\u00fan necesidades).<\/p>\n<p>Temperatura de trabajo: -20\u2103~40\u2103<\/p>\n<p>Grado IP: IP23<\/p>\n<p>Tama\u00f1o: 360*270*427 mm<\/p>\n<p>Peso neto: 5 KG<\/p>","protected":false},"excerpt":{"rendered":"<p>AL200LF, 200W Led Fresnel Zoom Manual. con una alta potencia de 200W Cob Led<\/p>\n<p>Temperatura de color: 3200K o 5600K opcional. \u00c1ngulo del haz: 12\u00b0-55<\/p>\n<p>Se puede personalizar el zoom DMX512.<\/p>","protected":false},"featured_media":11889,"comment_status":"open","ping_status":"closed","template":"","meta":{"_acf_changed":false,"_seopress_robots_primary_cat":"none","_seopress_titles_title":"","_seopress_titles_desc":"","_seopress_robots_index":""},"product_brand":[],"product_cat":[41,403],"product_tag":[188,187,185,186],"class_list":{"0":"post-1641","1":"product","2":"type-product","3":"status-publish","4":"has-post-thumbnail","6":"product_cat-led-studio-light","7":"product_cat-product","8":"product_tag-200w-led-fresnel","9":"product_tag-cold-white-led-fresnel","10":"product_tag-led-fresnel-with-zoom","11":"product_tag-warm-white-led-fresnel","13":"first","14":"instock","15":"shipping-taxable","16":"product-type-simple"},"acf":[],"_links":{"self":[{"href":"https:\/\/aolait.com\/es\/wp-json\/wp\/v2\/product\/1641","targetHints":{"allow":["GET"]}}],"collection":[{"href":"https:\/\/aolait.com\/es\/wp-json\/wp\/v2\/product"}],"about":[{"href":"https:\/\/aolait.com\/es\/wp-json\/wp\/v2\/types\/product"}],"replies":[{"embeddable":true,"href":"https:\/\/aolait.com\/es\/wp-json\/wp\/v2\/comments?post=1641"}],"wp:featuredmedia":[{"embeddable":true,"href":"https:\/\/aolait.com\/es\/wp-json\/wp\/v2\/media\/11889"}],"wp:attachment":[{"href":"https:\/\/aolait.com\/es\/wp-json\/wp\/v2\/media?parent=1641"}],"wp:term":[{"taxonomy":"product_brand","embeddable":true,"href":"https:\/\/aolait.com\/es\/wp-json\/wp\/v2\/product_brand?post=1641"},{"taxonomy":"product_cat","embeddable":true,"href":"https:\/\/aolait.com\/es\/wp-json\/wp\/v2\/product_cat?post=1641"},{"taxonomy":"product_tag","embeddable":true,"href":"https:\/\/aolait.com\/es\/wp-json\/wp\/v2\/product_tag?post=1641"}],"curies":[{"name":"wp","href":"https:\/\/api.w.org\/{rel}","templated":true}]}}