{"id":1659,"date":"2020-11-09T17:29:11","date_gmt":"2020-11-09T09:29:11","guid":{"rendered":"https:\/\/aolait.com\/?post_type=product&#038;p=1659"},"modified":"2025-10-21T19:03:58","modified_gmt":"2025-10-21T11:03:58","slug":"200w-led-profile-rgbw","status":"publish","type":"product","link":"https:\/\/aolait.com\/es\/producto\/perfil-led-200w-rgbw\/","title":{"rendered":"200W Led Perfil RGBW"},"content":{"rendered":"<p>Tensi\u00f3n :AC90-260V 50-60Hz<\/p>\n<p>POTENCIA LED: 200W\/300W<\/p>\n<p>Color LED: RGBW 4en1\uff08200W\uff09<\/p>\n<p>Vida \u00fatil de los LED: m\u00e1s de 50.000 horas<\/p>\n<p>\u00cdndice de reproducci\u00f3n crom\u00e1tica (CRI): Ra\u226590<\/p>\n<p>Consumo m\u00e1ximo: 260 W\/390 W<\/p>\n<p>Lente fija: 19\u00b0\/26\u00b0\/36\u00b0\/50\u00b0(opcional)<\/p>\n<p>Regulador de intensidad: 0~100% ajustable linealmente<\/p>\n<p>Enfoque: Se puede ajustar a mano<\/p>\n<p>Modo de control: DMX, Autorun y Maestro\/Esclavo<\/p>\n<p>Canales DMX: 9CH<\/p>\n<p>Tama\u00f1o: 340*270*650mm<\/p>\n<p>N.W: 10kgs<\/p>\n<p><iframe src=\"https:\/\/www.youtube.com\/embed\/XJQX1igWmww\" width=\"560\" height=\"315\" frameborder=\"0\" allowfullscreen=\"allowfullscreen\"><\/iframe><\/p>","protected":false},"excerpt":{"rendered":"<p>AL200LP con un Led RGBW 4en1 de 200w<\/p>\n<p>Lente fija opcional 19\u00b0\/26\u00b0\/36\u00b0\/50<\/p>","protected":false},"featured_media":11892,"comment_status":"open","ping_status":"closed","template":"","meta":{"_acf_changed":false,"_seopress_robots_primary_cat":"none","_seopress_titles_title":"","_seopress_titles_desc":"","_seopress_robots_index":""},"product_brand":[],"product_cat":[41,403],"product_tag":[195,192,196],"class_list":{"0":"post-1659","1":"product","2":"type-product","3":"status-publish","4":"has-post-thumbnail","6":"product_cat-led-studio-light","7":"product_cat-product","8":"product_tag-200w-led-profiel-light","9":"product_tag-led-leko-ellipsoidal","10":"product_tag-rgbw-led-profile-light","12":"first","13":"instock","14":"shipping-taxable","15":"product-type-simple"},"acf":[],"_links":{"self":[{"href":"https:\/\/aolait.com\/es\/wp-json\/wp\/v2\/product\/1659","targetHints":{"allow":["GET"]}}],"collection":[{"href":"https:\/\/aolait.com\/es\/wp-json\/wp\/v2\/product"}],"about":[{"href":"https:\/\/aolait.com\/es\/wp-json\/wp\/v2\/types\/product"}],"replies":[{"embeddable":true,"href":"https:\/\/aolait.com\/es\/wp-json\/wp\/v2\/comments?post=1659"}],"wp:featuredmedia":[{"embeddable":true,"href":"https:\/\/aolait.com\/es\/wp-json\/wp\/v2\/media\/11892"}],"wp:attachment":[{"href":"https:\/\/aolait.com\/es\/wp-json\/wp\/v2\/media?parent=1659"}],"wp:term":[{"taxonomy":"product_brand","embeddable":true,"href":"https:\/\/aolait.com\/es\/wp-json\/wp\/v2\/product_brand?post=1659"},{"taxonomy":"product_cat","embeddable":true,"href":"https:\/\/aolait.com\/es\/wp-json\/wp\/v2\/product_cat?post=1659"},{"taxonomy":"product_tag","embeddable":true,"href":"https:\/\/aolait.com\/es\/wp-json\/wp\/v2\/product_tag?post=1659"}],"curies":[{"name":"wp","href":"https:\/\/api.w.org\/{rel}","templated":true}]}}