{"id":2218,"date":"2021-01-08T11:55:19","date_gmt":"2021-01-08T03:55:19","guid":{"rendered":"https:\/\/aolait.com\/?post_type=product&#038;p=2218"},"modified":"2025-12-08T09:04:09","modified_gmt":"2025-12-08T01:04:09","slug":"6x18w-led-battery-par","status":"publish","type":"product","link":"https:\/\/aolait.com\/es\/producto\/6x18w-led-bateria-par\/","title":{"rendered":"B6C 6x18W Led Par Bater\u00eda Uplight"},"content":{"rendered":"<p>Voltaje: AC100-240V,50-60Hz<\/p>\n<p>Potencia: 108 W<\/p>\n<p>Fuente de luz: 6 *perlas LED de alto brillo de 18 W (6 en 1)<\/p>\n<p>Color: 16,7 millones de cambios de color<\/p>\n<p>Vida \u00fatil: 50000 horas<\/p>\n<p>Canal: 6\/10CH<\/p>\n<p>Modo de control: DMX512\/2.4G inal\u00e1mbrico DMX512\/WIFI App control\uff08IOS Y Andriod\uff09\/IR control remoto\/master-slave\/auto\/sound<\/p>\n<p>\u00c1ngulo del objetivo: 15\u00b0\/25\u00b0\/40<\/p>\n<p>Bater\u00eda: capacidad 9600<\/p>\n<p>La carga y descarga puede alcanzar m\u00e1s de 500 veces<\/p>\n<p>Tiempo de carga: carga completa en 5 horas<\/p>\n<p>Tiempo de descarga: RGBWAUV totalmente brillante durante 4,5 horas y monocrom\u00e1tico hasta 20 horas. Modo Autorun 9 horas<\/p>\n<p>Estrobosc\u00f3pico: 0-20 veces\/segundo<\/p>\n<p>Grado IP: IP22<\/p>\n<p>Tama\u00f1o: 19.5*19*25.5cm<\/p>\n<p>Peso neto: 3,2 kg<\/p>\n<p><iframe src=\"https:\/\/www.youtube.com\/embed\/07leEOpFm4I\" width=\"560\" height=\"315\" frameborder=\"0\" allowfullscreen=\"allowfullscreen\"><span data-mce-type=\"bookmark\" style=\"display: inline-block; width: 0px; overflow: hidden; line-height: 0;\" class=\"mce_SELRES_start\"><\/span><\/iframe><\/p>","protected":false},"excerpt":{"rendered":"<p>ALB6C es s\u00f3lo una mano de tama\u00f1o inal\u00e1mbrico led par, apoyo WIFI App control\uff08IOS Y Andriod), equipa 6PCS 18W RGBWA+UV LEDs.<\/p>\n<p>Aolait especial implementar la capacidad de la bater\u00eda podr\u00eda mantener el trabajo alrededor de 4,5 horas a todo color de la funci\u00f3n, autorun al menos durante 9 horas.<\/p>","protected":false},"featured_media":14050,"comment_status":"open","ping_status":"closed","template":"","meta":{"_acf_changed":false,"_seopress_robots_primary_cat":"none","_seopress_titles_title":"","_seopress_titles_desc":"","_seopress_robots_index":""},"product_brand":[],"product_cat":[220,403],"product_tag":[212,214,213,211],"class_list":{"0":"post-2218","1":"product","2":"type-product","3":"status-publish","4":"has-post-thumbnail","6":"product_cat-led-battery-uplight","7":"product_cat-product","8":"product_tag-6x18w-led-battery-par","9":"product_tag-led-wireless-battery-par","10":"product_tag-led-wireless-uplight","11":"product_tag-rgbwauv-led-wireless-par","13":"first","14":"instock","15":"shipping-taxable","16":"product-type-simple"},"acf":[],"_links":{"self":[{"href":"https:\/\/aolait.com\/es\/wp-json\/wp\/v2\/product\/2218","targetHints":{"allow":["GET"]}}],"collection":[{"href":"https:\/\/aolait.com\/es\/wp-json\/wp\/v2\/product"}],"about":[{"href":"https:\/\/aolait.com\/es\/wp-json\/wp\/v2\/types\/product"}],"replies":[{"embeddable":true,"href":"https:\/\/aolait.com\/es\/wp-json\/wp\/v2\/comments?post=2218"}],"wp:featuredmedia":[{"embeddable":true,"href":"https:\/\/aolait.com\/es\/wp-json\/wp\/v2\/media\/14050"}],"wp:attachment":[{"href":"https:\/\/aolait.com\/es\/wp-json\/wp\/v2\/media?parent=2218"}],"wp:term":[{"taxonomy":"product_brand","embeddable":true,"href":"https:\/\/aolait.com\/es\/wp-json\/wp\/v2\/product_brand?post=2218"},{"taxonomy":"product_cat","embeddable":true,"href":"https:\/\/aolait.com\/es\/wp-json\/wp\/v2\/product_cat?post=2218"},{"taxonomy":"product_tag","embeddable":true,"href":"https:\/\/aolait.com\/es\/wp-json\/wp\/v2\/product_tag?post=2218"}],"curies":[{"name":"wp","href":"https:\/\/api.w.org\/{rel}","templated":true}]}}