{"id":2487,"date":"2021-04-13T15:44:59","date_gmt":"2021-04-13T07:44:59","guid":{"rendered":"https:\/\/aolait.com\/?post_type=product&#038;p=2487"},"modified":"2025-10-21T19:03:58","modified_gmt":"2025-10-21T11:03:58","slug":"4006b-moving-head-wash","status":"publish","type":"product","link":"https:\/\/aolait.com\/es\/producto\/4006b-lavacabezas-movil\/","title":{"rendered":"6X40W Led Blader Moving Head Wash Light"},"content":{"rendered":"<p>Par\u00e1metro<\/p>\n<p>Tensi\u00f3n de entrada: AC90-AC240 50-60HZ<br \/>\nFuente Led: 6X40w alto brillo RGBW 4 en 1<br \/>\nCada p\u00edxel led controlado<br \/>\n\u00c1ngulo del zoom:Grado del haz: 5\u00b0-35\u00b0<br \/>\nVida \u00fatil de la fuente luminosa: 50.000 horas<br \/>\nRegulaci\u00f3n: 0-100% regulaci\u00f3n lineal<br \/>\nConsumo: 260 W<br \/>\nInclinaci\u00f3n m\u00f3vil: 220\u00b0+16 bits de rotaci\u00f3n suave y de alta precisi\u00f3n<br \/>\nEstrobosc\u00f3pico: 1-25 veces\/seg<br \/>\nSe\u00f1al de control: DMX512, maestro-esclavo, control por voz o autopropulsado<br \/>\nprograma<br \/>\nCanal de control: 18\/32CH<br \/>\nTama\u00f1o del producto: 51*10*30cm<br \/>\net Peso 9.3 GS<\/p>","protected":false},"excerpt":{"rendered":"<p>El Blader es una barra LED m\u00f3vil avanzada con caracter\u00edsticas que la transforman en una nueva luz de efecto multihaz. Incorpora seis potentes LED OSRAM Ostar RGBW con una potencia nominal de 40 W.<br \/>\nEst\u00e1 equipado con un zoom \u00f3ptico motorizado capaz de alcanzar un \u00e1ngulo de haz m\u00ednimo de s\u00f3lo 5\u00b0. Gracias a sus extraordinarias lentes, el Blader es capaz de producir seis haces de luz muy estrechos y densos, disparando rayos de luz paralelos al aire. Ninguna barra de LED comparable es capaz de producir un efecto similar.<br \/>\n\u00c1ngulo de zoom es de 5-35 grados, con 7 veces de efecto de zoom, produce muy buena funci\u00f3n de lavado tambi\u00e9n.<\/p>","protected":false},"featured_media":12161,"comment_status":"open","ping_status":"closed","template":"","meta":{"_acf_changed":false,"_seopress_robots_primary_cat":"none","_seopress_titles_title":"","_seopress_titles_desc":"","_seopress_robots_index":""},"product_brand":[],"product_cat":[28,403],"product_tag":[241,239,240,38],"class_list":{"0":"post-2487","1":"product","2":"type-product","3":"status-publish","4":"has-post-thumbnail","6":"product_cat-led-wash-moving-head","7":"product_cat-product","8":"product_tag-clay-paky-sharbar","9":"product_tag-led-bar-moving-head","10":"product_tag-led-blader","11":"product_tag-led-wash-moving-head","13":"first","14":"instock","15":"shipping-taxable","16":"product-type-simple"},"acf":[],"_links":{"self":[{"href":"https:\/\/aolait.com\/es\/wp-json\/wp\/v2\/product\/2487","targetHints":{"allow":["GET"]}}],"collection":[{"href":"https:\/\/aolait.com\/es\/wp-json\/wp\/v2\/product"}],"about":[{"href":"https:\/\/aolait.com\/es\/wp-json\/wp\/v2\/types\/product"}],"replies":[{"embeddable":true,"href":"https:\/\/aolait.com\/es\/wp-json\/wp\/v2\/comments?post=2487"}],"wp:featuredmedia":[{"embeddable":true,"href":"https:\/\/aolait.com\/es\/wp-json\/wp\/v2\/media\/12161"}],"wp:attachment":[{"href":"https:\/\/aolait.com\/es\/wp-json\/wp\/v2\/media?parent=2487"}],"wp:term":[{"taxonomy":"product_brand","embeddable":true,"href":"https:\/\/aolait.com\/es\/wp-json\/wp\/v2\/product_brand?post=2487"},{"taxonomy":"product_cat","embeddable":true,"href":"https:\/\/aolait.com\/es\/wp-json\/wp\/v2\/product_cat?post=2487"},{"taxonomy":"product_tag","embeddable":true,"href":"https:\/\/aolait.com\/es\/wp-json\/wp\/v2\/product_tag?post=2487"}],"curies":[{"name":"wp","href":"https:\/\/api.w.org\/{rel}","templated":true}]}}