{"id":477,"date":"2020-10-28T15:53:50","date_gmt":"2020-10-28T07:53:50","guid":{"rendered":"https:\/\/aolait.com\/?post_type=product&#038;p=477"},"modified":"2025-10-21T19:04:00","modified_gmt":"2025-10-21T11:04:00","slug":"12x40w-led-moving-head-zoom","status":"publish","type":"product","link":"https:\/\/aolait.com\/es\/producto\/12x40w-led-cabeza-movil-zoom\/","title":{"rendered":"12X40W Led Zoom Cabeza M\u00f3vil"},"content":{"rendered":"<p>Voltaje: AC 100~240V, 50\/60Hz<\/p>\n<p>Consumo de energ\u00eda: 550W<\/p>\n<p>Fuente Led: 12x40W Osram RGBW LED RGBW 4 en1<\/p>\n<p>Lux: 84700lm<\/p>\n<p>Zoom: Zoom lineal 8\u00b0~60<\/p>\n<p>Regulador de intensidad: 0~100% atenuador suave<\/p>\n<p>Controlado: Controlado por DMX 512\/Maestro-esclavo<\/p>\n<p>Canales DMX: 8\/17\/21\/55\/61CH<\/p>\n<p>Actualizaci\u00f3n de software: mediante conexi\u00f3n DMX<\/p>\n<p>Panor\u00e1mica 540\u00b0, resoluci\u00f3n de 16 bits, inclinaci\u00f3n 270\u00b0, resoluci\u00f3n de 16 bits<\/p>\n<p>Autocorrecci\u00f3n: Correcci\u00f3n autom\u00e1tica de panor\u00e1mica e inclinaci\u00f3n cuando se coloca mal.<\/p>\n<p>Pantalla: Pantalla LCD<\/p>\n<p>Entrada y salida Powercon Entrada y salida de se\u00f1al para 3 y 5 patillas<\/p>\n<p>Anillo controlado, p\u00edxel controlado, efecto gr\u00e1fico macro incorporado.<\/p>\n<p>El patr\u00f3n de mapeado libre controlado por p\u00edxeles permite crear diversos efectos.<\/p>\n<p>Grado IP: IP20<\/p>\n<p><iframe src=\"https:\/\/www.youtube.com\/embed\/cAIggB2k48E\" width=\"560\" height=\"315\" frameborder=\"0\" allowfullscreen=\"allowfullscreen\"><\/iframe><\/p>","protected":false},"excerpt":{"rendered":"<p>12x40w Super brillante led lavado cabeza m\u00f3vil<\/p>\n<p>12PCS 40W RGBW LEDs, Lux: 84700lm Infinita mezcla de colores<\/p>\n<p>Efecto gr\u00e1fico de p\u00edxeles y macro incorporado<\/p>\n<p>Efecto impactante, potente funci\u00f3n de funcionamiento, que todo sea sencillo<\/p>","protected":false},"featured_media":13357,"comment_status":"open","ping_status":"closed","template":"","meta":{"_acf_changed":true,"_seopress_robots_primary_cat":"none","_seopress_titles_title":"","_seopress_titles_desc":"","_seopress_robots_index":""},"product_brand":[],"product_cat":[28,403],"product_tag":[32,33,23,34],"class_list":{"0":"post-477","1":"product","2":"type-product","3":"status-publish","4":"has-post-thumbnail","6":"product_cat-led-wash-moving-head","7":"product_cat-product","8":"product_tag-12x40w-led-wash-moving-head-with-zoom","9":"product_tag-church-lighting","10":"product_tag-concert-lighting","11":"product_tag-super-wash-zoom","13":"first","14":"instock","15":"downloadable","16":"shipping-taxable","17":"product-type-simple"},"acf":[],"_links":{"self":[{"href":"https:\/\/aolait.com\/es\/wp-json\/wp\/v2\/product\/477","targetHints":{"allow":["GET"]}}],"collection":[{"href":"https:\/\/aolait.com\/es\/wp-json\/wp\/v2\/product"}],"about":[{"href":"https:\/\/aolait.com\/es\/wp-json\/wp\/v2\/types\/product"}],"replies":[{"embeddable":true,"href":"https:\/\/aolait.com\/es\/wp-json\/wp\/v2\/comments?post=477"}],"wp:featuredmedia":[{"embeddable":true,"href":"https:\/\/aolait.com\/es\/wp-json\/wp\/v2\/media\/13357"}],"wp:attachment":[{"href":"https:\/\/aolait.com\/es\/wp-json\/wp\/v2\/media?parent=477"}],"wp:term":[{"taxonomy":"product_brand","embeddable":true,"href":"https:\/\/aolait.com\/es\/wp-json\/wp\/v2\/product_brand?post=477"},{"taxonomy":"product_cat","embeddable":true,"href":"https:\/\/aolait.com\/es\/wp-json\/wp\/v2\/product_cat?post=477"},{"taxonomy":"product_tag","embeddable":true,"href":"https:\/\/aolait.com\/es\/wp-json\/wp\/v2\/product_tag?post=477"}],"curies":[{"name":"wp","href":"https:\/\/api.w.org\/{rel}","templated":true}]}}