{"id":4833,"date":"2023-09-05T17:17:31","date_gmt":"2023-09-05T09:17:31","guid":{"rendered":"https:\/\/aolait.com\/?post_type=product&#038;p=4833"},"modified":"2025-10-21T19:03:58","modified_gmt":"2025-10-21T11:03:58","slug":"230w-beam-movig-head-light-7r-sharpy","status":"publish","type":"product","link":"https:\/\/aolait.com\/es\/producto\/faro-movil-230w-7r-sharpy\/","title":{"rendered":"Cabezal m\u00f3vil minihaz de 230 W"},"content":{"rendered":"<p>Par\u00e1metros t\u00e9cnicos:<\/p>\n<p>Tensi\u00f3n: 110-230V<\/p>\n<p>Potencia: 300 W<\/p>\n<p>L\u00e1mpara\uff1a Bombilla 230w<\/p>\n<p>Balasto: balasto electr\u00f3nico (entrada 380 V)<\/p>\n<p>Rueda de colores: 14 colores+abierto, efecto arco iris, mezcla lineal de colores<\/p>\n<p>Rueda de gobos: 14 gobos+abiertos, efecto gobo flow, efecto gobo shaking<\/p>\n<p>Prismas: 8+16+24 (opcional 8+16) efecto prisma, efecto aumento<\/p>\n<p>Estrobosc\u00f3pico: 1-10 veces\/segundo, funci\u00f3n macro integrada<\/p>\n<p>Regulador de intensidad: Regulador lineal 0-100<\/p>\n<p>Movimiento: Pan 540\u00b0. Inclinaci\u00f3n 270\u00b0. Soluci\u00f3n de 8\/16 bits. Correcci\u00f3n autom\u00e1tica de errores en caso de extrav\u00edo.<\/p>\n<p>Control: Control DMX512, 16 canales\/activaci\u00f3n por sonido<\/p>\n<p>Medidas: Tama\u00f1o: 50*34*36 Peso neto: 11kgs.<\/p>\n<p>&nbsp;<\/p>\n<p><iframe title=\"Cabeza m\u00f3vil Aolait Mini Beam 230W\" width=\"800\" height=\"450\" src=\"https:\/\/www.youtube.com\/embed\/SlAl2lnvQZI?feature=oembed\" frameborder=\"0\" allow=\"accelerometer; autoplay; clipboard-write; encrypted-media; gyroscope; picture-in-picture; web-share\" referrerpolicy=\"strict-origin-when-cross-origin\" allowfullscreen><\/iframe><\/p>","protected":false},"excerpt":{"rendered":"<p>Mini Beam 230W Moving Head light, con tama\u00f1o ultra compacto pero potente en salida. Con prismas de abeja, crea un efecto maravilloso en el escenario.<\/p>","protected":false},"featured_media":13315,"comment_status":"open","ping_status":"closed","template":"","meta":{"_acf_changed":true,"_seopress_robots_primary_cat":"none","_seopress_titles_title":"","_seopress_titles_desc":"Mini Beam 230W Moving Head, with ultra compacted size but powerful in output. With honeycombe prisms, it created wonderful effect to the stage.","_seopress_robots_index":""},"product_brand":[],"product_cat":[26,403],"product_tag":[57,22],"class_list":{"0":"post-4833","1":"product","2":"type-product","3":"status-publish","4":"has-post-thumbnail","6":"product_cat-lamp-moving-head","7":"product_cat-product","8":"product_tag-beam-moving-head","9":"product_tag-lamp-moving-head","11":"first","12":"instock","13":"downloadable","14":"virtual","15":"product-type-simple"},"acf":[],"_links":{"self":[{"href":"https:\/\/aolait.com\/es\/wp-json\/wp\/v2\/product\/4833","targetHints":{"allow":["GET"]}}],"collection":[{"href":"https:\/\/aolait.com\/es\/wp-json\/wp\/v2\/product"}],"about":[{"href":"https:\/\/aolait.com\/es\/wp-json\/wp\/v2\/types\/product"}],"replies":[{"embeddable":true,"href":"https:\/\/aolait.com\/es\/wp-json\/wp\/v2\/comments?post=4833"}],"wp:featuredmedia":[{"embeddable":true,"href":"https:\/\/aolait.com\/es\/wp-json\/wp\/v2\/media\/13315"}],"wp:attachment":[{"href":"https:\/\/aolait.com\/es\/wp-json\/wp\/v2\/media?parent=4833"}],"wp:term":[{"taxonomy":"product_brand","embeddable":true,"href":"https:\/\/aolait.com\/es\/wp-json\/wp\/v2\/product_brand?post=4833"},{"taxonomy":"product_cat","embeddable":true,"href":"https:\/\/aolait.com\/es\/wp-json\/wp\/v2\/product_cat?post=4833"},{"taxonomy":"product_tag","embeddable":true,"href":"https:\/\/aolait.com\/es\/wp-json\/wp\/v2\/product_tag?post=4833"}],"curies":[{"name":"wp","href":"https:\/\/api.w.org\/{rel}","templated":true}]}}