{"id":4863,"date":"2023-09-07T09:50:29","date_gmt":"2023-09-07T01:50:29","guid":{"rendered":"https:\/\/aolait.com\/?post_type=product&#038;p=4863"},"modified":"2025-10-21T19:03:58","modified_gmt":"2025-10-21T11:03:58","slug":"500w-led-beam-spot-wash-moving-head-profile","status":"publish","type":"product","link":"https:\/\/aolait.com\/es\/producto\/500w-led-spot-wash-cabeza-movil-perfil\/","title":{"rendered":"500W Led Beam Spot Wash Moving Head Profile"},"content":{"rendered":"<div class=\"page\" title=\"P\u00e1gina 5\">\n<div class=\"layoutArea\">\n<div class=\"column\">\n<p><iframe title=\"C\u00f3digo de pedido: AL500LS Led perfil Moving Head Light\" width=\"800\" height=\"450\" src=\"https:\/\/www.youtube.com\/embed\/fqsNVakSp_o?feature=oembed\" frameborder=\"0\" allow=\"accelerometer; autoplay; clipboard-write; encrypted-media; gyroscope; picture-in-picture; web-share\" referrerpolicy=\"strict-origin-when-cross-origin\" allowfullscreen><\/iframe><\/p>\n<\/div>\n<\/div>\n<\/div>","protected":false},"excerpt":{"rendered":"<p>AL500LSF es una luz de cabeza m\u00f3vil h\u00edbrida led de nueva generaci\u00f3n. Es una combinaci\u00f3n de Beam Spot Wash, CMY y Profile Moving head. Con moudule marco patentado que puede girar +\/-90 \u00b0, se puede cortar cualquier tri\u00e1ngulo o formas cuadradas.<\/p>","protected":false},"featured_media":11911,"comment_status":"open","ping_status":"closed","template":"","meta":{"_acf_changed":true,"_seopress_robots_primary_cat":"none","_seopress_titles_title":"AL500LSF 500W LED Profile Moving Head Light \u2013 Beam, Spot, Wash & Framing in One | CMY Color Mixing & 6\u201348\u00b0 Zoom","_seopress_titles_desc":"AL500LSF is a new generation led hybrid moving head light. It's a combination of Beam Spot Wash, CMY and Profile Moving head.","_seopress_robots_index":""},"product_brand":[],"product_cat":[27,403],"product_tag":[48,254,29],"class_list":{"0":"post-4863","1":"product","2":"type-product","3":"status-publish","4":"has-post-thumbnail","6":"product_cat-led-spot-moving-head","7":"product_cat-product","8":"product_tag-cmy-moving-head","9":"product_tag-led-profile-moving-head-light","10":"product_tag-led-spot-moving-head","12":"first","13":"instock","14":"shipping-taxable","15":"product-type-simple"},"acf":[],"_links":{"self":[{"href":"https:\/\/aolait.com\/es\/wp-json\/wp\/v2\/product\/4863","targetHints":{"allow":["GET"]}}],"collection":[{"href":"https:\/\/aolait.com\/es\/wp-json\/wp\/v2\/product"}],"about":[{"href":"https:\/\/aolait.com\/es\/wp-json\/wp\/v2\/types\/product"}],"replies":[{"embeddable":true,"href":"https:\/\/aolait.com\/es\/wp-json\/wp\/v2\/comments?post=4863"}],"wp:featuredmedia":[{"embeddable":true,"href":"https:\/\/aolait.com\/es\/wp-json\/wp\/v2\/media\/11911"}],"wp:attachment":[{"href":"https:\/\/aolait.com\/es\/wp-json\/wp\/v2\/media?parent=4863"}],"wp:term":[{"taxonomy":"product_brand","embeddable":true,"href":"https:\/\/aolait.com\/es\/wp-json\/wp\/v2\/product_brand?post=4863"},{"taxonomy":"product_cat","embeddable":true,"href":"https:\/\/aolait.com\/es\/wp-json\/wp\/v2\/product_cat?post=4863"},{"taxonomy":"product_tag","embeddable":true,"href":"https:\/\/aolait.com\/es\/wp-json\/wp\/v2\/product_tag?post=4863"}],"curies":[{"name":"wp","href":"https:\/\/api.w.org\/{rel}","templated":true}]}}