{"id":492,"date":"2020-10-28T17:16:21","date_gmt":"2020-10-28T09:16:21","guid":{"rendered":"https:\/\/aolait.com\/?post_type=product&#038;p=492"},"modified":"2025-10-21T19:04:00","modified_gmt":"2025-10-21T11:04:00","slug":"12x30w-led-moving-head-dot-bar","status":"publish","type":"product","link":"https:\/\/aolait.com\/es\/producto\/12x30w-led-cabeza-movil-dot-bar\/","title":{"rendered":"12x30W Led Moving Head Dot Bar"},"content":{"rendered":"<p><iframe src=\"https:\/\/www.youtube.com\/embed\/XjEUihD7SfA\" width=\"560\" height=\"315\" frameborder=\"0\" allowfullscreen=\"allowfullscreen\"><\/iframe><\/p>","protected":false},"excerpt":{"rendered":"<p>AL3012B equipa 12PCS de alto brillo 30W LED, cada controlador de p\u00edxeles Led.<\/p>\n<p>Gracias a 12PCS de alta calidad 30W Led, es de larga vida \u00fatil, un efecto de haz bastante fuerte, y RGBW infinita mezcla de colores.<\/p>\n<p>Y tambi\u00e9n incorporado efecto macro, con el cuerpo de la luz m\u00e1s nuevo dise\u00f1o, una buena opci\u00f3n para la instituci\u00f3n fija de lugar de entretenimiento.<\/p>","protected":false},"featured_media":11885,"comment_status":"open","ping_status":"closed","template":"","meta":{"_acf_changed":true,"_seopress_robots_primary_cat":"none","_seopress_titles_title":"12x30W LED Moving Head Dot Bar Light | RGBW DMX Pixel-Control Beam Bar \u2013 Aolait","_seopress_titles_desc":"Shop Aolait\u2019s AL3012B \u2013 a 12x30W LED moving head dot bar with pixel control, ultra-narrow 3\u00b0 beam, DMX512, and fast strobe for stage and DJ lighting. Ideal for concerts, clubs, and productions.","_seopress_robots_index":""},"product_brand":[],"product_cat":[28,403],"product_tag":[39,37,40,38],"class_list":{"0":"post-492","1":"product","2":"type-product","3":"status-publish","4":"has-post-thumbnail","6":"product_cat-led-wash-moving-head","7":"product_cat-product","8":"product_tag-beam-wash-lights","9":"product_tag-led-beam-moving-head","10":"product_tag-led-dot-bar","11":"product_tag-led-wash-moving-head","13":"first","14":"instock","15":"shipping-taxable","16":"product-type-simple"},"acf":[],"_links":{"self":[{"href":"https:\/\/aolait.com\/es\/wp-json\/wp\/v2\/product\/492","targetHints":{"allow":["GET"]}}],"collection":[{"href":"https:\/\/aolait.com\/es\/wp-json\/wp\/v2\/product"}],"about":[{"href":"https:\/\/aolait.com\/es\/wp-json\/wp\/v2\/types\/product"}],"replies":[{"embeddable":true,"href":"https:\/\/aolait.com\/es\/wp-json\/wp\/v2\/comments?post=492"}],"wp:featuredmedia":[{"embeddable":true,"href":"https:\/\/aolait.com\/es\/wp-json\/wp\/v2\/media\/11885"}],"wp:attachment":[{"href":"https:\/\/aolait.com\/es\/wp-json\/wp\/v2\/media?parent=492"}],"wp:term":[{"taxonomy":"product_brand","embeddable":true,"href":"https:\/\/aolait.com\/es\/wp-json\/wp\/v2\/product_brand?post=492"},{"taxonomy":"product_cat","embeddable":true,"href":"https:\/\/aolait.com\/es\/wp-json\/wp\/v2\/product_cat?post=492"},{"taxonomy":"product_tag","embeddable":true,"href":"https:\/\/aolait.com\/es\/wp-json\/wp\/v2\/product_tag?post=492"}],"curies":[{"name":"wp","href":"https:\/\/api.w.org\/{rel}","templated":true}]}}