{"id":587,"date":"2020-10-30T14:24:24","date_gmt":"2020-10-30T06:24:24","guid":{"rendered":"https:\/\/aolait.com\/?post_type=product&#038;p=587"},"modified":"2025-10-21T19:04:00","modified_gmt":"2025-10-21T11:04:00","slug":"380w-beam-moving-head","status":"publish","type":"product","link":"https:\/\/aolait.com\/es\/producto\/cabezal-movil-de-380-w\/","title":{"rendered":"Cabezal m\u00f3vil de 380 W"},"content":{"rendered":"<p>Voltaje: AC100-240V 50\/60Hz<\/p>\n<p>Potencia: 550 W<\/p>\n<p>Fuente de luz: L\u00e1mpara YODN 380W<\/p>\n<p>Placa de color: 1 rueda de color, 14 colores+ abierta<\/p>\n<p>Placa de gobos: 1 rueda de gobos fija, 17 gobos fijos + abiertos<\/p>\n<p>Prisma: Prismas 1: Prismas de 16 facetas<\/p>\n<p>Prismas 2: prismas de 48 caras<\/p>\n<p>Escarcha y Estroboscopio<\/p>\n<p>Movimiento: Pan: 540\u00b0, Inclinaci\u00f3n: 270\u00b0, resoluci\u00f3n de 16 bits<\/p>\n<p>Modo de control: Est\u00e1ndar DMX512\/maestro-esclavo\/autom\u00e1tico<\/p>\n<p>Canales DMX: 16 Canales<\/p>\n<p>Rueda de efectos: Rueda arco iris<\/p>\n<p>Pantalla: Pantalla t\u00e1ctil de colores<\/p>\n<p>Grado IP: IP20<\/p>\n<p>Tama\u00f1o: 365*290*590 mm<\/p>\n<p>Peso neto: 20 KG<\/p>\n<p><iframe src=\"https:\/\/www.youtube.com\/embed\/cua_nYEsSzY\" width=\"560\" height=\"315\" frameborder=\"0\" allowfullscreen=\"allowfullscreen\"><\/iframe><\/p>","protected":false},"excerpt":{"rendered":"<p>AL380B Aolait 380w BEAM cuenta con una nueva y fiable L\u00e1mpara YODN de 380W, gracias a esta incre\u00edble potencia, aseg\u00farese para las distancias medias.<\/p>\n<p>Las ventajas adicionales incluyen 14 gogo fijos y 17 colores. Efecto de 2 prismas con Prismas 1: 16 prismas facetados Prismas 2: 48 prismas facetados a\u00f1aden efecto arco iris.<\/p>\n<p>\u00c1ngulo de haz de 3\u00b0, dise\u00f1o moderno, doble prisma, \u00a1te dar\u00e1 un efecto impactante!<\/p>","protected":false},"featured_media":13347,"comment_status":"open","ping_status":"closed","template":"","meta":{"_acf_changed":true,"_seopress_robots_primary_cat":"none","_seopress_titles_title":"","_seopress_titles_desc":"","_seopress_robots_index":""},"product_brand":[],"product_cat":[26,403],"product_tag":[57,33,23,58,59],"class_list":{"0":"post-587","1":"product","2":"type-product","3":"status-publish","4":"has-post-thumbnail","6":"product_cat-lamp-moving-head","7":"product_cat-product","8":"product_tag-beam-moving-head","9":"product_tag-church-lighting","10":"product_tag-concert-lighting","11":"product_tag-sharpy-beam","12":"product_tag-sharpy-moving-head","14":"first","15":"instock","16":"shipping-taxable","17":"product-type-simple"},"acf":[],"_links":{"self":[{"href":"https:\/\/aolait.com\/es\/wp-json\/wp\/v2\/product\/587","targetHints":{"allow":["GET"]}}],"collection":[{"href":"https:\/\/aolait.com\/es\/wp-json\/wp\/v2\/product"}],"about":[{"href":"https:\/\/aolait.com\/es\/wp-json\/wp\/v2\/types\/product"}],"replies":[{"embeddable":true,"href":"https:\/\/aolait.com\/es\/wp-json\/wp\/v2\/comments?post=587"}],"wp:featuredmedia":[{"embeddable":true,"href":"https:\/\/aolait.com\/es\/wp-json\/wp\/v2\/media\/13347"}],"wp:attachment":[{"href":"https:\/\/aolait.com\/es\/wp-json\/wp\/v2\/media?parent=587"}],"wp:term":[{"taxonomy":"product_brand","embeddable":true,"href":"https:\/\/aolait.com\/es\/wp-json\/wp\/v2\/product_brand?post=587"},{"taxonomy":"product_cat","embeddable":true,"href":"https:\/\/aolait.com\/es\/wp-json\/wp\/v2\/product_cat?post=587"},{"taxonomy":"product_tag","embeddable":true,"href":"https:\/\/aolait.com\/es\/wp-json\/wp\/v2\/product_tag?post=587"}],"curies":[{"name":"wp","href":"https:\/\/api.w.org\/{rel}","templated":true}]}}