{"id":847,"date":"2020-11-03T10:34:11","date_gmt":"2020-11-03T02:34:11","guid":{"rendered":"https:\/\/aolait.com\/?post_type=product&#038;p=847"},"modified":"2025-12-03T17:09:35","modified_gmt":"2025-12-03T09:09:35","slug":"36x12w-led-moving-head-zoom","status":"publish","type":"product","link":"https:\/\/aolait.com\/es\/producto\/36x12w-led-cabeza-movil-zoom\/","title":{"rendered":"36x12W Led Zoom Cabeza M\u00f3vil"},"content":{"rendered":"<p>Voltaje: AC100-240V 50\/60Hz<\/p>\n<p>Potencia: 400 W<\/p>\n<p>Fuente de luz: 36pcs 10W alto brillo RGBW 4-en-1 LED (5en1 o 6en1 est\u00e1n disponibles)<\/p>\n<p>Vida \u00fatil: 100.000 horas<\/p>\n<p>Color: RGBW mixto (RGBWA o RGBWA+UV) opcional<\/p>\n<p>Enfoque: ajuste ultrasuave del enfoque<\/p>\n<p>\u00c1ngulo del haz: 15<\/p>\n<p>Estrobosc\u00f3pico: 1-10 veces\/segundo o aleatorio<\/p>\n<p>Regulador de intensidad: 0-100% regulaci\u00f3n lineal<\/p>\n<p>Movimiento: Panor\u00e1mica 540\u00b0, resoluci\u00f3n de 16 bits Inclinaci\u00f3n 270\u00b0, resoluci\u00f3n de 16 bits<\/p>\n<p>Modo de control: Est\u00e1ndar DMX 512\/master-salve\/sound\/auto<\/p>\n<p>Canal DMX: 12\/16 Canales<\/p>\n<p>Pantalla: Pantalla LCD t\u00e1ctil<\/p>\n<p>Grado IP: IP20<\/p>\n<p>Tama\u00f1o: 425*295*390 mm<\/p>\n<p>Peso neto: 10 KG<\/p>\n<p><iframe src=\"https:\/\/www.youtube.com\/embed\/qTiSE_3dw2w\" width=\"560\" height=\"315\" frameborder=\"0\" allowfullscreen=\"allowfullscreen\"><\/iframe><\/p>","protected":false},"excerpt":{"rendered":"<p>36*12W Led Wash Cabeza M\u00f3vil con Zoom<\/p>\n<p>Un equipo cl\u00e1sico de iluminaci\u00f3n esc\u00e9nica<\/p>\n<p>Mezcla RGBW hasta siete colores, color opcional<\/p>\n<p>Est\u00e1 absolutamente a la altura de todas sus expectativas.<\/p>","protected":false},"featured_media":13917,"comment_status":"open","ping_status":"closed","template":"","meta":{"_acf_changed":true,"_seopress_robots_primary_cat":"none","_seopress_titles_title":"","_seopress_titles_desc":"","_seopress_robots_index":""},"product_brand":[],"product_cat":[28,403],"product_tag":[89,38,90],"class_list":{"0":"post-847","1":"product","2":"type-product","3":"status-publish","4":"has-post-thumbnail","6":"product_cat-led-wash-moving-head","7":"product_cat-product","8":"product_tag-36x12w-led-wash","9":"product_tag-led-wash-moving-head","10":"product_tag-led-wash-zoom","12":"first","13":"instock","14":"downloadable","15":"shipping-taxable","16":"product-type-simple"},"acf":[],"_links":{"self":[{"href":"https:\/\/aolait.com\/es\/wp-json\/wp\/v2\/product\/847","targetHints":{"allow":["GET"]}}],"collection":[{"href":"https:\/\/aolait.com\/es\/wp-json\/wp\/v2\/product"}],"about":[{"href":"https:\/\/aolait.com\/es\/wp-json\/wp\/v2\/types\/product"}],"replies":[{"embeddable":true,"href":"https:\/\/aolait.com\/es\/wp-json\/wp\/v2\/comments?post=847"}],"wp:featuredmedia":[{"embeddable":true,"href":"https:\/\/aolait.com\/es\/wp-json\/wp\/v2\/media\/13917"}],"wp:attachment":[{"href":"https:\/\/aolait.com\/es\/wp-json\/wp\/v2\/media?parent=847"}],"wp:term":[{"taxonomy":"product_brand","embeddable":true,"href":"https:\/\/aolait.com\/es\/wp-json\/wp\/v2\/product_brand?post=847"},{"taxonomy":"product_cat","embeddable":true,"href":"https:\/\/aolait.com\/es\/wp-json\/wp\/v2\/product_cat?post=847"},{"taxonomy":"product_tag","embeddable":true,"href":"https:\/\/aolait.com\/es\/wp-json\/wp\/v2\/product_tag?post=847"}],"curies":[{"name":"wp","href":"https:\/\/api.w.org\/{rel}","templated":true}]}}