{"id":857,"date":"2020-11-03T11:39:42","date_gmt":"2020-11-03T03:39:42","guid":{"rendered":"https:\/\/aolait.com\/?post_type=product&#038;p=857"},"modified":"2025-10-21T19:04:00","modified_gmt":"2025-10-21T11:04:00","slug":"37x15w-led-moving-head-zoom","status":"publish","type":"product","link":"https:\/\/aolait.com\/es\/producto\/37x15w-led-cabeza-movil-zoom\/","title":{"rendered":"37x15W Led Zoom Cabeza M\u00f3vil"},"content":{"rendered":"<p><iframe title=\"Reproductor de v\u00eddeo YouTube\" src=\"https:\/\/www.youtube.com\/embed\/Rq6MfVyuMV0\" width=\"560\" height=\"315\" frameborder=\"0\" allowfullscreen=\"allowfullscreen\"><\/iframe><\/p>\n\n\n<p><\/p>","protected":false},"excerpt":{"rendered":"<p>AL3715WZ es una potente luz de zoom de cabeza m\u00f3vil LED RGBW de 37x15W con efectos avanzados de anillo de p\u00edxeles y zoom motorizado suave, perfecta para iluminaci\u00f3n de escenarios, eventos e iglesias.<\/p>","protected":false},"featured_media":13393,"comment_status":"open","ping_status":"closed","template":"","meta":{"_acf_changed":false,"_seopress_robots_primary_cat":"none","_seopress_titles_title":"37x15W LED Moving Head Zoom | RGBW Wash Light with Pixel Ring \u2013 AL3715WZ","_seopress_titles_desc":"Discover Aolait AL3715WZ \u2013 a 37x15W RGBW LED moving head zoom light with pixel ring control, 10\u00b0\u201350\u00b0 zoom, DMX channels, and high-power wash effects for stage and events.","_seopress_robots_index":""},"product_brand":[],"product_cat":[28,403],"product_tag":[339,23,340,337,338],"class_list":{"0":"post-857","1":"product","2":"type-product","3":"status-publish","4":"has-post-thumbnail","6":"product_cat-led-wash-moving-head","7":"product_cat-product","8":"product_tag-37x15w-wash-light","9":"product_tag-concert-lighting","10":"product_tag-led-moving-head-zoom","11":"product_tag-pixel-ring-beam","12":"product_tag-rgbw-led-stage-light","14":"first","15":"instock","16":"shipping-taxable","17":"product-type-simple"},"acf":[],"_links":{"self":[{"href":"https:\/\/aolait.com\/es\/wp-json\/wp\/v2\/product\/857","targetHints":{"allow":["GET"]}}],"collection":[{"href":"https:\/\/aolait.com\/es\/wp-json\/wp\/v2\/product"}],"about":[{"href":"https:\/\/aolait.com\/es\/wp-json\/wp\/v2\/types\/product"}],"replies":[{"embeddable":true,"href":"https:\/\/aolait.com\/es\/wp-json\/wp\/v2\/comments?post=857"}],"wp:featuredmedia":[{"embeddable":true,"href":"https:\/\/aolait.com\/es\/wp-json\/wp\/v2\/media\/13393"}],"wp:attachment":[{"href":"https:\/\/aolait.com\/es\/wp-json\/wp\/v2\/media?parent=857"}],"wp:term":[{"taxonomy":"product_brand","embeddable":true,"href":"https:\/\/aolait.com\/es\/wp-json\/wp\/v2\/product_brand?post=857"},{"taxonomy":"product_cat","embeddable":true,"href":"https:\/\/aolait.com\/es\/wp-json\/wp\/v2\/product_cat?post=857"},{"taxonomy":"product_tag","embeddable":true,"href":"https:\/\/aolait.com\/es\/wp-json\/wp\/v2\/product_tag?post=857"}],"curies":[{"name":"wp","href":"https:\/\/api.w.org\/{rel}","templated":true}]}}