{"id":910,"date":"2020-11-03T14:21:45","date_gmt":"2020-11-03T06:21:45","guid":{"rendered":"https:\/\/aolait.com\/?post_type=product&#038;p=910"},"modified":"2025-12-03T17:55:13","modified_gmt":"2025-12-03T09:55:13","slug":"19x15w-led-moving-head-candy","status":"publish","type":"product","link":"https:\/\/aolait.com\/es\/producto\/19x15w-led-cabeza-movil-vela\/","title":{"rendered":"19X15W LED Moving Head Candy"},"content":{"rendered":"<p>Voltaje: AC100-240V 50\/60Hz<\/p>\n<p>Potencia: 250 W<\/p>\n<p>Fuente de luz: 19 LED RGBW 4 en 1 de 15 W y alto brillo<\/p>\n<p>Retroiluminaci\u00f3n Led: 30pcs 0.18W RGB 3 en 1<\/p>\n<p>Vida \u00fatil: 100.000 horas<\/p>\n<p>Color: mezcla infinita RGBW<\/p>\n<p>Zoom: 8\u00b0-50<\/p>\n<p>Estrobosc\u00f3pico: 1-25 veces\/segundo<\/p>\n<p>Regulador de intensidad: Sistema de regulaci\u00f3n lineal 0-100%<\/p>\n<p>Movimiento: Panor\u00e1mica 540\u00b0, resoluci\u00f3n de 16 bits Inclinaci\u00f3n 270\u00b0, resoluci\u00f3n de 16 bits<\/p>\n<p>Modo de control: Est\u00e1ndar DMX 512\/master-salve\/sound\/auto<\/p>\n<p>Canal DMX: 14\/25 Canales<\/p>\n<p>Pantalla: Pantalla LCD<\/p>\n<p>Funci\u00f3n: Con obturador LED, memoria de posici\u00f3n de escaneado y reposicionamiento autom\u00e1tico.<\/p>\n<p>Con retroiluminaci\u00f3n LED para un uso perfecto con efecto de caramelo para los ojos.<\/p>\n<p>Grado IP: IP20<\/p>\n<p>Tama\u00f1o: 260*160*300 mm<\/p>\n<p>Peso neto: 7,7 KG<\/p>\n<p><iframe src=\"https:\/\/www.youtube.com\/embed\/8coLHMjlao0\" width=\"560\" height=\"315\" frameborder=\"0\" allowfullscreen=\"allowfullscreen\"><\/iframe><\/p>","protected":false},"excerpt":{"rendered":"<p>AL1019WZ+, un foco m\u00f3vil con zoom: 8\u00b0-50\u00b0.<\/p>\n<p>Cuenta con haz y efecto de lavado con luz de fondo \u00fanica, hace que los efectos Eye-candy.<\/p>\n<p>&nbsp;<\/p>","protected":false},"featured_media":13942,"comment_status":"open","ping_status":"closed","template":"","meta":{"_acf_changed":true,"_seopress_robots_primary_cat":"none","_seopress_titles_title":"","_seopress_titles_desc":"","_seopress_robots_index":""},"product_brand":[],"product_cat":[28,403],"product_tag":[99,38,100,94],"class_list":{"0":"post-910","1":"product","2":"type-product","3":"status-publish","4":"has-post-thumbnail","6":"product_cat-led-wash-moving-head","7":"product_cat-product","8":"product_tag-19x15w-with-back-light","9":"product_tag-led-wash-moving-head","10":"product_tag-rgbw-led-wash-zoom","11":"product_tag-super-zoom-led-wash","13":"first","14":"instock","15":"shipping-taxable","16":"product-type-simple"},"acf":[],"_links":{"self":[{"href":"https:\/\/aolait.com\/es\/wp-json\/wp\/v2\/product\/910","targetHints":{"allow":["GET"]}}],"collection":[{"href":"https:\/\/aolait.com\/es\/wp-json\/wp\/v2\/product"}],"about":[{"href":"https:\/\/aolait.com\/es\/wp-json\/wp\/v2\/types\/product"}],"replies":[{"embeddable":true,"href":"https:\/\/aolait.com\/es\/wp-json\/wp\/v2\/comments?post=910"}],"wp:featuredmedia":[{"embeddable":true,"href":"https:\/\/aolait.com\/es\/wp-json\/wp\/v2\/media\/13942"}],"wp:attachment":[{"href":"https:\/\/aolait.com\/es\/wp-json\/wp\/v2\/media?parent=910"}],"wp:term":[{"taxonomy":"product_brand","embeddable":true,"href":"https:\/\/aolait.com\/es\/wp-json\/wp\/v2\/product_brand?post=910"},{"taxonomy":"product_cat","embeddable":true,"href":"https:\/\/aolait.com\/es\/wp-json\/wp\/v2\/product_cat?post=910"},{"taxonomy":"product_tag","embeddable":true,"href":"https:\/\/aolait.com\/es\/wp-json\/wp\/v2\/product_tag?post=910"}],"curies":[{"name":"wp","href":"https:\/\/api.w.org\/{rel}","templated":true}]}}