{"id":924,"date":"2020-11-03T14:46:46","date_gmt":"2020-11-03T06:46:46","guid":{"rendered":"https:\/\/aolait.com\/?post_type=product&#038;p=924"},"modified":"2025-10-21T19:04:00","modified_gmt":"2025-10-21T11:04:00","slug":"19x15w-led-moving-head-with-zoom","status":"publish","type":"product","link":"https:\/\/aolait.com\/es\/producto\/19x15w-led-cabeza-movil-con-zoom\/","title":{"rendered":"19x15W Led Cabeza M\u00f3vil con Zoom"},"content":{"rendered":"<p>Voltaje: AC100-240V,50\/60HZ<\/p>\n<p>Fuente de luz: 19PCS 15W RGBW 4 en 1 Led Chip<\/p>\n<p>Modo de control: DMX 512<\/p>\n<p>Canal: 16 CH<\/p>\n<p>Regulador de intensidad: 0-100%, cuatro curvas de atenuaci\u00f3n<\/p>\n<p>Estrobosc\u00f3pica: 0-25HZ, aleatorio m\u00e1s funci\u00f3n estrobosc\u00f3pica<\/p>\n<p>\u00c1ngulo del zoom: 10\u00b0-60<\/p>\n<p>Pan 540\u00b0Tilt240\u00b0, resoluci\u00f3n de 16 bits, correcci\u00f3n autom\u00e1tica de errores<\/p>\n<p>Pantalla: LCD en chino e ingl\u00e9s<\/p>\n<p>Grado IP: IP20<\/p>\n<p>Carcasa: Pl\u00e1stico t\u00e9cnico retardante<\/p>\n<p>Tama\u00f1o: 260*160*300 mm<\/p>\n<p>N.W: 9.5kgs<\/p>\n<p><iframe src=\"https:\/\/www.youtube.com\/embed\/DX4EhC10F-o\" width=\"560\" height=\"315\" frameborder=\"0\" allowfullscreen=\"allowfullscreen\"><\/iframe><\/p>","protected":false},"excerpt":{"rendered":"<p>AL1019WZ equipa 19PCS 15W 4-en-1 LEDs RGBW.<\/p>\n<p>Entre sus ventajas se incluyen el control del c\u00edrculo, el zoom de gran lavado 10\u00b0-60\u00b0.<\/p>\n<p>Un accesorio popular para escenarios, conciertos, discotecas y actuaciones.<\/p>","protected":false},"featured_media":13329,"comment_status":"open","ping_status":"closed","template":"","meta":{"_acf_changed":true,"_seopress_robots_primary_cat":"none","_seopress_titles_title":"","_seopress_titles_desc":"","_seopress_robots_index":""},"product_brand":[],"product_cat":[28,403],"product_tag":[96,38,100,101],"class_list":{"0":"post-924","1":"product","2":"type-product","3":"status-publish","4":"has-post-thumbnail","6":"product_cat-led-wash-moving-head","7":"product_cat-product","8":"product_tag-19x15w-led-moving-head","9":"product_tag-led-wash-moving-head","10":"product_tag-rgbw-led-wash-zoom","11":"product_tag-rgbw-moving-head","13":"first","14":"instock","15":"shipping-taxable","16":"product-type-simple"},"acf":[],"_links":{"self":[{"href":"https:\/\/aolait.com\/es\/wp-json\/wp\/v2\/product\/924","targetHints":{"allow":["GET"]}}],"collection":[{"href":"https:\/\/aolait.com\/es\/wp-json\/wp\/v2\/product"}],"about":[{"href":"https:\/\/aolait.com\/es\/wp-json\/wp\/v2\/types\/product"}],"replies":[{"embeddable":true,"href":"https:\/\/aolait.com\/es\/wp-json\/wp\/v2\/comments?post=924"}],"wp:featuredmedia":[{"embeddable":true,"href":"https:\/\/aolait.com\/es\/wp-json\/wp\/v2\/media\/13329"}],"wp:attachment":[{"href":"https:\/\/aolait.com\/es\/wp-json\/wp\/v2\/media?parent=924"}],"wp:term":[{"taxonomy":"product_brand","embeddable":true,"href":"https:\/\/aolait.com\/es\/wp-json\/wp\/v2\/product_brand?post=924"},{"taxonomy":"product_cat","embeddable":true,"href":"https:\/\/aolait.com\/es\/wp-json\/wp\/v2\/product_cat?post=924"},{"taxonomy":"product_tag","embeddable":true,"href":"https:\/\/aolait.com\/es\/wp-json\/wp\/v2\/product_tag?post=924"}],"curies":[{"name":"wp","href":"https:\/\/api.w.org\/{rel}","templated":true}]}}