{"id":1094,"date":"2020-11-04T15:21:55","date_gmt":"2020-11-04T07:21:55","guid":{"rendered":"https:\/\/aolait.com\/?post_type=product&#038;p=1094"},"modified":"2025-10-21T19:04:00","modified_gmt":"2025-10-21T11:04:00","slug":"19x15w-led-par-zoom-waterproof","status":"publish","type":"product","link":"https:\/\/aolait.com\/fr\/produit\/19x15w-led-par-zoom-waterproof\/","title":{"rendered":"18X15W Led Par Zoom Waterproof"},"content":{"rendered":"<p>Tension : AC100-240V 50\/60Hz<\/p>\n<p>Puissance : 250W<\/p>\n<p>Source lumineuse : 18 LED RGBW 4 en 1 de 15W \u00e0 haute luminosit\u00e9<\/p>\n<p>Dur\u00e9e de vie : 10000 heures\uff0c faible consommation d'\u00e9nergie, \u00e9conomie d'\u00e9nergie et protection de l'environnement LED<\/p>\n<p>Zoom : 8\u00b0-60\u00b0, m\u00e9lange de couleurs, pas de zones sombres<\/p>\n<p>Strobe : 0-25 fois\/seconde, stroboscope al\u00e9atoire<\/p>\n<p>Mode de contr\u00f4le : Standard DMX 512\/master-salve\/sound\/auto<\/p>\n<p>Canal DMX : 6\/10\/18 canaux<\/p>\n<p>Exploitation de l'outil unique et humanis\u00e9<\/p>\n<p>Classe IP : IP65<\/p>\n<p>Taille : 390*300*270 mm<\/p>\n<p>Poids net : 10 KG<\/p>\n<p><iframe src=\"https:\/\/www.youtube.com\/embed\/mpIv54PDRgs\" width=\"560\" height=\"315\" frameborder=\"0\" allowfullscreen=\"allowfullscreen\"><\/iframe><\/p>","protected":false},"excerpt":{"rendered":"<p>Al1019WZ<\/p>\n<p>Super luminosit\u00e9 18PCS 15W RGBW LEDs, avec un grand angle de zoom : 8-60\u00b0, peut \u00eatre contr\u00f4l\u00e9 en cercle, tr\u00e8s grande fonction dans le par led.<\/p>\n<p>Contr\u00f4le de qualit\u00e9 strict \u00c9tanch\u00e9it\u00e9, degr\u00e9 IP65. Pour toute sc\u00e8ne de pluie ou utilisation sur la plage.<\/p>","protected":false},"featured_media":11958,"comment_status":"open","ping_status":"closed","template":"","meta":{"_acf_changed":false,"_seopress_robots_primary_cat":"none","_seopress_titles_title":"","_seopress_titles_desc":"","_seopress_robots_index":""},"product_brand":[],"product_cat":[35,403],"product_tag":[117,114,115,116],"class_list":{"0":"post-1094","1":"product","2":"type-product","3":"status-publish","4":"has-post-thumbnail","6":"product_cat-led-par-light","7":"product_cat-product","8":"product_tag-19x15w-led-par","9":"product_tag-led-par-light","10":"product_tag-led-par-waterproof","11":"product_tag-led-par-with-zoom","13":"first","14":"instock","15":"downloadable","16":"shipping-taxable","17":"product-type-simple"},"acf":[],"_links":{"self":[{"href":"https:\/\/aolait.com\/fr\/wp-json\/wp\/v2\/product\/1094","targetHints":{"allow":["GET"]}}],"collection":[{"href":"https:\/\/aolait.com\/fr\/wp-json\/wp\/v2\/product"}],"about":[{"href":"https:\/\/aolait.com\/fr\/wp-json\/wp\/v2\/types\/product"}],"replies":[{"embeddable":true,"href":"https:\/\/aolait.com\/fr\/wp-json\/wp\/v2\/comments?post=1094"}],"wp:featuredmedia":[{"embeddable":true,"href":"https:\/\/aolait.com\/fr\/wp-json\/wp\/v2\/media\/11958"}],"wp:attachment":[{"href":"https:\/\/aolait.com\/fr\/wp-json\/wp\/v2\/media?parent=1094"}],"wp:term":[{"taxonomy":"product_brand","embeddable":true,"href":"https:\/\/aolait.com\/fr\/wp-json\/wp\/v2\/product_brand?post=1094"},{"taxonomy":"product_cat","embeddable":true,"href":"https:\/\/aolait.com\/fr\/wp-json\/wp\/v2\/product_cat?post=1094"},{"taxonomy":"product_tag","embeddable":true,"href":"https:\/\/aolait.com\/fr\/wp-json\/wp\/v2\/product_tag?post=1094"}],"curies":[{"name":"wp","href":"https:\/\/api.w.org\/{rel}","templated":true}]}}