{"id":12186,"date":"2025-04-22T11:37:11","date_gmt":"2025-04-22T03:37:11","guid":{"rendered":"https:\/\/aolait.com\/?post_type=product&#038;p=12186"},"modified":"2025-10-21T19:03:57","modified_gmt":"2025-10-21T11:03:57","slug":"250w-led-beam-moving-head","status":"publish","type":"product","link":"https:\/\/aolait.com\/fr\/produit\/250w-led-beam-moving-head\/","title":{"rendered":"250W Led Beam Moving Head Light"},"content":{"rendered":"<h2 class=\"wp-block-heading\"><\/h2>","protected":false},"excerpt":{"rendered":"<p>L'AL250LB est un projecteur \u00e0 t\u00eate mobile \u00e0 faisceau LED de 250W, avec des faisceaux de haute intensit\u00e9, des couleurs vives, une efficacit\u00e9 \u00e9nerg\u00e9tique, id\u00e9al pour les sc\u00e8nes et les \u00e9v\u00e9nements professionnels.<\/p>","protected":false},"featured_media":13310,"comment_status":"open","ping_status":"closed","template":"","meta":{"_acf_changed":false,"_seopress_robots_primary_cat":"none","_seopress_titles_title":"250W Led Beam Moving Head","_seopress_titles_desc":"Discover the 250W LED Beam Moving Head Light with 2\u00b0 beam, 14-color wheel, 17 gobos, dual rotating prisms, and motorized focus\u2014designed for professional stage lighting applications.","_seopress_robots_index":""},"product_brand":[],"product_cat":[85,403],"product_tag":[271,57,282,75,283,284],"class_list":{"0":"post-12186","1":"product","2":"type-product","3":"status-publish","4":"has-post-thumbnail","6":"product_cat-led-beam-moving-head","7":"product_cat-product","8":"product_tag-250w-moving-head","9":"product_tag-beam-moving-head","10":"product_tag-dmx-beam-light","11":"product_tag-led-stage-light","12":"product_tag-professional-lighting-fixture","13":"product_tag-rgb-ring-beam","15":"first","16":"instock","17":"shipping-taxable","18":"product-type-simple"},"acf":[],"_links":{"self":[{"href":"https:\/\/aolait.com\/fr\/wp-json\/wp\/v2\/product\/12186","targetHints":{"allow":["GET"]}}],"collection":[{"href":"https:\/\/aolait.com\/fr\/wp-json\/wp\/v2\/product"}],"about":[{"href":"https:\/\/aolait.com\/fr\/wp-json\/wp\/v2\/types\/product"}],"replies":[{"embeddable":true,"href":"https:\/\/aolait.com\/fr\/wp-json\/wp\/v2\/comments?post=12186"}],"wp:featuredmedia":[{"embeddable":true,"href":"https:\/\/aolait.com\/fr\/wp-json\/wp\/v2\/media\/13310"}],"wp:attachment":[{"href":"https:\/\/aolait.com\/fr\/wp-json\/wp\/v2\/media?parent=12186"}],"wp:term":[{"taxonomy":"product_brand","embeddable":true,"href":"https:\/\/aolait.com\/fr\/wp-json\/wp\/v2\/product_brand?post=12186"},{"taxonomy":"product_cat","embeddable":true,"href":"https:\/\/aolait.com\/fr\/wp-json\/wp\/v2\/product_cat?post=12186"},{"taxonomy":"product_tag","embeddable":true,"href":"https:\/\/aolait.com\/fr\/wp-json\/wp\/v2\/product_tag?post=12186"}],"curies":[{"name":"wp","href":"https:\/\/api.w.org\/{rel}","templated":true}]}}