{"id":12232,"date":"2025-05-05T11:30:49","date_gmt":"2025-05-05T03:30:49","guid":{"rendered":"https:\/\/aolait.com\/?post_type=product&#038;p=12232"},"modified":"2025-10-21T19:03:57","modified_gmt":"2025-10-21T11:03:57","slug":"7x60w-led-bee-eye-moving-head-wash-zoom-ip65-waterproof","status":"publish","type":"product","link":"https:\/\/aolait.com\/fr\/produit\/7x60w-led-bee-eye-moving-head-wash-zoom-ip65-waterproof\/","title":{"rendered":"7x60W Led Bee Eye Moving Head Wash Zoom IP65 Waterproof"},"content":{"rendered":"<h3 class=\"wp-block-heading\"><\/h3>\n\n\n\n<figure class=\"wp-block-embed is-type-video is-provider-youtube wp-block-embed-youtube wp-embed-aspect-16-9 wp-has-aspect-ratio\"><div class=\"wp-block-embed__wrapper\">\n<iframe title=\"AL0760WP Aolait 7x60W Led Bee Eye Moving Head Wash Zoom\" width=\"800\" height=\"450\" src=\"https:\/\/www.youtube.com\/embed\/I-Mqb16nQxE?feature=oembed\" frameborder=\"0\" allow=\"accelerometer; autoplay; clipboard-write; encrypted-media; gyroscope; picture-in-picture; web-share\" referrerpolicy=\"strict-origin-when-cross-origin\" allowfullscreen><\/iframe>\n<\/div><\/figure>","protected":false},"excerpt":{"rendered":"<p>Puissant projecteur \u00e0 t\u00eate mobile 7x60W RGBW LED Bee Eye avec zoom 7-45\u00b0, effet de filament Aura, \u00e9tanch\u00e9it\u00e9 IP65 et contr\u00f4le DMX\/RDM\/Art-Net - parfait pour les sc\u00e8nes ext\u00e9rieures, les \u00e9v\u00e9nements et les tourn\u00e9es.<\/p>","protected":false},"featured_media":13217,"comment_status":"open","ping_status":"closed","template":"","meta":{"_acf_changed":false,"_seopress_robots_primary_cat":"none","_seopress_titles_title":"7x60W Led Bee Eye Moving Head Wash Zoom IP65 Waterproof","_seopress_titles_desc":"IP65-rated 7x60W LED Bee Eye moving head wash light with zoom, RGBW color mixing, Aura pixel effect, DMX\/Art-Net control, ideal for outdoor stage and event lighting.","_seopress_robots_index":""},"product_brand":[],"product_cat":[28,403],"product_tag":[281,280,279,274,268,276,277,278,275],"class_list":{"0":"post-12232","1":"product","2":"type-product","3":"status-publish","4":"has-post-thumbnail","6":"product_cat-led-wash-moving-head","7":"product_cat-product","8":"product_tag-art-net-lighting","9":"product_tag-bee-eye-moving-light","10":"product_tag-dmx-moving-head","11":"product_tag-ip65-moving-head","12":"product_tag-moving-head-wash","13":"product_tag-outdoor-wash-light","14":"product_tag-pixel-aura-light","15":"product_tag-rgbw-led-zoom-light","16":"product_tag-waterproof-stage-lighting","18":"first","19":"instock","20":"shipping-taxable","21":"product-type-simple"},"acf":[],"_links":{"self":[{"href":"https:\/\/aolait.com\/fr\/wp-json\/wp\/v2\/product\/12232","targetHints":{"allow":["GET"]}}],"collection":[{"href":"https:\/\/aolait.com\/fr\/wp-json\/wp\/v2\/product"}],"about":[{"href":"https:\/\/aolait.com\/fr\/wp-json\/wp\/v2\/types\/product"}],"replies":[{"embeddable":true,"href":"https:\/\/aolait.com\/fr\/wp-json\/wp\/v2\/comments?post=12232"}],"wp:featuredmedia":[{"embeddable":true,"href":"https:\/\/aolait.com\/fr\/wp-json\/wp\/v2\/media\/13217"}],"wp:attachment":[{"href":"https:\/\/aolait.com\/fr\/wp-json\/wp\/v2\/media?parent=12232"}],"wp:term":[{"taxonomy":"product_brand","embeddable":true,"href":"https:\/\/aolait.com\/fr\/wp-json\/wp\/v2\/product_brand?post=12232"},{"taxonomy":"product_cat","embeddable":true,"href":"https:\/\/aolait.com\/fr\/wp-json\/wp\/v2\/product_cat?post=12232"},{"taxonomy":"product_tag","embeddable":true,"href":"https:\/\/aolait.com\/fr\/wp-json\/wp\/v2\/product_tag?post=12232"}],"curies":[{"name":"wp","href":"https:\/\/api.w.org\/{rel}","templated":true}]}}