{"id":12443,"date":"2025-05-09T12:33:40","date_gmt":"2025-05-09T04:33:40","guid":{"rendered":"https:\/\/aolait.com\/?post_type=product&#038;p=12443"},"modified":"2025-10-21T19:03:56","modified_gmt":"2025-10-21T11:03:56","slug":"550w-beam-spot-wash-cmy-moving-head","status":"publish","type":"product","link":"https:\/\/aolait.com\/fr\/produit\/550w-beam-spot-wash-cmy-moving-head\/","title":{"rendered":"550W Beam Spot Wash CMY T\u00eate mobile"},"content":{"rendered":"<figure class=\"wp-block-embed is-type-video is-provider-youtube wp-block-embed-youtube wp-embed-aspect-16-9 wp-has-aspect-ratio\"><div class=\"wp-block-embed__wrapper\">\n<iframe title=\"AL550RX 550W Beam spot wash cmy\" width=\"800\" height=\"450\" src=\"https:\/\/www.youtube.com\/embed\/PdEWcDeYgtk?feature=oembed\" frameborder=\"0\" allow=\"accelerometer; autoplay; clipboard-write; encrypted-media; gyroscope; picture-in-picture; web-share\" referrerpolicy=\"strict-origin-when-cross-origin\" allowfullscreen><\/iframe>\n<\/div><\/figure>\n\n\n\n<p><\/p>","protected":false},"excerpt":{"rendered":"<p>La t\u00eate mobile AL550RX 550W Beam Spot Wash est \u00e9quip\u00e9e d'une lampe PHILIPS 480W, d'un m\u00e9lange CMY, de 2 roues \u00e0 prisme et d'une plage de zoom compl\u00e8te. Con\u00e7ue pour les sc\u00e8nes haut de gamme et les tourn\u00e9es. \u00a0<\/p>","protected":false},"featured_media":13385,"comment_status":"open","ping_status":"closed","template":"","meta":{"_acf_changed":false,"_seopress_robots_primary_cat":"none","_seopress_titles_title":"550W Beam Spot Wash Moving Head | AL550RX with CMY & Dual Prisms","_seopress_titles_desc":"AL550RX 550W Beam Spot Wash CMY Moving Head features PHILIPS 480W lamp, dual rotating prisms, CMY color mixing, and zoom from 1.6\u00b0 to 44\u00b0. Ideal for concerts, events, and theaters.","_seopress_robots_index":""},"product_brand":[],"product_cat":[26,403],"product_tag":[381,378,379,380,377,79],"class_list":{"0":"post-12443","1":"product","2":"type-product","3":"status-publish","4":"has-post-thumbnail","6":"product_cat-lamp-moving-head","7":"product_cat-product","8":"product_tag-550w-moving-head","9":"product_tag-al550rx","10":"product_tag-beam-spot-wash-light","11":"product_tag-cmy-hybrid-light","12":"product_tag-prism-moving-head","13":"product_tag-stage-lighting","15":"first","16":"instock","17":"shipping-taxable","18":"product-type-simple"},"acf":[],"_links":{"self":[{"href":"https:\/\/aolait.com\/fr\/wp-json\/wp\/v2\/product\/12443","targetHints":{"allow":["GET"]}}],"collection":[{"href":"https:\/\/aolait.com\/fr\/wp-json\/wp\/v2\/product"}],"about":[{"href":"https:\/\/aolait.com\/fr\/wp-json\/wp\/v2\/types\/product"}],"replies":[{"embeddable":true,"href":"https:\/\/aolait.com\/fr\/wp-json\/wp\/v2\/comments?post=12443"}],"wp:featuredmedia":[{"embeddable":true,"href":"https:\/\/aolait.com\/fr\/wp-json\/wp\/v2\/media\/13385"}],"wp:attachment":[{"href":"https:\/\/aolait.com\/fr\/wp-json\/wp\/v2\/media?parent=12443"}],"wp:term":[{"taxonomy":"product_brand","embeddable":true,"href":"https:\/\/aolait.com\/fr\/wp-json\/wp\/v2\/product_brand?post=12443"},{"taxonomy":"product_cat","embeddable":true,"href":"https:\/\/aolait.com\/fr\/wp-json\/wp\/v2\/product_cat?post=12443"},{"taxonomy":"product_tag","embeddable":true,"href":"https:\/\/aolait.com\/fr\/wp-json\/wp\/v2\/product_tag?post=12443"}],"curies":[{"name":"wp","href":"https:\/\/api.w.org\/{rel}","templated":true}]}}