{"id":12558,"date":"2025-05-15T10:32:48","date_gmt":"2025-05-15T02:32:48","guid":{"rendered":"https:\/\/aolait.com\/?post_type=product&#038;p=12558"},"modified":"2025-10-21T19:03:56","modified_gmt":"2025-10-21T11:03:56","slug":"9x40w-led-moving-bar-infinite-rotation","status":"publish","type":"product","link":"https:\/\/aolait.com\/fr\/produit\/barre-lumineuse-9x40w-a-rotation-infinie\/","title":{"rendered":"Barre mobile \u00e0 diodes \u00e9lectroluminescentes 9x40W \u00e0 rotation infinie"},"content":{"rendered":"<p>Barre mobile \u00e0 diodes \u00e9lectroluminescentes 9x40W \u00e0 rotation infinie<\/p>\n\n\n\n<p>Light Source: 9x40W RGBW4 in1+54&#215;0.5W RGB+54x1W CW led+54x1WWw Led<\/p>\n\n\n\n<p>Mouvement : Pan Rotation infinie\/Tilt202\u00b0<\/p>\n\n\n\n<p>Angle de zoom : 2,8-31 degr\u00e9s<\/p>\n\n\n\n<p>Mode canal : CH19\/24\/29\/38\/61\/65<\/p>\n\n\n\n<p>Taille : 60x27x32.8cm\/15.2kgs<\/p>","protected":false},"excerpt":{"rendered":"<p>Am\u00e9liorez votre \u00e9clairage avec le\u00a0<strong>Barre mobile \u00e0 LED 9x40W<\/strong>! Composition\u00a0<strong>rotation infinie sur 360<\/strong> de panoramique, une luminosit\u00e9 puissante et des effets dynamiques, parfaits pour les sc\u00e8nes, les clubs, les mariages et les \u00e9v\u00e9nements. Des performances de qualit\u00e9 professionnelle dans un design compact.<\/p>","protected":false},"featured_media":12577,"comment_status":"open","ping_status":"closed","template":"","meta":{"_acf_changed":false,"_seopress_robots_primary_cat":"none","_seopress_titles_title":"9x40W Led Moving Bar Infinite Rotation","_seopress_titles_desc":"","_seopress_robots_index":""},"product_brand":[],"product_cat":[28,403],"product_tag":[],"class_list":{"0":"post-12558","1":"product","2":"type-product","3":"status-publish","4":"has-post-thumbnail","6":"product_cat-led-wash-moving-head","7":"product_cat-product","9":"first","10":"instock","11":"shipping-taxable","12":"product-type-simple"},"acf":[],"_links":{"self":[{"href":"https:\/\/aolait.com\/fr\/wp-json\/wp\/v2\/product\/12558","targetHints":{"allow":["GET"]}}],"collection":[{"href":"https:\/\/aolait.com\/fr\/wp-json\/wp\/v2\/product"}],"about":[{"href":"https:\/\/aolait.com\/fr\/wp-json\/wp\/v2\/types\/product"}],"replies":[{"embeddable":true,"href":"https:\/\/aolait.com\/fr\/wp-json\/wp\/v2\/comments?post=12558"}],"wp:featuredmedia":[{"embeddable":true,"href":"https:\/\/aolait.com\/fr\/wp-json\/wp\/v2\/media\/12577"}],"wp:attachment":[{"href":"https:\/\/aolait.com\/fr\/wp-json\/wp\/v2\/media?parent=12558"}],"wp:term":[{"taxonomy":"product_brand","embeddable":true,"href":"https:\/\/aolait.com\/fr\/wp-json\/wp\/v2\/product_brand?post=12558"},{"taxonomy":"product_cat","embeddable":true,"href":"https:\/\/aolait.com\/fr\/wp-json\/wp\/v2\/product_cat?post=12558"},{"taxonomy":"product_tag","embeddable":true,"href":"https:\/\/aolait.com\/fr\/wp-json\/wp\/v2\/product_tag?post=12558"}],"curies":[{"name":"wp","href":"https:\/\/api.w.org\/{rel}","templated":true}]}}