{"id":1258,"date":"2020-11-05T11:36:24","date_gmt":"2020-11-05T03:36:24","guid":{"rendered":"https:\/\/aolait.com\/?post_type=product&#038;p=1258"},"modified":"2025-10-21T19:04:00","modified_gmt":"2025-10-21T11:04:00","slug":"24x12w-led-par-indoor","status":"publish","type":"product","link":"https:\/\/aolait.com\/fr\/produit\/24x12w-led-par-indoor\/","title":{"rendered":"24x12W Led Par Indoor"},"content":{"rendered":"<p>Tension : AC100-240V 50\/60Hz<\/p>\n<p>Puissance : 200W<\/p>\n<p>Source lumineuse : 24PCS 10W LED RGBW 4 en 1 (Option 5 en 1\/ 6 en 1)<\/p>\n<p>Dur\u00e9e de vie : 6000-10000 heures<\/p>\n<p>Couleur : RGBW mixte (RGBWA ou RGBWA+UV) en option<\/p>\n<p>Angle du faisceau :<\/p>\n<p>Mode de contr\u00f4le : Standard DMX 512\/master-salve\/auto<\/p>\n<p>Refroidissement : Refroidissement par ventilateur<\/p>\n<p>Protection thermique<\/p>\n<p>Mat\u00e9riau : Alliage d'aluminium<\/p>\n<p>Connexions : XLR \u00e0 3 broches<\/p>\n<p>Temp\u00e9rature de fonctionnement : -20\u2103-40\u2103<\/p>\n<p>Caract\u00e9ristiques : Haute luminosit\u00e9, longue dur\u00e9e de vie de la source lumineuse, haute performance en mati\u00e8re de s\u00e9curit\u00e9<\/p>\n<p>Classe IP : IP20<\/p>\n<p>Taille : 330*300*240 mm<\/p>\n<p>Poids net : 3,5 KG<\/p>\n<p><iframe src=\"https:\/\/www.youtube.com\/embed\/FT6AiBgAbI0\" width=\"560\" height=\"315\" frameborder=\"0\" allowfullscreen=\"allowfullscreen\"><\/iframe><\/p>","protected":false},"excerpt":{"rendered":"<p>AL1024P Il s'agit d'une lampe parabolique \u00e0 LED de type int\u00e9rieur avec un corps l\u00e9ger.<\/p>\n<p>Convient pour les spectacles en salle, les bars, les clubs, etc.<\/p>\n<p>4IN1 RGBW, 5IN1 RGBWA, 6IN1 RGBWA+UV en option<\/p>","protected":false},"featured_media":11965,"comment_status":"open","ping_status":"closed","template":"","meta":{"_acf_changed":false,"_seopress_robots_primary_cat":"none","_seopress_titles_title":"","_seopress_titles_desc":"","_seopress_robots_index":""},"product_brand":[],"product_cat":[35,403],"product_tag":[125,76,128,122],"class_list":{"0":"post-1258","1":"product","2":"type-product","3":"status-publish","4":"has-post-thumbnail","6":"product_cat-led-par-light","7":"product_cat-product","8":"product_tag-24x12w-15w-18w-led-par","9":"product_tag-disco-lighting","10":"product_tag-led-par-indoor","11":"product_tag-rgbw-led-par","13":"first","14":"instock","15":"shipping-taxable","16":"product-type-simple"},"acf":[],"_links":{"self":[{"href":"https:\/\/aolait.com\/fr\/wp-json\/wp\/v2\/product\/1258","targetHints":{"allow":["GET"]}}],"collection":[{"href":"https:\/\/aolait.com\/fr\/wp-json\/wp\/v2\/product"}],"about":[{"href":"https:\/\/aolait.com\/fr\/wp-json\/wp\/v2\/types\/product"}],"replies":[{"embeddable":true,"href":"https:\/\/aolait.com\/fr\/wp-json\/wp\/v2\/comments?post=1258"}],"wp:featuredmedia":[{"embeddable":true,"href":"https:\/\/aolait.com\/fr\/wp-json\/wp\/v2\/media\/11965"}],"wp:attachment":[{"href":"https:\/\/aolait.com\/fr\/wp-json\/wp\/v2\/media?parent=1258"}],"wp:term":[{"taxonomy":"product_brand","embeddable":true,"href":"https:\/\/aolait.com\/fr\/wp-json\/wp\/v2\/product_brand?post=1258"},{"taxonomy":"product_cat","embeddable":true,"href":"https:\/\/aolait.com\/fr\/wp-json\/wp\/v2\/product_cat?post=1258"},{"taxonomy":"product_tag","embeddable":true,"href":"https:\/\/aolait.com\/fr\/wp-json\/wp\/v2\/product_tag?post=1258"}],"curies":[{"name":"wp","href":"https:\/\/api.w.org\/{rel}","templated":true}]}}